{"id":34190,"date":"2023-12-22T15:03:13","date_gmt":"2023-12-22T15:03:13","guid":{"rendered":"https:\/\/e.kosmolat.eu\/product\/sl-kremveida-dusas-zeleja-roza-noskanojums-445-ml\/"},"modified":"2025-09-19T18:07:32","modified_gmt":"2025-09-19T18:07:32","slug":"sl-kremveida-dusas-zeleja-roza-noskanojums-445-ml","status":"publish","type":"product","link":"https:\/\/e.kosmolat.eu\/lt\/produktas\/sl-kremveida-dusas-zeleja-roza-noskanojums-445-ml\/","title":{"rendered":"SECRET LIFE Du\u0161o kremas-gelis &#8220;Ro\u017ein\u0117 nuotaika&#8221;,445ml"},"content":{"rendered":"<p>Du\u0161o kremas-gelis su puikiu aromatu angli\u0161kos ro\u017e\u0117s, kuris apr\u016bpina romantin\u0119 nuotaik\u0105 visai dienai. Pasifloros ekstraktas puikiai saugo od\u0105 nuo sausumo, neleid\u017eia atsirasti \u0161erp\u0117tojimui. Aromatin\u0117 SPA-proced\u016bra kiekvien\u0105 dien\u0105, Jums panor\u0117jus.<br \/>\nNaudojimo b\u016bdas:tepkite gel\u012f ant dr\u0117gnos k\u016bno odos masa\u017euojamaisiais judesiais. Nuplaukite \u0161iltu vandeniu.<\/p>\n","protected":false},"excerpt":{"rendered":"<p>Du\u0161o kremas-gelis su puikiu aromatu angli\u0161kos ro\u017e\u0117s, kuris apr\u016bpina romantin\u0119 nuotaik\u0105 visai dienai. Pasifloros ekstraktas puikiai saugo od\u0105 nuo sausumo, neleid\u017eia atsirasti \u0161erp\u0117tojimui. Aromatin\u0117 SPA-proced\u016bra kiekvien\u0105 dien\u0105, Jums panor\u0117jus. Naudojimo b\u016bdas:tepkite gel\u012f ant dr\u0117gnos k\u016bno odos masa\u017euojamaisiais judesiais. Nuplaukite \u0161iltu vandeniu.<\/p>\n","protected":false},"featured_media":81474,"template":"","meta":[],"product_cat":[1282],"product_tag":[],"class_list":{"0":"post-34190","1":"product","2":"type-product","3":"status-publish","4":"has-post-thumbnail","6":"product_brand-matbea_sivis_by-lt","7":"product_cat-duso-geliai-ir-duso-aliejai","9":"first","10":"outofstock","11":"taxable","12":"shipping-taxable","13":"product-type-simple"},"_links":{"self":[{"href":"https:\/\/e.kosmolat.eu\/lt\/wp-json\/wp\/v2\/product\/34190","targetHints":{"allow":["GET"]}}],"collection":[{"href":"https:\/\/e.kosmolat.eu\/lt\/wp-json\/wp\/v2\/product"}],"about":[{"href":"https:\/\/e.kosmolat.eu\/lt\/wp-json\/wp\/v2\/types\/product"}],"wp:featuredmedia":[{"embeddable":true,"href":"https:\/\/e.kosmolat.eu\/lt\/wp-json\/wp\/v2\/media\/81474"}],"wp:attachment":[{"href":"https:\/\/e.kosmolat.eu\/lt\/wp-json\/wp\/v2\/media?parent=34190"}],"wp:term":[{"taxonomy":"product_cat","embeddable":true,"href":"https:\/\/e.kosmolat.eu\/lt\/wp-json\/wp\/v2\/product_cat?post=34190"},{"taxonomy":"product_tag","embeddable":true,"href":"https:\/\/e.kosmolat.eu\/lt\/wp-json\/wp\/v2\/product_tag?post=34190"}],"curies":[{"name":"wp","href":"https:\/\/api.w.org\/{rel}","templated":true}]}}