{"id":34174,"date":"2023-12-22T15:01:47","date_gmt":"2023-12-22T15:01:47","guid":{"rendered":"https:\/\/e.kosmolat.eu\/product\/vc-skidras-ziepes-tiare-ziedi-un-karambola-doy-pack-500-ml\/"},"modified":"2025-09-19T18:03:17","modified_gmt":"2025-09-19T18:03:17","slug":"i_vc-skidras-ziepes-tiare-ziedi-un-karambola-doy-pack-500-ml","status":"publish","type":"product","link":"https:\/\/e.kosmolat.eu\/lt\/produktas\/i_vc-skidras-ziepes-tiare-ziedi-un-karambola-doy-pack-500-ml\/","title":{"rendered":"I_VITAL CHARM Skystas muilas Tiara g\u0117l\u0117s ir karambolos , 500 ml"},"content":{"rendered":"<p>Nepriekai&scaron;tingos odos paslaptis &ndash; &scaron;velnus valymas, prie\u017ei\u016bra ir dr\u0117kinimas, kur\u012f suteikia VITAL CHARM skystas muilas. Muilo sud\u0117tyje yra nat\u016brali\u0173 ingredient\u0173: argan\u0173 aliejaus, vanil\u0117s ekstrakto, pieno baltym\u0173 ir ingredient\u0173 i&scaron; kokos\u0173 ir palmi\u0173 aliej\u0173. Argan\u0173 aliejus apsaugo od\u0105 nuo i&scaron;saus\u0117jimo, apsaugo j\u0105 nuo skilin\u0117jimo, pa&scaron;alina &scaron;erpetojimo ir tempimo jausm\u0105, taip pat dr\u0117kina ir prisotina od\u0105 b\u016btinomis maistin\u0117mis med\u017eiagomis. Vanil\u0117s ekstraktas puikiai veikia bet kokio tipo od\u0105 ir pasi\u017eymi antioksidaciniu aktyvumu. Pieno baltymai dr\u0117kina ir mink&scaron;tina od\u0105.<\/p>\n<p><strong>Naudojimas:<\/strong> u\u017etepkite kelis la&scaron;us skysto muilo ant dr\u0117gnos odos, suputokite, tada nuplaukite vandeniu.<\/p>\n<p>Laikyti nuo +5 C iki +25 C temperat\u016broje.<\/p>\n<p><strong>Atsargumo priemon\u0117s:<\/strong> naudoti kaip nurodyta. Laikyti vaikams nepasiekiamoje vietoje.<br \/>\n&nbsp;<\/p>\n","protected":false},"excerpt":{"rendered":"<p>Nepriekai&scaron;tingos odos paslaptis &ndash; &scaron;velnus valymas, prie\u017ei\u016bra ir dr\u0117kinimas, kur\u012f suteikia VITAL CHARM skystas muilas. Muilo sud\u0117tyje yra nat\u016brali\u0173 ingredient\u0173: argan\u0173 aliejaus, vanil\u0117s ekstrakto, pieno baltym\u0173 ir ingredient\u0173 i&scaron; kokos\u0173 ir palmi\u0173 aliej\u0173. Argan\u0173 aliejus apsaugo od\u0105 nuo i&scaron;saus\u0117jimo, apsaugo j\u0105 nuo skilin\u0117jimo, pa&scaron;alina &scaron;erpetojimo ir tempimo jausm\u0105, taip pat dr\u0117kina ir prisotina od\u0105 b\u016btinomis [&#8230;]\n","protected":false},"featured_media":81398,"template":"","meta":[],"product_cat":[1748],"product_tag":[],"class_list":{"0":"post-34174","1":"product","2":"type-product","3":"status-publish","4":"has-post-thumbnail","6":"product_brand-aqua-cosmetics_ua-lt","7":"product_cat-skystas-muilas","9":"first","10":"outofstock","11":"taxable","12":"shipping-taxable","13":"product-type-simple"},"_links":{"self":[{"href":"https:\/\/e.kosmolat.eu\/lt\/wp-json\/wp\/v2\/product\/34174","targetHints":{"allow":["GET"]}}],"collection":[{"href":"https:\/\/e.kosmolat.eu\/lt\/wp-json\/wp\/v2\/product"}],"about":[{"href":"https:\/\/e.kosmolat.eu\/lt\/wp-json\/wp\/v2\/types\/product"}],"wp:featuredmedia":[{"embeddable":true,"href":"https:\/\/e.kosmolat.eu\/lt\/wp-json\/wp\/v2\/media\/81398"}],"wp:attachment":[{"href":"https:\/\/e.kosmolat.eu\/lt\/wp-json\/wp\/v2\/media?parent=34174"}],"wp:term":[{"taxonomy":"product_cat","embeddable":true,"href":"https:\/\/e.kosmolat.eu\/lt\/wp-json\/wp\/v2\/product_cat?post=34174"},{"taxonomy":"product_tag","embeddable":true,"href":"https:\/\/e.kosmolat.eu\/lt\/wp-json\/wp\/v2\/product_tag?post=34174"}],"curies":[{"name":"wp","href":"https:\/\/api.w.org\/{rel}","templated":true}]}}