{"id":34162,"date":"2023-12-22T15:00:35","date_gmt":"2023-12-22T15:00:35","guid":{"rendered":"https:\/\/e.kosmolat.eu\/product\/cz-micelarais-udens-sejai-lupam-acu-plakstiniem-750-ml\/"},"modified":"2025-09-19T17:18:14","modified_gmt":"2025-09-19T17:18:14","slug":"cz-micelarais-udens-sejai-lupam-acu-plakstiniem-750-ml","status":"publish","type":"product","link":"https:\/\/e.kosmolat.eu\/lt\/produktas\/cz-micelarais-udens-sejai-lupam-acu-plakstiniem-750-ml\/","title":{"rendered":"\u010cIORNYJ \u017dEM\u010cIUG Micelinis vanduo veido, vok\u0173 ir lup\u0173 prie\u017ei\u016brai, 750 ml"},"content":{"rendered":"<p>Tinka sausai ir jautriai odai. &Scaron;alina makia\u017e\u0105 vienu judesiu, ramina ir r\u016bpinasi jau nuo pirm\u0173j\u0173 sekund\u017ei\u0173. Aki\u0173 gleivin\u0117s komfortas. Skystas kolagenas, kamelijos, hialiuronas. Valymas + prie\u017ei\u016bra- tai naujas valymo standartas. Unikali technologija: formul\u0117 su 20% aktyvaus serumo dr\u0117kina, maitina, stangrina od\u0105 jau valymo etape.<\/p>\n<p><strong>Naudojimas:<\/strong> vatos disk\u0105 d\u0117kite ant dozatoriaus , 1-2 kartus paspauskite, kad sudr\u0117kt\u0173. Sudr\u0117kintu diskeliu masa\u017einiais judesiais valykite veido ir l\u016bp\u0173 od\u0105. Makia\u017eo nu\u0117mimui nuo vok\u0173 , u\u017emerkus akis, prid\u0117kite diskel\u012f kelioms sekund\u0117ms prie vok\u0173 ir blakstien\u0173, tada be trynimo nuvalykite makia\u017e\u0105, venkite patekimo \u012f akis.<\/p>\n<p>&nbsp;<\/p>\n","protected":false},"excerpt":{"rendered":"<p>Tinka sausai ir jautriai odai. &Scaron;alina makia\u017e\u0105 vienu judesiu, ramina ir r\u016bpinasi jau nuo pirm\u0173j\u0173 sekund\u017ei\u0173. Aki\u0173 gleivin\u0117s komfortas. Skystas kolagenas, kamelijos, hialiuronas. Valymas + prie\u017ei\u016bra- tai naujas valymo standartas. Unikali technologija: formul\u0117 su 20% aktyvaus serumo dr\u0117kina, maitina, stangrina od\u0105 jau valymo etape. Naudojimas: vatos disk\u0105 d\u0117kite ant dozatoriaus , 1-2 kartus paspauskite, kad [&#8230;]\n","protected":false},"featured_media":80666,"template":"","meta":[],"product_cat":[1570],"product_tag":[],"class_list":{"0":"post-34162","1":"product","2":"type-product","3":"status-publish","4":"has-post-thumbnail","6":"product_brand-unilever-rus-lt","7":"product_cat-micelinis-vanduo","9":"first","10":"outofstock","11":"taxable","12":"shipping-taxable","13":"product-type-simple"},"_links":{"self":[{"href":"https:\/\/e.kosmolat.eu\/lt\/wp-json\/wp\/v2\/product\/34162","targetHints":{"allow":["GET"]}}],"collection":[{"href":"https:\/\/e.kosmolat.eu\/lt\/wp-json\/wp\/v2\/product"}],"about":[{"href":"https:\/\/e.kosmolat.eu\/lt\/wp-json\/wp\/v2\/types\/product"}],"wp:featuredmedia":[{"embeddable":true,"href":"https:\/\/e.kosmolat.eu\/lt\/wp-json\/wp\/v2\/media\/80666"}],"wp:attachment":[{"href":"https:\/\/e.kosmolat.eu\/lt\/wp-json\/wp\/v2\/media?parent=34162"}],"wp:term":[{"taxonomy":"product_cat","embeddable":true,"href":"https:\/\/e.kosmolat.eu\/lt\/wp-json\/wp\/v2\/product_cat?post=34162"},{"taxonomy":"product_tag","embeddable":true,"href":"https:\/\/e.kosmolat.eu\/lt\/wp-json\/wp\/v2\/product_tag?post=34162"}],"curies":[{"name":"wp","href":"https:\/\/api.w.org\/{rel}","templated":true}]}}