{"id":34158,"date":"2023-12-22T15:00:09","date_gmt":"2023-12-22T15:00:09","guid":{"rendered":"https:\/\/e.kosmolat.eu\/product\/dry-day-vienreizejie-higieniskie-palagi-6060-5-gab\/"},"modified":"2025-09-19T18:01:17","modified_gmt":"2025-09-19T18:01:17","slug":"dry-day-vienreizejie-higieniskie-palagi-6060-5-gab","status":"publish","type":"product","link":"https:\/\/e.kosmolat.eu\/lt\/produktas\/dry-day-vienreizejie-higieniskie-palagi-6060-5-gab\/","title":{"rendered":"MODUM Dry Day Vienkartiniai higieniniai, dr\u0117gm\u0119 sugeriantys paklotai, 60&#215;60, 5 vnt."},"content":{"rendered":"<p>\nHigienin\u0117s sauskeln\u0117s. Vienkartin\u0117s.&nbsp;Skyst\u012f paver\u010dia geliu.&nbsp;Blokuoja blog\u0105 kvap\u0105.&nbsp;Mink&scaron;tas vir&scaron;utinis sluoksnis.&nbsp;Kv\u0117puojantis apatinis sluoksnis.&nbsp;Greitai sugeria dr\u0117gm\u0119.&nbsp;100% nat\u016brali celiulioz\u0117.<\/p>\n<p><strong>Sud\u0117tis:<\/strong> hidrofilinis neaustinis audinys, superabsorbentas (SAP) (SAP p\u016bk\u0173 mas\u0117, pagrindo popierius. Polietilenas, klijai.<br \/>\nPagrindin\u0117s savyb\u0117s.<\/p>\n<p>Dry Day sugerian\u010dios higienin\u0117s vienkartin\u0117s sauskeln\u0117s skirtos papildomai patalyn\u0117s, lov\u0173 ir kit\u0173 pavir&scaron;i\u0173 apsaugai, taip pat kei\u010diant sauskelnes ir atliekant higienos proced\u016bras. Vir&scaron;utinis sauskelni\u0173 sluoksnis, tiesiogiai besilie\u010diantis su k\u016bnu, pagamintas i&scaron; mink&scaron;tos, hidrofilin\u0117s neaustin\u0117s med\u017eiagos, leid\u017eian\u010dios i&scaron;laikyti od\u0105 saus\u0105 ir &scaron;vari\u0105. Vidin\u012f sugeriant\u012f sluoksn\u012f sudaro 100% be chloro balintos mas\u0117s ir superabsorbento (SAP), kuris skyst\u012f paver\u010dia geliu. Apatinis izoliacinis sluoksnis pagamintas i&scaron; patvaraus kv\u0117puojan\u010dio polietileno, kuris u\u017etikrina patikim\u0105 apsaug\u0105 nuo pratek\u0117jimo ir leid\u017eia odai kv\u0117puoti. Dry Day sauskeln\u0117s neslysta ir i&scaron;laiko form\u0105 naudojant.<\/p>\n<p><strong>Naudojimo instrukcija:<\/strong> i&scaron;skleiskite vystykl\u0105, pad\u0117kite ant mink&scaron;tos sugerian\u010dios pus\u0117s \u012f vir&scaron;\u0173, polietileno puse \u017eemyn. Vienkartinis produktas.<\/p>\n<p><strong>Atsargiai:<\/strong> nepa\u017eeiskite gaminio pavir&scaron;iaus, kad i&scaron;vengtum\u0117te celiulioz\u0117s ir superabsorbento i&scaron;siskyrimo. Nenaudokite sauskelni\u0173 tiesioginiam s\u0105ly\u010diui su pa\u017eeista oda.<\/p>\n<p><strong>Laikymo s\u0105lygos: <\/strong>laikyti sausoje vietoje.<\/p>\n<p>\n&nbsp;<\/p>\n","protected":false},"excerpt":{"rendered":"<p>Higienin\u0117s sauskeln\u0117s. Vienkartin\u0117s.&nbsp;Skyst\u012f paver\u010dia geliu.&nbsp;Blokuoja blog\u0105 kvap\u0105.&nbsp;Mink&scaron;tas vir&scaron;utinis sluoksnis.&nbsp;Kv\u0117puojantis apatinis sluoksnis.&nbsp;Greitai sugeria dr\u0117gm\u0119.&nbsp;100% nat\u016brali celiulioz\u0117. Sud\u0117tis: hidrofilinis neaustinis audinys, superabsorbentas (SAP) (SAP p\u016bk\u0173 mas\u0117, pagrindo popierius. Polietilenas, klijai. Pagrindin\u0117s savyb\u0117s. Dry Day sugerian\u010dios higienin\u0117s vienkartin\u0117s sauskeln\u0117s skirtos papildomai patalyn\u0117s, lov\u0173 ir kit\u0173 pavir&scaron;i\u0173 apsaugai, taip pat kei\u010diant sauskelnes ir atliekant higienos proced\u016bras. Vir&scaron;utinis sauskelni\u0173 sluoksnis, [&#8230;]\n","protected":false},"featured_media":81362,"template":"","meta":[],"product_cat":[1812],"product_tag":[],"class_list":{"0":"post-34158","1":"product","2":"type-product","3":"status-publish","4":"has-post-thumbnail","6":"product_brand-modum_by-lt","7":"product_cat-vatos-produktai","9":"first","10":"outofstock","11":"taxable","12":"shipping-taxable","13":"product-type-simple"},"_links":{"self":[{"href":"https:\/\/e.kosmolat.eu\/lt\/wp-json\/wp\/v2\/product\/34158","targetHints":{"allow":["GET"]}}],"collection":[{"href":"https:\/\/e.kosmolat.eu\/lt\/wp-json\/wp\/v2\/product"}],"about":[{"href":"https:\/\/e.kosmolat.eu\/lt\/wp-json\/wp\/v2\/types\/product"}],"wp:featuredmedia":[{"embeddable":true,"href":"https:\/\/e.kosmolat.eu\/lt\/wp-json\/wp\/v2\/media\/81362"}],"wp:attachment":[{"href":"https:\/\/e.kosmolat.eu\/lt\/wp-json\/wp\/v2\/media?parent=34158"}],"wp:term":[{"taxonomy":"product_cat","embeddable":true,"href":"https:\/\/e.kosmolat.eu\/lt\/wp-json\/wp\/v2\/product_cat?post=34158"},{"taxonomy":"product_tag","embeddable":true,"href":"https:\/\/e.kosmolat.eu\/lt\/wp-json\/wp\/v2\/product_tag?post=34158"}],"curies":[{"name":"wp","href":"https:\/\/api.w.org\/{rel}","templated":true}]}}