{"id":34129,"date":"2023-12-21T19:41:31","date_gmt":"2023-12-21T19:41:31","guid":{"rendered":"https:\/\/e.kosmolat.eu\/product\/vienr-higien-palagi-0-super-60x40-5gab\/"},"modified":"2025-09-19T23:36:47","modified_gmt":"2025-09-19T23:36:47","slug":"i_vienr-higien-palagi-0-super-60x40-5gab","status":"publish","type":"product","link":"https:\/\/e.kosmolat.eu\/lt\/produktas\/i_vienr-higien-palagi-0-super-60x40-5gab\/","title":{"rendered":"MODUM Higienin\u0117s sauskeln\u0117s Dry Day vaikams 0+Vienkartin\u0117s higienin\u0117s sugerian\u010dios sauskeln\u0117s 60 x 4"},"content":{"rendered":"<p>Skyst\u012f paver\u010dia geliu<br \/>\nPatogumas nuo pirmos dienos<br \/>\nPatikima apsauga nuo nuot\u0117kio<br \/>\nLaikykite od\u0105 saus\u0105<br \/>\nBlokuoja blog\u0105 kvap\u0105<br \/>\nMink\u0161tas vir\u0161utinis sluoksnis<br \/>\nKv\u0117puojantis apatinis sluoksnis<br \/>\nGreitai sugeria dr\u0117gm\u0119<br \/>\n100% nat\u016brali celiulioz\u0117<br \/>\nSud\u0117tis: hidrofilinis neaustinis audinys, superabsorbcin\u0117 (SAP) p\u016bk\u0173 mas\u0117, bazinis popierius. Polietilenas, klijai.<\/p>\n<p>Pagrindin\u0117s savyb\u0117s<br \/>\nDry Day sugerian\u010dios higienin\u0117s vienkartin\u0117s sauskeln\u0117s skirtos papildomai patalyn\u0117s, lov\u0173 ir kit\u0173 pavir\u0161i\u0173 apsaugai, taip pat kei\u010diant sauskelnes ir atliekant higienos proced\u016bras. Vir\u0161utinis sauskelni\u0173 sluoksnis, tiesiogiai besilie\u010diantis su k\u016bnu, pagamintas i\u0161 mink\u0161tos, hidrofilin\u0117s neaustin\u0117s med\u017eiagos, leid\u017eian\u010dios i\u0161laikyti od\u0105 saus\u0105 ir \u0161vari\u0105. Vidin\u012f sugeriant\u012f sluoksn\u012f sudaro 100% be chloro balintos mas\u0117s ir superabsorbento (SAP), kuris skyst\u012f paver\u010dia geliu. Apatinis izoliacinis sluoksnis pagamintas i\u0161 patvaraus kv\u0117puojan\u010dio polietileno, kuris u\u017etikrina patikim\u0105 apsaug\u0105 nuo pratek\u0117jimo ir leid\u017eia odai kv\u0117puoti. Dry Day sauskeln\u0117s neslysta ir i\u0161laiko form\u0105 naudojant<br \/>\n.<br \/>\nNaudojimo instrukcija: i\u0161skleiskite vystykl\u0105, pad\u0117kite ant mink\u0161tos sugerian\u010dios pus\u0117s \u012f vir\u0161\u0173, polietileno puse \u017eemyn. Vienkartinis produktas.<br \/>\nAtsargiai: nepa\u017eeiskite gaminio pavir\u0161iaus, kad i\u0161vengtum\u0117te celiulioz\u0117s ir superabsorbento i\u0161siskyrimo. Nenaudokite sauskelni\u0173 tiesioginiam s\u0105ly\u010diui su pa\u017eeista oda.<br \/>\nLaikymo s\u0105lygos: laikyti sausoje vietoje.<br \/>\n&nbsp;<\/p>\n","protected":false},"excerpt":{"rendered":"<p>Skyst\u012f paver\u010dia geliu Patogumas nuo pirmos dienos Patikima apsauga nuo nuot\u0117kio Laikykite od\u0105 saus\u0105 Blokuoja blog\u0105 kvap\u0105 Mink\u0161tas vir\u0161utinis sluoksnis Kv\u0117puojantis apatinis sluoksnis Greitai sugeria dr\u0117gm\u0119 100% nat\u016brali celiulioz\u0117 Sud\u0117tis: hidrofilinis neaustinis audinys, superabsorbcin\u0117 (SAP) p\u016bk\u0173 mas\u0117, bazinis popierius. Polietilenas, klijai. Pagrindin\u0117s savyb\u0117s Dry Day sugerian\u010dios higienin\u0117s vienkartin\u0117s sauskeln\u0117s skirtos papildomai patalyn\u0117s, lov\u0173 ir kit\u0173 [&#8230;]\n","protected":false},"featured_media":87218,"template":"","meta":[],"product_cat":[1363],"product_tag":[],"class_list":{"0":"post-34129","1":"product","2":"type-product","3":"status-publish","4":"has-post-thumbnail","6":"product_brand-modum_by-lt","7":"product_cat-kuno-prieziuros-kosmetika","9":"first","10":"outofstock","11":"taxable","12":"shipping-taxable","13":"product-type-simple"},"_links":{"self":[{"href":"https:\/\/e.kosmolat.eu\/lt\/wp-json\/wp\/v2\/product\/34129","targetHints":{"allow":["GET"]}}],"collection":[{"href":"https:\/\/e.kosmolat.eu\/lt\/wp-json\/wp\/v2\/product"}],"about":[{"href":"https:\/\/e.kosmolat.eu\/lt\/wp-json\/wp\/v2\/types\/product"}],"wp:featuredmedia":[{"embeddable":true,"href":"https:\/\/e.kosmolat.eu\/lt\/wp-json\/wp\/v2\/media\/87218"}],"wp:attachment":[{"href":"https:\/\/e.kosmolat.eu\/lt\/wp-json\/wp\/v2\/media?parent=34129"}],"wp:term":[{"taxonomy":"product_cat","embeddable":true,"href":"https:\/\/e.kosmolat.eu\/lt\/wp-json\/wp\/v2\/product_cat?post=34129"},{"taxonomy":"product_tag","embeddable":true,"href":"https:\/\/e.kosmolat.eu\/lt\/wp-json\/wp\/v2\/product_tag?post=34129"}],"curies":[{"name":"wp","href":"https:\/\/api.w.org\/{rel}","templated":true}]}}