{"id":34097,"date":"2023-12-21T19:37:42","date_gmt":"2023-12-21T19:37:42","guid":{"rendered":"https:\/\/e.kosmolat.eu\/product\/novita-delicate-kosmetiskie-vates-diski-100-gab\/"},"modified":"2025-09-19T17:54:04","modified_gmt":"2025-09-19T17:54:04","slug":"novita-delicate-kosmetiskie-vates-diski-100-gab","status":"publish","type":"product","link":"https:\/\/e.kosmolat.eu\/lt\/produktas\/novita-delicate-kosmetiskie-vates-diski-100-gab\/","title":{"rendered":"Novita Delicate Higieniniai vatos diskeliai, 100 vnt."},"content":{"rendered":"<p>Kosmetin\u0117 ir higienin\u0117 priemon\u0117.\n<\/p>\n<h4>\nNaudojimo b\u016bdas:\u00a0 \u00a0<\/h4>\n<p>\ni\u0161imkite vatos diskel\u012f ir naudokite pagal paskirt\u012f.<\/p>\n","protected":false},"excerpt":{"rendered":"<p>Kosmetin\u0117 ir higienin\u0117 priemon\u0117. Naudojimo b\u016bdas:\u00a0 \u00a0 i\u0161imkite vatos diskel\u012f ir naudokite pagal paskirt\u012f.<\/p>\n","protected":false},"featured_media":81230,"template":"","meta":[],"product_cat":[1812],"product_tag":[],"class_list":{"0":"post-34097","1":"product","2":"type-product","3":"status-publish","4":"has-post-thumbnail","6":"product_brand-biosphere-corporation_ua-lt","7":"product_cat-vatos-produktai","9":"first","10":"outofstock","11":"taxable","12":"shipping-taxable","13":"product-type-simple"},"_links":{"self":[{"href":"https:\/\/e.kosmolat.eu\/lt\/wp-json\/wp\/v2\/product\/34097","targetHints":{"allow":["GET"]}}],"collection":[{"href":"https:\/\/e.kosmolat.eu\/lt\/wp-json\/wp\/v2\/product"}],"about":[{"href":"https:\/\/e.kosmolat.eu\/lt\/wp-json\/wp\/v2\/types\/product"}],"wp:featuredmedia":[{"embeddable":true,"href":"https:\/\/e.kosmolat.eu\/lt\/wp-json\/wp\/v2\/media\/81230"}],"wp:attachment":[{"href":"https:\/\/e.kosmolat.eu\/lt\/wp-json\/wp\/v2\/media?parent=34097"}],"wp:term":[{"taxonomy":"product_cat","embeddable":true,"href":"https:\/\/e.kosmolat.eu\/lt\/wp-json\/wp\/v2\/product_cat?post=34097"},{"taxonomy":"product_tag","embeddable":true,"href":"https:\/\/e.kosmolat.eu\/lt\/wp-json\/wp\/v2\/product_tag?post=34097"}],"curies":[{"name":"wp","href":"https:\/\/api.w.org\/{rel}","templated":true}]}}