{"id":34085,"date":"2023-12-21T19:36:20","date_gmt":"2023-12-21T19:36:20","guid":{"rendered":"https:\/\/e.kosmolat.eu\/product\/el-skin-mitrinosa-maska-hialuronskabe-15-g\/"},"modified":"2025-09-19T17:53:33","modified_gmt":"2025-09-19T17:53:33","slug":"el-skin-mitrinosa-maska-hialuronskabe-15-g","status":"publish","type":"product","link":"https:\/\/e.kosmolat.eu\/lt\/produktas\/el-skin-mitrinosa-maska-hialuronskabe-15-g\/","title":{"rendered":"&#8220;El`Skin&#8221; Dr\u0117kinanti kauk\u0117 &#8220;Hialurono r\u016bg\u0161tis&#8221; 15ml"},"content":{"rendered":"<p>&nbsp;Kauk\u0117 skirta giliai dr\u0117kinti bet kokio tipo od\u0105, ypa\u010d rekomenduojama pri\u017ei\u016br\u0117ti i&scaron;saus\u0117jusi\u0105 spindes\u012f praradusi\u0105 od\u0105. D\u0117l puikios tekst\u016bros, kuri u\u017etikrina tvirt\u0105 prigludim\u0105, ir didel\u0117s aktyvi\u0173 komponent\u0173 koncentracijos kauk\u0117 suteikia greit\u0105, ilgalaik\u012f&nbsp;stabil\u0173&nbsp;dr\u0117kinam\u0105j\u012f, padidina l\u0105steli\u0173 apsaugin\u012f potencial\u0105 ir atkuriamas nat\u016bralus odos dr\u0117kinimas. Hialurono r\u016bg&scaron;tis padeda efektyviai atkurti epidermio hidrobalans\u0105, gerina odos turgor\u0105 ir elastingum\u0105, gerina jos tonus\u0105, koreguoja su am\u017eiumi susijusius veido odos poky\u010dius<\/p>\n<p>.Naudojimas: Prie&scaron; naudojim\u0105 kauk\u0119 galima atv\u0117sinti palaikius &scaron;aldytuve bent dvi valandas arba pa&scaron;ildyti \u012fd\u0117jus pakuot\u0119 \u012f &scaron;ilt\u0105 vanden\u012f. Abiem atvejais kauk\u0117s poveikis padid\u0117s. 1. Atidarykite pakuot\u0119 ir i&scaron;imkite kauk\u0119. 2. &Scaron;velniai paskirstykite ant veido ir pir&scaron;t\u0173 galiukais i&scaron;tiesinkite, palikite 15-20 min. 3. Tada nuimkite kauk\u0119, o likusi\u0105 dal\u012f &scaron;velniai \u012fmasa\u017euokite glostymo judesiais arba atlikite lengv\u0105 masa\u017e\u0105. Nenuplaukite. *Kauk\u0119 naudokite 2-3 kartus per savait\u0119 arba prie&scaron; i&scaron;eidami i&scaron; nam\u0173.<\/p>\n<p>Atsargumo priemon\u0117s: 1. Venkite naudoti ant pa\u017eeistos, sudirgusios ar saul\u0117s nudegusios odos. 2. Nenaudokite produkto, jei esate jautrus kuriam nors i&scaron; kompozicijos komponent\u0173. Jei naudojimo metu atsiranda odos paraudimas ar sudirginimas, nutraukite naudojim\u0105 ir kreipkit\u0117s \u012f gydytoj\u0105. 3. Venkite patekimo \u012f akis. Patekus \u012f akis, praplauti vandeniu. 4. Venkite naudoti ant odos, kuri yra jautri tvars\u010diams, tvars\u010diams ir lipnioms kauk\u0117ms. Laikyti vaikams nepasiekiamoje vietoje, nuo 0&deg;C iki 25&deg;C temperat\u016broje. Venkite tiesiogini\u0173 saul\u0117s spinduli\u0173. 6. Tik i&scaron;oriniam naudojimui. Nenuryti!<\/p>\n","protected":false},"excerpt":{"rendered":"<p>&nbsp;Kauk\u0117 skirta giliai dr\u0117kinti bet kokio tipo od\u0105, ypa\u010d rekomenduojama pri\u017ei\u016br\u0117ti i&scaron;saus\u0117jusi\u0105 spindes\u012f praradusi\u0105 od\u0105. D\u0117l puikios tekst\u016bros, kuri u\u017etikrina tvirt\u0105 prigludim\u0105, ir didel\u0117s aktyvi\u0173 komponent\u0173 koncentracijos kauk\u0117 suteikia greit\u0105, ilgalaik\u012f&nbsp;stabil\u0173&nbsp;dr\u0117kinam\u0105j\u012f, padidina l\u0105steli\u0173 apsaugin\u012f potencial\u0105 ir atkuriamas nat\u016bralus odos dr\u0117kinimas. Hialurono r\u016bg&scaron;tis padeda efektyviai atkurti epidermio hidrobalans\u0105, gerina odos turgor\u0105 ir elastingum\u0105, gerina jos tonus\u0105, [&#8230;]\n","protected":false},"featured_media":81222,"template":"","meta":[],"product_cat":[1369],"product_tag":[],"class_list":{"0":"post-34085","1":"product","2":"type-product","3":"status-publish","4":"has-post-thumbnail","6":"product_brand-skinlite-lt","7":"product_cat-veido-kaukes","9":"first","10":"outofstock","11":"taxable","12":"shipping-taxable","13":"product-type-simple"},"_links":{"self":[{"href":"https:\/\/e.kosmolat.eu\/lt\/wp-json\/wp\/v2\/product\/34085","targetHints":{"allow":["GET"]}}],"collection":[{"href":"https:\/\/e.kosmolat.eu\/lt\/wp-json\/wp\/v2\/product"}],"about":[{"href":"https:\/\/e.kosmolat.eu\/lt\/wp-json\/wp\/v2\/types\/product"}],"wp:featuredmedia":[{"embeddable":true,"href":"https:\/\/e.kosmolat.eu\/lt\/wp-json\/wp\/v2\/media\/81222"}],"wp:attachment":[{"href":"https:\/\/e.kosmolat.eu\/lt\/wp-json\/wp\/v2\/media?parent=34085"}],"wp:term":[{"taxonomy":"product_cat","embeddable":true,"href":"https:\/\/e.kosmolat.eu\/lt\/wp-json\/wp\/v2\/product_cat?post=34085"},{"taxonomy":"product_tag","embeddable":true,"href":"https:\/\/e.kosmolat.eu\/lt\/wp-json\/wp\/v2\/product_tag?post=34085"}],"curies":[{"name":"wp","href":"https:\/\/api.w.org\/{rel}","templated":true}]}}