{"id":34081,"date":"2023-12-21T19:35:48","date_gmt":"2023-12-21T19:35:48","guid":{"rendered":"https:\/\/e.kosmolat.eu\/product\/elskin-liftinga-auduma-maska-kolagens-15-g\/"},"modified":"2026-04-07T14:12:01","modified_gmt":"2026-04-07T14:12:01","slug":"elskin-liftinga-auduma-maska-kolagens-15-g","status":"publish","type":"product","link":"https:\/\/e.kosmolat.eu\/lt\/produktas\/elskin-liftinga-auduma-maska-kolagens-15-g\/","title":{"rendered":"EL&#8217;SKIN Kolagenin\u0117  stangrinanti lak\u0161tin\u0117 kauk\u0117, 15 g"},"content":{"rendered":"<p>Kauk\u0117 skirta aktyviai bet kokio tipo odos prie\u017ei\u016brai nuo sen\u0117jimo, ypa\u010d su prie&scaron;laikinio sen\u0117jimo po\u017eymiais, praradusia spindes\u012f ir sveik\u0105 i&scaron;vaizd\u0105. Kolagenas skatina odos strukt\u016bros savaimin\u012f gijim\u0105, didina jos elastingum\u0105 ir stangrum\u0105, mink&scaron;tina pavir&scaron;ines ir gilias am\u017eiaus rauk&scaron;les, skaistina veido kont\u016br\u0105, palaiko nat\u016bral\u0173 odos imunitet\u0105. D\u0117l savo plonos tekst\u016bros, kuri suteikia malon\u0173 prigludim\u0105 ir didel\u0119 veikli\u0173j\u0173 med\u017eiag\u0173 koncentracij\u0105, kauk\u0117 turi modeliuojant\u012f poveik\u012f, padeda palaikyti sausos, senstan\u010dios odos vandens balans\u0105, ma\u017eina rauk&scaron;li\u0173 gyl\u012f ir pagerina veido spalv\u0105, suteikia stangrinimo efekt\u0105.<\/p>\n<p><strong>Atsargumo priemon\u0117s: <\/strong>1) Venkite naudoti ant pa\u017eeistos, sudirgusios ir saul\u0117je nudegusios odos. 2) Nenaudokite produkto, jei yra jautrumas bet kuriai formul\u0117s sudedamajai daliai. Jei naudojimo metu oda parausta arba sudirgsta, nutraukite naudojim\u0105 ir kreipkit\u0117s \u012f gydytoj\u0105. 3) Venkite patekimo \u012f akis. Patekus, nuplaukite vandeniu. 4) Venkite naudoti ant odos, kuri jautri tvars\u010diams, \u012fvyniojimams ir lipnioms kauk\u0117ms. 5) Laikyti vaikams nepasiekiamoje vietoje, nuo 0&deg;C iki 25&deg;C temperat\u016broje. Venkite tiesiogini\u0173 saul\u0117s spinduli\u0173. 6) Tik i&scaron;oriniam naudojimui. Nenuryti!<\/p>\n<p><strong>Naudojimas: <\/strong>1) Atidarykite pakuot\u0119 ir i&scaron;imkite kauk\u0119. 2) &Scaron;velniai u\u017ed\u0117kite ir paskirstykite pir&scaron;t\u0173 galiukais, palikite 15-20 minu\u010di\u0173. 3) Tada nuimkite kauk\u0119, o likusi\u0105 dal\u012f &scaron;velniai plakite glostymo judesiais arba atlikite lengv\u0105 masa\u017e\u0105. Neplaukite.<br \/>\nPrie&scaron; naudojim\u0105 kauk\u0119 galima atv\u0117sinti palaikius &scaron;aldytuve bent dvi valandas arba pa&scaron;ildyti \u012fd\u0117jus pakuot\u0119 \u012f &scaron;ilt\u0105 vanden\u012f. Abiem atvejais kauk\u0117s poveikis padid\u0117s. Kauk\u0119 naudokite 2-3 kartus per savait\u0119 arba prie&scaron; i&scaron;eidami i&scaron; nam\u0173.<\/p>\n<p><strong>Geriausia: <\/strong>3 metai nuo pagaminimo datos.<br \/>\n&nbsp;<\/p>\n","protected":false},"excerpt":{"rendered":"<p>Kauk\u0117 skirta aktyviai bet kokio tipo odos prie\u017ei\u016brai nuo sen\u0117jimo, ypa\u010d su prie&scaron;laikinio sen\u0117jimo po\u017eymiais, praradusia spindes\u012f ir sveik\u0105 i&scaron;vaizd\u0105. Kolagenas skatina odos strukt\u016bros savaimin\u012f gijim\u0105, didina jos elastingum\u0105 ir stangrum\u0105, mink&scaron;tina pavir&scaron;ines ir gilias am\u017eiaus rauk&scaron;les, skaistina veido kont\u016br\u0105, palaiko nat\u016bral\u0173 odos imunitet\u0105. D\u0117l savo plonos tekst\u016bros, kuri suteikia malon\u0173 prigludim\u0105 ir didel\u0119 veikli\u0173j\u0173 [&#8230;]\n","protected":false},"featured_media":81218,"template":"","meta":[],"product_cat":[1369],"product_tag":[],"class_list":{"0":"post-34081","1":"product","2":"type-product","3":"status-publish","4":"has-post-thumbnail","6":"product_brand-skinlite-lt","7":"product_cat-veido-kaukes","9":"first","10":"outofstock","11":"taxable","12":"shipping-taxable","13":"product-type-simple"},"_links":{"self":[{"href":"https:\/\/e.kosmolat.eu\/lt\/wp-json\/wp\/v2\/product\/34081","targetHints":{"allow":["GET"]}}],"collection":[{"href":"https:\/\/e.kosmolat.eu\/lt\/wp-json\/wp\/v2\/product"}],"about":[{"href":"https:\/\/e.kosmolat.eu\/lt\/wp-json\/wp\/v2\/types\/product"}],"wp:featuredmedia":[{"embeddable":true,"href":"https:\/\/e.kosmolat.eu\/lt\/wp-json\/wp\/v2\/media\/81218"}],"wp:attachment":[{"href":"https:\/\/e.kosmolat.eu\/lt\/wp-json\/wp\/v2\/media?parent=34081"}],"wp:term":[{"taxonomy":"product_cat","embeddable":true,"href":"https:\/\/e.kosmolat.eu\/lt\/wp-json\/wp\/v2\/product_cat?post=34081"},{"taxonomy":"product_tag","embeddable":true,"href":"https:\/\/e.kosmolat.eu\/lt\/wp-json\/wp\/v2\/product_tag?post=34081"}],"curies":[{"name":"wp","href":"https:\/\/api.w.org\/{rel}","templated":true}]}}