{"id":34077,"date":"2023-12-21T19:35:18","date_gmt":"2023-12-21T19:35:18","guid":{"rendered":"https:\/\/e.kosmolat.eu\/product\/el-skin-pretnovecosanas-maska-peptidi-15-g\/"},"modified":"2026-04-22T07:51:19","modified_gmt":"2026-04-22T07:51:19","slug":"el-skin-pretnovecosanas-maska-peptidi-15-g","status":"publish","type":"product","link":"https:\/\/e.kosmolat.eu\/lt\/produktas\/el-skin-pretnovecosanas-maska-peptidi-15-g\/","title":{"rendered":"&#8220;El`Skin&#8221; Kauke nuo senejimo &#8220;Peptidai&#8221; 15g"},"content":{"rendered":"<p>Kauk\u0117 skirta visapusi&scaron;kai koreguoti su am\u017eiumi susijusius bet kokio tipo odos poky\u010dius, pasi\u017eymi intensyviu jauninamuoju ir stangrinan\u010diu poveikiu. D\u0117l savo smulkios tekst\u016bros, u\u017etikrinan\u010dios tvirt\u0105 prigludim\u0105, ir didel\u0117s aktyvi\u0173 komponent\u0173 koncentracijos kauk\u0117 aktyviai prie&scaron;inasi sen\u0117jimo procesams, efektyviai atkuria odos tonus\u0105 ir elastingum\u0105, suteikdama jai jaunatvi&scaron;k\u0105 ir gaivi\u0105 i&scaron;vaizd\u0105. Peptid\u0173 kompleksas didina apsaugin\u012f l\u0105steli\u0173 potencial\u0105, atkuria nat\u016bralius odos atsinaujinimo mechanizmus, skatina nuosavo kolageno, atsakingo u\u017e odos elastingum\u0105 ir stangrum\u0105, gamyb\u0105, gerina turgor\u0105 ir suteikia puik\u0173 stangrinimo efekt\u0105.<\/p>\n<p>Naudojimas: Prie&scaron; naudojim\u0105 kauk\u0119 galima atv\u0117sinti palaikius &scaron;aldytuve bent dvi valandas arba pa&scaron;ildyti \u012fd\u0117jus pakuot\u0119 \u012f &scaron;ilt\u0105 vanden\u012f. Abiem atvejais kauk\u0117s poveikis padid\u0117s. 1. Atidarykite pakuot\u0119 ir i&scaron;imkite kauk\u0119. 2. &Scaron;velniai paskirstykite ant veido ir pir&scaron;t\u0173 galiukais i&scaron;tiesinkite, palikite 15-20 min. 3. Tada nuimkite kauk\u0119, o likusi\u0105 dal\u012f &scaron;velniai \u012fmasa\u017euokite glostymo judesiais arba atlikite lengv\u0105 masa\u017e\u0105. Nenuplaukite. *Kauk\u0119 naudokite 2-3 kartus per savait\u0119 arba prie&scaron; i&scaron;eidami i&scaron; nam\u0173.<\/p>\n<p>Atsargumo priemon\u0117s: 1. Venkite naudoti ant pa\u017eeistos, sudirgusios ar saul\u0117je nudegusios odos. 2. Nenaudokite produkto, jei esate jautrus kuriam nors i&scaron; komponent\u0173. Jei naudojimo metu atsiranda odos paraudimas ar sudirginimas, nutraukite naudojim\u0105 ir kreipkit\u0117s \u012f gydytoj\u0105. 3. Venkite patekimo \u012f akis. Patekus \u012f akis, praplauti vandeniu. 4. Venkite naudoti ant odos, kuri yra jautri tvars\u010diams, ir lipnioms kauk\u0117ms. Laikyti vaikams nepasiekiamoje vietoje, nuo 0&deg;C iki 25&deg;C temperat\u016broje. Venkite tiesiogini\u0173 saul\u0117s spinduli\u0173. 6. Tik i&scaron;oriniam naudojimui. Nenuryti!<\/p>\n","protected":false},"excerpt":{"rendered":"<p>Kauk\u0117 skirta visapusi&scaron;kai koreguoti su am\u017eiumi susijusius bet kokio tipo odos poky\u010dius, pasi\u017eymi intensyviu jauninamuoju ir stangrinan\u010diu poveikiu. D\u0117l savo smulkios tekst\u016bros, u\u017etikrinan\u010dios tvirt\u0105 prigludim\u0105, ir didel\u0117s aktyvi\u0173 komponent\u0173 koncentracijos kauk\u0117 aktyviai prie&scaron;inasi sen\u0117jimo procesams, efektyviai atkuria odos tonus\u0105 ir elastingum\u0105, suteikdama jai jaunatvi&scaron;k\u0105 ir gaivi\u0105 i&scaron;vaizd\u0105. Peptid\u0173 kompleksas didina apsaugin\u012f l\u0105steli\u0173 potencial\u0105, atkuria nat\u016bralius [&#8230;]\n","protected":false},"featured_media":81214,"template":"","meta":[],"product_cat":[2181],"product_tag":[],"class_list":{"0":"post-34077","1":"product","2":"type-product","3":"status-publish","4":"has-post-thumbnail","6":"product_brand-skinlite-lt","7":"product_cat-bez-kategorijas-lt","9":"first","10":"instock","11":"taxable","12":"shipping-taxable","13":"product-type-simple"},"_links":{"self":[{"href":"https:\/\/e.kosmolat.eu\/lt\/wp-json\/wp\/v2\/product\/34077","targetHints":{"allow":["GET"]}}],"collection":[{"href":"https:\/\/e.kosmolat.eu\/lt\/wp-json\/wp\/v2\/product"}],"about":[{"href":"https:\/\/e.kosmolat.eu\/lt\/wp-json\/wp\/v2\/types\/product"}],"wp:featuredmedia":[{"embeddable":true,"href":"https:\/\/e.kosmolat.eu\/lt\/wp-json\/wp\/v2\/media\/81214"}],"wp:attachment":[{"href":"https:\/\/e.kosmolat.eu\/lt\/wp-json\/wp\/v2\/media?parent=34077"}],"wp:term":[{"taxonomy":"product_cat","embeddable":true,"href":"https:\/\/e.kosmolat.eu\/lt\/wp-json\/wp\/v2\/product_cat?post=34077"},{"taxonomy":"product_tag","embeddable":true,"href":"https:\/\/e.kosmolat.eu\/lt\/wp-json\/wp\/v2\/product_tag?post=34077"}],"curies":[{"name":"wp","href":"https:\/\/api.w.org\/{rel}","templated":true}]}}