{"id":34073,"date":"2023-12-21T19:34:59","date_gmt":"2023-12-21T19:34:59","guid":{"rendered":"https:\/\/e.kosmolat.eu\/product\/skinlite-maska-ar-austrumu-augiem-sejas-krasas-atjaunosana-1-gab-19-ml\/"},"modified":"2026-03-31T20:03:55","modified_gmt":"2026-03-31T20:03:55","slug":"skinlite-maska-ar-austrumu-augiem-sejas-krasas-atjaunosana-1-gab-19-ml","status":"publish","type":"product","link":"https:\/\/e.kosmolat.eu\/lt\/produktas\/skinlite-maska-ar-austrumu-augiem-sejas-krasas-atjaunosana-1-gab-19-ml\/","title":{"rendered":"SKINLITE  Atnaujinanti veido kauk\u0117 su Rytieti\u0161komis \u017eol\u0117mis, 1vnt"},"content":{"rendered":"<p>Kauk\u0117 ideali sausos odos prie\u017ei\u016bros priemon\u0117, nat\u016brali\u0173 ekstrakt\u0173 i\u0161 Eleutherococcus \u0161akn\u0173, Lyubistok Sichuan, Remani, Sophora Angustifola ir balto Japoni\u0161ko ber\u017eo ekstrakto d\u0117ka, jie \u0161velniai veikia veido od\u0105, padeda i\u0161saugoti dr\u0117gm\u0119 ir maitina j\u0105. Tolim\u0173j\u0173 Ryt\u0173 \u017eoli\u0173 kompleksas valo od\u0105, pa\u0161alina negyvas odos l\u0105steles, valo od\u0105 nuo perteklin\u0117s keratinizacijos. Po kauk\u0117s naudojimo oda atrodo jauna ir \u017evilganti. Naudojimo b\u016bdas: Gerai i\u0161plaukite veid\u0105 ir nu\u0161luostykite. Atidarykite kauk\u0117s pakuot\u0119. U\u017ed\u0117kite kauk\u0117s ant veido, prispauskite ir i\u0161lyginkite, i\u0161stumkite or\u0105, kad kauk\u0117 gal\u0117t\u0173 gerai kontaktuoti su oda. Laikykite kauk\u0119 15-20 minu\u010di\u0173, tada atsargiai nuimkite. Kauk\u0117s liku\u010dius \u0161velniai \u012ftrinkite \u012f od\u0105. Atsargumo priemon\u0117s: 1. Negalima naudoti kauk\u0119, kai yra pa\u017eeista arba nudegusi oda. Kauk\u0117 n\u0117ra skirta gydyti akn\u0117s. 2. Negalima naudoti kauk\u0117s, jei yra alergija sud\u0117tyje esantiems komponentams. Jei naudojimo metu atsirado paraudimas arba alergija, kreipkit\u0117s medicinin\u0117s pagalbos. 3. Negalima, kad kauk\u0117 patekt\u0173 \u012f akis. Jei pateko \u012f akis, gerai praplaukite vandeniu. 4. Jei yra padid\u0117j\u0119s jautrumas sud\u0117tyje esantiems komponentas, nutraukite naudojim\u0105. 5. Kauk\u0117 skirta i\u0161oriniam naudojimui. 6. Laikykite kauk\u0119 vaikams nepasiekiamoje vietoje. 7. Saugokite nuo tiesiogini\u0173 saul\u0117s spinduli\u0173. 8. Naudokite kauk\u0119 i\u0161kart, kad kauk\u0117 nei\u0161d\u017ei\u016bt\u0173<\/p>\n","protected":false},"excerpt":{"rendered":"<p>Kauk\u0117 ideali sausos odos prie\u017ei\u016bros priemon\u0117, nat\u016brali\u0173 ekstrakt\u0173 i\u0161 Eleutherococcus \u0161akn\u0173, Lyubistok Sichuan, Remani, Sophora Angustifola ir balto Japoni\u0161ko ber\u017eo ekstrakto d\u0117ka, jie \u0161velniai veikia veido od\u0105, padeda i\u0161saugoti dr\u0117gm\u0119 ir maitina j\u0105. Tolim\u0173j\u0173 Ryt\u0173 \u017eoli\u0173 kompleksas valo od\u0105, pa\u0161alina negyvas odos l\u0105steles, valo od\u0105 nuo perteklin\u0117s keratinizacijos. Po kauk\u0117s naudojimo oda atrodo jauna ir [&#8230;]\n","protected":false},"featured_media":81210,"template":"","meta":[],"product_cat":[1369],"product_tag":[],"class_list":{"0":"post-34073","1":"product","2":"type-product","3":"status-publish","4":"has-post-thumbnail","6":"product_brand-skinlite-lt","7":"product_cat-veido-kaukes","9":"first","10":"instock","11":"taxable","12":"shipping-taxable","13":"product-type-simple"},"_links":{"self":[{"href":"https:\/\/e.kosmolat.eu\/lt\/wp-json\/wp\/v2\/product\/34073","targetHints":{"allow":["GET"]}}],"collection":[{"href":"https:\/\/e.kosmolat.eu\/lt\/wp-json\/wp\/v2\/product"}],"about":[{"href":"https:\/\/e.kosmolat.eu\/lt\/wp-json\/wp\/v2\/types\/product"}],"wp:featuredmedia":[{"embeddable":true,"href":"https:\/\/e.kosmolat.eu\/lt\/wp-json\/wp\/v2\/media\/81210"}],"wp:attachment":[{"href":"https:\/\/e.kosmolat.eu\/lt\/wp-json\/wp\/v2\/media?parent=34073"}],"wp:term":[{"taxonomy":"product_cat","embeddable":true,"href":"https:\/\/e.kosmolat.eu\/lt\/wp-json\/wp\/v2\/product_cat?post=34073"},{"taxonomy":"product_tag","embeddable":true,"href":"https:\/\/e.kosmolat.eu\/lt\/wp-json\/wp\/v2\/product_tag?post=34073"}],"curies":[{"name":"wp","href":"https:\/\/api.w.org\/{rel}","templated":true}]}}