{"id":34065,"date":"2023-12-21T19:34:12","date_gmt":"2023-12-21T19:34:12","guid":{"rendered":"https:\/\/e.kosmolat.eu\/product\/skinlite-intensivi-mitrinosa-sejas-maska-ar-austrumu-zalaugiem-1-gb-19-ml\/"},"modified":"2025-09-19T17:52:14","modified_gmt":"2025-09-19T17:52:14","slug":"i_skinlite-intensivi-mitrinosa-sejas-maska-ar-austrumu-zalaugiem-1-gb-19-ml","status":"publish","type":"product","link":"https:\/\/e.kosmolat.eu\/lt\/produktas\/i_skinlite-intensivi-mitrinosa-sejas-maska-ar-austrumu-zalaugiem-1-gb-19-ml\/","title":{"rendered":"I_SKINLITE Veido kauk\u0117 Intensyvus dr\u0117kinimas su rytieti\u0161komis \u017eolel\u0117mis, 1 vnt"},"content":{"rendered":"<\/p>\n","protected":false},"excerpt":{"rendered":"","protected":false},"featured_media":81202,"template":"","meta":[],"product_cat":[1369],"product_tag":[],"class_list":{"0":"post-34065","1":"product","2":"type-product","3":"status-publish","4":"has-post-thumbnail","6":"product_brand-skinlite-lt","7":"product_cat-veido-kaukes","9":"first","10":"outofstock","11":"taxable","12":"shipping-taxable","13":"product-type-simple"},"_links":{"self":[{"href":"https:\/\/e.kosmolat.eu\/lt\/wp-json\/wp\/v2\/product\/34065","targetHints":{"allow":["GET"]}}],"collection":[{"href":"https:\/\/e.kosmolat.eu\/lt\/wp-json\/wp\/v2\/product"}],"about":[{"href":"https:\/\/e.kosmolat.eu\/lt\/wp-json\/wp\/v2\/types\/product"}],"wp:featuredmedia":[{"embeddable":true,"href":"https:\/\/e.kosmolat.eu\/lt\/wp-json\/wp\/v2\/media\/81202"}],"wp:attachment":[{"href":"https:\/\/e.kosmolat.eu\/lt\/wp-json\/wp\/v2\/media?parent=34065"}],"wp:term":[{"taxonomy":"product_cat","embeddable":true,"href":"https:\/\/e.kosmolat.eu\/lt\/wp-json\/wp\/v2\/product_cat?post=34065"},{"taxonomy":"product_tag","embeddable":true,"href":"https:\/\/e.kosmolat.eu\/lt\/wp-json\/wp\/v2\/product_tag?post=34065"}],"curies":[{"name":"wp","href":"https:\/\/api.w.org\/{rel}","templated":true}]}}