{"id":34053,"date":"2023-12-21T19:32:52","date_gmt":"2023-12-21T19:32:52","guid":{"rendered":"https:\/\/e.kosmolat.eu\/product\/skinlite-sejas-maska-starojosa-ada-ar-kolagenu-un-%d0%b2-un-a-vitaminiem-1-gb-23-ml\/"},"modified":"2025-08-14T13:07:26","modified_gmt":"2025-08-14T13:07:26","slug":"i_skinlite-sejas-maska-starojosa-ada-ar-kolagenu-un-%d0%b2-un-a-vitaminiem-1-gb-23-ml","status":"publish","type":"product","link":"https:\/\/e.kosmolat.eu\/lt\/produktas\/i_skinlite-sejas-maska-starojosa-ada-ar-kolagenu-un-%d0%b2-un-a-vitaminiem-1-gb-23-ml\/","title":{"rendered":"I_SKINLITE Veido kauk\u0117 \u017dvilganti oda su kolagenu ir vitaminais B ir E, 1 vnt"},"content":{"rendered":"<p>Lak\u0161tin\u0117 kauk\u0117 su didele nat\u016brali\u0173 ekstrakt\u0173 ir kolageno koncentracija suteiks visapusi\u0161k\u0105 veido odos prie\u017ei\u016br\u0105, maitinim\u0105 ir prie\u017ei\u016br\u0105. Vos per 15-20 minu\u010di\u0173 kauk\u0117 pad\u0117s atsigaivinti, giliai sudr\u0117kinti ir atkurti sveik\u0105 spindes\u012f. Vitaminai vaidina esmin\u012f vaidmen\u012f kolageno sintez\u0117s procese, jiems dalyvaujant oda tampa gerai dr\u0117kinama ir elastinga, apsaugota nuo i\u0161orini\u0173 aplinkos veiksni\u0173.<br \/>\nAugalinis kolagenas (Natto Gum), gaunamas i\u0161 fermentuot\u0173 soj\u0173 pupeli\u0173, yra peptid\u0173 ir komponent\u0173 mi\u0161inys, naudojamas \u0161iuolaikin\u0117je kosmetologijoje.<br \/>\n\u017daliosios arbatos, hamamelio ir any\u017ei\u0173 ekstraktai veikia visus odos sluoksnius, pradeda atsinaujinimo proces\u0105 l\u0105steli\u0173 lygmenyje: skatina med\u017eiag\u0173 apykait\u0105, gerina kraujotak\u0105, reguliuoja med\u017eiag\u0173 apykaitos procesus, skatina nuosavo kolageno ir elastino, b\u016btino gro\u017eiui, bei elastino susidarym\u0105. jaunyst\u0117.<br \/>\nNaudojimas: U\u017ed\u0117kite kauk\u0119 ant nuvalyto veido, palikite 15-20 minu\u010di\u0173, tada nuimkite. Likusi\u0105 aktyvaus serumo dal\u012f \u0161velniai \u012ftrinkite \u012f od\u0105 glostymo judesiais. Neplaukite. Kauk\u0119 galima naudoti bet kada: ryte &ndash; po miego, po piet\u0173 &ndash; prie\u0161 svarb\u0173 \u012fvyk\u012f; vakare &ndash; prie\u0161 pasimatym\u0105.<br \/>\nAtsargumo priemon\u0117s: 1. Nenaudoti ant pa\u017eeistos, sudirgusios ar saul\u0117s nudegusios odos, nenaudoti spuogams gydyti. 2. Nenaudokite produkto, jei yra jautrumas kuriai nors i\u0161 kompozicijos sudedam\u0173j\u0173 dali\u0173. Jei naudojimo metu oda parausta arba sudirgsta, nutraukite naudojim\u0105 ir kreipkit\u0117s \u012f gydytoj\u0105. 3. Venkite kontakto su aki\u0173 gleivine. Patekus, kruop\u0161\u010diai nuplaukite vandeniu. 4. Tik i\u0161oriniam naudojimui. Nenuryti! 5. Laikyti vaikams nepasiekiamoje vietoje, 0&ndash;25&deg;C temperat\u016broje.<br \/>\n&nbsp;<\/p>\n","protected":false},"excerpt":{"rendered":"<p>Lak\u0161tin\u0117 kauk\u0117 su didele nat\u016brali\u0173 ekstrakt\u0173 ir kolageno koncentracija suteiks visapusi\u0161k\u0105 veido odos prie\u017ei\u016br\u0105, maitinim\u0105 ir prie\u017ei\u016br\u0105. Vos per 15-20 minu\u010di\u0173 kauk\u0117 pad\u0117s atsigaivinti, giliai sudr\u0117kinti ir atkurti sveik\u0105 spindes\u012f. Vitaminai vaidina esmin\u012f vaidmen\u012f kolageno sintez\u0117s procese, jiems dalyvaujant oda tampa gerai dr\u0117kinama ir elastinga, apsaugota nuo i\u0161orini\u0173 aplinkos veiksni\u0173. Augalinis kolagenas (Natto Gum), gaunamas [&#8230;]\n","protected":false},"featured_media":7950,"template":"","meta":[],"product_cat":[1369],"product_tag":[],"class_list":{"0":"post-34053","1":"product","2":"type-product","3":"status-publish","4":"has-post-thumbnail","6":"product_brand-skinlite-lt","7":"product_cat-veido-kaukes","9":"first","10":"outofstock","11":"taxable","12":"shipping-taxable","13":"product-type-simple"},"_links":{"self":[{"href":"https:\/\/e.kosmolat.eu\/lt\/wp-json\/wp\/v2\/product\/34053","targetHints":{"allow":["GET"]}}],"collection":[{"href":"https:\/\/e.kosmolat.eu\/lt\/wp-json\/wp\/v2\/product"}],"about":[{"href":"https:\/\/e.kosmolat.eu\/lt\/wp-json\/wp\/v2\/types\/product"}],"wp:featuredmedia":[{"embeddable":true,"href":"https:\/\/e.kosmolat.eu\/lt\/wp-json\/wp\/v2\/media\/7950"}],"wp:attachment":[{"href":"https:\/\/e.kosmolat.eu\/lt\/wp-json\/wp\/v2\/media?parent=34053"}],"wp:term":[{"taxonomy":"product_cat","embeddable":true,"href":"https:\/\/e.kosmolat.eu\/lt\/wp-json\/wp\/v2\/product_cat?post=34053"},{"taxonomy":"product_tag","embeddable":true,"href":"https:\/\/e.kosmolat.eu\/lt\/wp-json\/wp\/v2\/product_tag?post=34053"}],"curies":[{"name":"wp","href":"https:\/\/api.w.org\/{rel}","templated":true}]}}