{"id":34049,"date":"2023-12-21T19:32:26","date_gmt":"2023-12-21T19:32:26","guid":{"rendered":"https:\/\/e.kosmolat.eu\/product\/skinlite-nostiprinosa-sejas-maska-ar-kolagenu-un-bisu-matisu-pieninu-1-gb-23-ml\/"},"modified":"2026-04-17T13:26:02","modified_gmt":"2026-04-17T13:26:02","slug":"skinlite-nostiprinosa-sejas-maska-ar-kolagenu-un-bisu-matisu-pieninu-1-gb-23-ml","status":"publish","type":"product","link":"https:\/\/e.kosmolat.eu\/lt\/produktas\/skinlite-nostiprinosa-sejas-maska-ar-kolagenu-un-bisu-matisu-pieninu-1-gb-23-ml\/","title":{"rendered":"SKINLITE Stangrinanti veido kauk\u0117 su kolagenu ir bi\u010di\u0173 pieneliu, 1 vnt"},"content":{"rendered":"<\/p>\n","protected":false},"excerpt":{"rendered":"","protected":false},"featured_media":96802,"template":"","meta":[],"product_cat":[1369],"product_tag":[],"class_list":{"0":"post-34049","1":"product","2":"type-product","3":"status-publish","4":"has-post-thumbnail","6":"product_brand-skinlite-lt","7":"product_cat-veido-kaukes","9":"first","10":"instock","11":"taxable","12":"shipping-taxable","13":"product-type-simple"},"_links":{"self":[{"href":"https:\/\/e.kosmolat.eu\/lt\/wp-json\/wp\/v2\/product\/34049","targetHints":{"allow":["GET"]}}],"collection":[{"href":"https:\/\/e.kosmolat.eu\/lt\/wp-json\/wp\/v2\/product"}],"about":[{"href":"https:\/\/e.kosmolat.eu\/lt\/wp-json\/wp\/v2\/types\/product"}],"wp:featuredmedia":[{"embeddable":true,"href":"https:\/\/e.kosmolat.eu\/lt\/wp-json\/wp\/v2\/media\/96802"}],"wp:attachment":[{"href":"https:\/\/e.kosmolat.eu\/lt\/wp-json\/wp\/v2\/media?parent=34049"}],"wp:term":[{"taxonomy":"product_cat","embeddable":true,"href":"https:\/\/e.kosmolat.eu\/lt\/wp-json\/wp\/v2\/product_cat?post=34049"},{"taxonomy":"product_tag","embeddable":true,"href":"https:\/\/e.kosmolat.eu\/lt\/wp-json\/wp\/v2\/product_tag?post=34049"}],"curies":[{"name":"wp","href":"https:\/\/api.w.org\/{rel}","templated":true}]}}