{"id":34029,"date":"2023-12-21T19:30:18","date_gmt":"2023-12-21T19:30:18","guid":{"rendered":"https:\/\/e.kosmolat.eu\/product\/skinlite-serums-peptidi-42-ml\/"},"modified":"2026-04-20T06:14:53","modified_gmt":"2026-04-20T06:14:53","slug":"skinlite-serums-peptidi-42-ml","status":"publish","type":"product","link":"https:\/\/e.kosmolat.eu\/lt\/produktas\/skinlite-serums-peptidi-42-ml\/","title":{"rendered":"SKINLITE Serumas Peptidai"},"content":{"rendered":"<p>Gilus dr\u0117kinimas ir stangrinimas<br \/>\nVeidui, kaklui ir dekolt\u0117 zonai<br \/>\nIntensyviai atjaunina ir stangrina veido, kaklo ir dekolt\u0117 od\u0105. Serumas aktyviai prie\u0161inasi sen\u0117jimo procesams, efektyviai atkuria odos tonus\u0105 ir elastingum\u0105, suteikia jai jaunatvi\u0161k\u0105 ir gaivi\u0105 i\u0161vaizd\u0105. Suteikia puik\u0173 stangrinimo efekt\u0105.Serumo sen\u0117jim\u0105 stabdantis poveikis pagr\u012fstas peptido, galingo sen\u0117jim\u0105 stabdan\u010dio komponento, padedan\u010dio padidinti tonus\u0105 ir pagreitinti odos atsinaujinimo proces\u0105, veikimu. Peptidai yra vienas geriausi\u0173 \u0161iuolaikini\u0173 kosmetikos gamini\u0173 ingredient\u0173. Peptid\u0173 sud\u0117tyje yra \u0161imtai aminor\u016bg\u0161\u010di\u0173, kurios skatina savo kolageno, atsakingo u\u017e odos elastingum\u0105 ir stangrum\u0105, gamyb\u0105. <\/p>\n<p>Serumas akimirksniu susigeria, intensyviai prisotina od\u0105, paruo\u0161damas j\u0105 tolimesnei prie\u017ei\u016brai. D\u0117l lengvos tekst\u016bros serumas \u012fsiskverbia giliai \u012f epiderm\u012f ir i\u0161laiko dr\u0117gm\u0119 viduje vis\u0105 dien\u0105. <\/p>\n<p>Naudojimas :<\/p>\n<p>Kruop\u0161\u010diai nuplaukite ir nusausinkite veid\u0105 rank\u0161luos\u010diu. &Scaron;velniai tepkite serum\u0105 ant veido, kaklo ir dekolt\u0117. Palikite, kol visi\u0161kai \u012fsigers. Rekomenduojama tepti kaip bazin\u0119 priemon\u0119 prie\u0161 tepant krem\u0105 ar kauk\u0119, taip pat galima \u012fmai\u0161yti \u012f kremus (kaukes). Serumas papildo ir sustiprina vis\u0173 naudojam\u0173 odos prie\u017ei\u016bros priemoni\u0173 poveik\u012f. <\/p>\n<p>* Serum\u0105 naudokite kursais: pirmas kursas 30 dien\u0173, po to 15 dien\u0173 pertrauka, po to kurs\u0105 kartoti 30 dien\u0173. <\/p>\n<p>Atsargumo priemon\u0117s: <\/p>\n<p>Venkite naudoti ant pa\u017eeistos, sudirgusios ar saul\u0117s nudegusios odos. <br \/>\nNenaudokite produkto, jei yra jautrumas vienam i\u0161 kompozicijos komponent\u0173. Jei naudojimo metu oda parausta arba sudirgsta, nutraukite naudojim\u0105 ir kreipkit\u0117s \u012f gydytoj\u0105. <br \/>\nVengti patekimo \u012f akis, patekus \u012f akis, nuplauti vandeniu. <br \/>\nLaikyti vaikams nepasiekiamoje vietoje nuo 0 iki 25 C temperat\u016broje. Venkite tiesiogini\u0173 saul\u0117s spinduli\u0173. <br \/>\nTik i\u0161oriniam naudojimui. Nenuryti. <\/p>\n","protected":false},"excerpt":{"rendered":"<p>Gilus dr\u0117kinimas ir stangrinimas Veidui, kaklui ir dekolt\u0117 zonai Intensyviai atjaunina ir stangrina veido, kaklo ir dekolt\u0117 od\u0105. Serumas aktyviai prie\u0161inasi sen\u0117jimo procesams, efektyviai atkuria odos tonus\u0105 ir elastingum\u0105, suteikia jai jaunatvi\u0161k\u0105 ir gaivi\u0105 i\u0161vaizd\u0105. Suteikia puik\u0173 stangrinimo efekt\u0105.Serumo sen\u0117jim\u0105 stabdantis poveikis pagr\u012fstas peptido, galingo sen\u0117jim\u0105 stabdan\u010dio komponento, padedan\u010dio padidinti tonus\u0105 ir pagreitinti odos atsinaujinimo [&#8230;]\n","protected":false},"featured_media":81190,"template":"","meta":[],"product_cat":[1327],"product_tag":[],"class_list":{"0":"post-34029","1":"product","2":"type-product","3":"status-publish","4":"has-post-thumbnail","6":"product_brand-skinlite-lt","7":"product_cat-serumai","9":"first","10":"outofstock","11":"taxable","12":"shipping-taxable","13":"product-type-simple"},"_links":{"self":[{"href":"https:\/\/e.kosmolat.eu\/lt\/wp-json\/wp\/v2\/product\/34029","targetHints":{"allow":["GET"]}}],"collection":[{"href":"https:\/\/e.kosmolat.eu\/lt\/wp-json\/wp\/v2\/product"}],"about":[{"href":"https:\/\/e.kosmolat.eu\/lt\/wp-json\/wp\/v2\/types\/product"}],"wp:featuredmedia":[{"embeddable":true,"href":"https:\/\/e.kosmolat.eu\/lt\/wp-json\/wp\/v2\/media\/81190"}],"wp:attachment":[{"href":"https:\/\/e.kosmolat.eu\/lt\/wp-json\/wp\/v2\/media?parent=34029"}],"wp:term":[{"taxonomy":"product_cat","embeddable":true,"href":"https:\/\/e.kosmolat.eu\/lt\/wp-json\/wp\/v2\/product_cat?post=34029"},{"taxonomy":"product_tag","embeddable":true,"href":"https:\/\/e.kosmolat.eu\/lt\/wp-json\/wp\/v2\/product_tag?post=34029"}],"curies":[{"name":"wp","href":"https:\/\/api.w.org\/{rel}","templated":true}]}}