{"id":33985,"date":"2023-12-21T19:26:03","date_gmt":"2023-12-21T19:26:03","guid":{"rendered":"https:\/\/e.kosmolat.eu\/product\/sabloni-uzacim-4465\/"},"modified":"2026-04-09T16:30:31","modified_gmt":"2026-04-09T16:30:31","slug":"sabloni-uzacim-4465","status":"publish","type":"product","link":"https:\/\/e.kosmolat.eu\/lt\/produktas\/sabloni-uzacim-4465\/","title":{"rendered":"Antaki\u0173 \u0161ablonai 4465"},"content":{"rendered":"<p>Antaki\u0173 \u0161ablonai.<\/p>\n","protected":false},"excerpt":{"rendered":"<p>Antaki\u0173 \u0161ablonai.<\/p>\n","protected":false},"featured_media":81118,"template":"","meta":[],"product_cat":[1508],"product_tag":[],"class_list":{"0":"post-33985","1":"product","2":"type-product","3":"status-publish","4":"has-post-thumbnail","6":"product_brand-donegal-sp-zo-o-_pl-lt","7":"product_cat-antakiams","9":"first","10":"instock","11":"taxable","12":"shipping-taxable","13":"product-type-simple"},"_links":{"self":[{"href":"https:\/\/e.kosmolat.eu\/lt\/wp-json\/wp\/v2\/product\/33985","targetHints":{"allow":["GET"]}}],"collection":[{"href":"https:\/\/e.kosmolat.eu\/lt\/wp-json\/wp\/v2\/product"}],"about":[{"href":"https:\/\/e.kosmolat.eu\/lt\/wp-json\/wp\/v2\/types\/product"}],"wp:featuredmedia":[{"embeddable":true,"href":"https:\/\/e.kosmolat.eu\/lt\/wp-json\/wp\/v2\/media\/81118"}],"wp:attachment":[{"href":"https:\/\/e.kosmolat.eu\/lt\/wp-json\/wp\/v2\/media?parent=33985"}],"wp:term":[{"taxonomy":"product_cat","embeddable":true,"href":"https:\/\/e.kosmolat.eu\/lt\/wp-json\/wp\/v2\/product_cat?post=33985"},{"taxonomy":"product_tag","embeddable":true,"href":"https:\/\/e.kosmolat.eu\/lt\/wp-json\/wp\/v2\/product_tag?post=33985"}],"curies":[{"name":"wp","href":"https:\/\/api.w.org\/{rel}","templated":true}]}}