{"id":33973,"date":"2023-12-21T19:25:25","date_gmt":"2023-12-21T19:25:25","guid":{"rendered":"https:\/\/e.kosmolat.eu\/product\/nagu-nazitis-ar-vili-12-7-cm-2134\/"},"modified":"2026-04-10T09:04:48","modified_gmt":"2026-04-10T09:04:48","slug":"divpusejs-kutikulas-nonemsanas-riks-12-7-cm-2134","status":"publish","type":"product","link":"https:\/\/e.kosmolat.eu\/lt\/produktas\/divpusejs-kutikulas-nonemsanas-riks-12-7-cm-2134\/","title":{"rendered":"DONEGAL Maniki\u016bro \u012frankis odel\u0117ms 12.7 cm, 2134"},"content":{"rendered":"<\/p>\n","protected":false},"excerpt":{"rendered":"","protected":false},"featured_media":81274,"template":"","meta":[],"product_cat":[1541],"product_tag":[],"class_list":{"0":"post-33973","1":"product","2":"type-product","3":"status-publish","4":"has-post-thumbnail","6":"product_brand-donegal-sp-zo-o-_pl-lt","7":"product_cat-manikiuro-ir-pedikiuro-priemones","9":"first","10":"instock","11":"taxable","12":"shipping-taxable","13":"product-type-simple"},"_links":{"self":[{"href":"https:\/\/e.kosmolat.eu\/lt\/wp-json\/wp\/v2\/product\/33973","targetHints":{"allow":["GET"]}}],"collection":[{"href":"https:\/\/e.kosmolat.eu\/lt\/wp-json\/wp\/v2\/product"}],"about":[{"href":"https:\/\/e.kosmolat.eu\/lt\/wp-json\/wp\/v2\/types\/product"}],"wp:featuredmedia":[{"embeddable":true,"href":"https:\/\/e.kosmolat.eu\/lt\/wp-json\/wp\/v2\/media\/81274"}],"wp:attachment":[{"href":"https:\/\/e.kosmolat.eu\/lt\/wp-json\/wp\/v2\/media?parent=33973"}],"wp:term":[{"taxonomy":"product_cat","embeddable":true,"href":"https:\/\/e.kosmolat.eu\/lt\/wp-json\/wp\/v2\/product_cat?post=33973"},{"taxonomy":"product_tag","embeddable":true,"href":"https:\/\/e.kosmolat.eu\/lt\/wp-json\/wp\/v2\/product_tag?post=33973"}],"curies":[{"name":"wp","href":"https:\/\/api.w.org\/{rel}","templated":true}]}}