{"id":33949,"date":"2023-12-21T19:23:50","date_gmt":"2023-12-21T19:23:50","guid":{"rendered":"https:\/\/e.kosmolat.eu\/product\/lupu-balzams-lip-control-spf\/"},"modified":"2025-09-19T17:43:23","modified_gmt":"2025-09-19T17:43:23","slug":"lupu-balzams-lip-control-spf","status":"publish","type":"product","link":"https:\/\/e.kosmolat.eu\/lt\/produktas\/lupu-balzams-lip-control-spf\/","title":{"rendered":"BELOR DESIGN L\u016bp\u0173 balzamas Lip Control SPF, 4,4 g"},"content":{"rendered":"<p>Apsauga ir dr\u0117kinimas. R\u016bpinkit\u0117s visa \u0161eima.<br \/>\n&#8211; Taukmed\u017ei\u0173 sviestas<br \/>\n&#8211; Bi\u010di\u0173 va\u0161kas<br \/>\n&#8211; Ricinos aliejus<br \/>\nUV apsauga.<\/p>\n<p>Veikli\u0173j\u0173 med\u017eiag\u0173 kompleksas prisotina od\u0105 vitaminais, atkuria nat\u016bral\u0173 dr\u0117gm\u0117s balans\u0105 ir apsaugo nuo i\u0161orini\u0173 veiksni\u0173 \u012ftakos. Akimirksniu sumink\u0161tina ir pamaitina gle\u017en\u0105 l\u016bp\u0173 od\u0105. SPF faktorius apsaugo nuo \u017ealingo saul\u0117s spinduli\u0173 poveikio.<br \/>\n&nbsp;<\/p>\n","protected":false},"excerpt":{"rendered":"<p>Apsauga ir dr\u0117kinimas. R\u016bpinkit\u0117s visa \u0161eima. &#8211; Taukmed\u017ei\u0173 sviestas &#8211; Bi\u010di\u0173 va\u0161kas &#8211; Ricinos aliejus UV apsauga. Veikli\u0173j\u0173 med\u017eiag\u0173 kompleksas prisotina od\u0105 vitaminais, atkuria nat\u016bral\u0173 dr\u0117gm\u0117s balans\u0105 ir apsaugo nuo i\u0161orini\u0173 veiksni\u0173 \u012ftakos. Akimirksniu sumink\u0161tina ir pamaitina gle\u017en\u0105 l\u016bp\u0173 od\u0105. SPF faktorius apsaugo nuo \u017ealingo saul\u0117s spinduli\u0173 poveikio. &nbsp;<\/p>\n","protected":false},"featured_media":81046,"template":"","meta":[],"product_cat":[1386],"product_tag":[],"class_list":{"0":"post-33949","1":"product","2":"type-product","3":"status-publish","4":"has-post-thumbnail","6":"product_brand-belordizain_by-lt","7":"product_cat-lupu-balzamas","9":"first","10":"outofstock","11":"taxable","12":"shipping-taxable","13":"product-type-simple"},"_links":{"self":[{"href":"https:\/\/e.kosmolat.eu\/lt\/wp-json\/wp\/v2\/product\/33949","targetHints":{"allow":["GET"]}}],"collection":[{"href":"https:\/\/e.kosmolat.eu\/lt\/wp-json\/wp\/v2\/product"}],"about":[{"href":"https:\/\/e.kosmolat.eu\/lt\/wp-json\/wp\/v2\/types\/product"}],"wp:featuredmedia":[{"embeddable":true,"href":"https:\/\/e.kosmolat.eu\/lt\/wp-json\/wp\/v2\/media\/81046"}],"wp:attachment":[{"href":"https:\/\/e.kosmolat.eu\/lt\/wp-json\/wp\/v2\/media?parent=33949"}],"wp:term":[{"taxonomy":"product_cat","embeddable":true,"href":"https:\/\/e.kosmolat.eu\/lt\/wp-json\/wp\/v2\/product_cat?post=33949"},{"taxonomy":"product_tag","embeddable":true,"href":"https:\/\/e.kosmolat.eu\/lt\/wp-json\/wp\/v2\/product_tag?post=33949"}],"curies":[{"name":"wp","href":"https:\/\/api.w.org\/{rel}","templated":true}]}}