{"id":33929,"date":"2023-12-21T19:22:04","date_gmt":"2023-12-21T19:22:04","guid":{"rendered":"https:\/\/e.kosmolat.eu\/product\/dr-s-coconut-hair-balzams-200-ml\/"},"modified":"2026-04-21T07:48:52","modified_gmt":"2026-04-21T07:48:52","slug":"dr-s-coconut-hair-balzams-200-ml","status":"publish","type":"product","link":"https:\/\/e.kosmolat.eu\/lt\/produktas\/dr-s-coconut-hair-balzams-200-ml\/","title":{"rendered":"DR. SANTE COCONUT Hair Plauk\u0173 balzamas, 200 ml"},"content":{"rendered":"<p>Ekstra dr\u0117kinimas. Kokos\u0173 aliejus. Blizgesys ir &scaron;ilko &scaron;velnumas. Sausiems ir l\u016b\u017ein\u0117jantiems plaukams. Blankumo pa&scaron;alinimas.<\/p>\n<p>Mink&scaron;tumas ir glotnumas. Lengvas &scaron;ukavimas. Balzamas dr\u0117kina, maitina ir atkuria pa\u017eeistus plaukus. Suteikia elastingumo, blizgesio ir i&scaron;puosel\u0117tos i&scaron;vaizdos, pa&scaron;alina pernelyg didel\u012f purum\u0105. Neapsunkina ir neriebina plauk\u0173. Tinka net labai ploniems plaukams.<\/p>\n<p><strong>Naudojimas: <\/strong>paskirstykite ant &scaron;vari\u0173, dr\u0117gn\u0173 plauk\u0173, paskirstykite per vis\u0105 ilg\u012f, vengdami &scaron;akn\u0173 zonos. Palikite 2-3 minutes, tada kruop&scaron;\u010diai nuplaukite. Naudoti &nbsp;su kiekvienu plauk\u0173 plovimu.<\/p>\n<p><strong>Atsargumo priemon\u0117s: <\/strong>Patekus \u012f akis, praplauti vandeniu. Galimas individualus jautrumas atskiriems komponentams.<br \/>\n&nbsp;<\/p>\n","protected":false},"excerpt":{"rendered":"<p>Ekstra dr\u0117kinimas. Kokos\u0173 aliejus. Blizgesys ir &scaron;ilko &scaron;velnumas. Sausiems ir l\u016b\u017ein\u0117jantiems plaukams. Blankumo pa&scaron;alinimas. Mink&scaron;tumas ir glotnumas. Lengvas &scaron;ukavimas. Balzamas dr\u0117kina, maitina ir atkuria pa\u017eeistus plaukus. Suteikia elastingumo, blizgesio ir i&scaron;puosel\u0117tos i&scaron;vaizdos, pa&scaron;alina pernelyg didel\u012f purum\u0105. Neapsunkina ir neriebina plauk\u0173. Tinka net labai ploniems plaukams. Naudojimas: paskirstykite ant &scaron;vari\u0173, dr\u0117gn\u0173 plauk\u0173, paskirstykite per vis\u0105 ilg\u012f, [&#8230;]\n","protected":false},"featured_media":80918,"template":"","meta":[],"product_cat":[1640],"product_tag":[],"class_list":{"0":"post-33929","1":"product","2":"type-product","3":"status-publish","4":"has-post-thumbnail","6":"product_brand-elfa_ua-lt","7":"product_cat-balzamai","9":"first","10":"instock","11":"taxable","12":"shipping-taxable","13":"product-type-simple"},"_links":{"self":[{"href":"https:\/\/e.kosmolat.eu\/lt\/wp-json\/wp\/v2\/product\/33929","targetHints":{"allow":["GET"]}}],"collection":[{"href":"https:\/\/e.kosmolat.eu\/lt\/wp-json\/wp\/v2\/product"}],"about":[{"href":"https:\/\/e.kosmolat.eu\/lt\/wp-json\/wp\/v2\/types\/product"}],"wp:featuredmedia":[{"embeddable":true,"href":"https:\/\/e.kosmolat.eu\/lt\/wp-json\/wp\/v2\/media\/80918"}],"wp:attachment":[{"href":"https:\/\/e.kosmolat.eu\/lt\/wp-json\/wp\/v2\/media?parent=33929"}],"wp:term":[{"taxonomy":"product_cat","embeddable":true,"href":"https:\/\/e.kosmolat.eu\/lt\/wp-json\/wp\/v2\/product_cat?post=33929"},{"taxonomy":"product_tag","embeddable":true,"href":"https:\/\/e.kosmolat.eu\/lt\/wp-json\/wp\/v2\/product_tag?post=33929"}],"curies":[{"name":"wp","href":"https:\/\/api.w.org\/{rel}","templated":true}]}}