{"id":33921,"date":"2023-12-21T19:21:23","date_gmt":"2023-12-21T19:21:23","guid":{"rendered":"https:\/\/e.kosmolat.eu\/product\/i_dr-s-anti-hair-loss-sprejs-matiem-150-ml\/"},"modified":"2026-05-09T01:05:33","modified_gmt":"2026-05-09T01:05:33","slug":"dr-s-anti-hair-loss-sprejs-matiem-150-ml","status":"publish","type":"product","link":"https:\/\/e.kosmolat.eu\/lt\/produktas\/dr-s-anti-hair-loss-sprejs-matiem-150-ml\/","title":{"rendered":"DR. SANTE Anti Hair Loss Plauk\u0173 pur\u0161kiklis"},"content":{"rendered":"<p>Nuo plauk\u0173 slinkimo. Skatina plauk\u0173 augim\u0105. Silpniems ir linkusiems \u012f slinkim\u0105 plaukams. Pur\u0161kiklis palengvina \u0161ukavim\u0105, ma\u017eina plauk\u0173 l\u016b\u017ein\u0117jim\u0105. <\/p>\n<h4>Naudojimo b\u016bdas: <\/h4>\n<p>purk\u0161kite ant \u0161vari\u0173 saus\u0173 arba dr\u0117gn\u0173 plauk\u0173 15-20 cm atstumu. Nenuplaunamas.<\/p>\n","protected":false},"excerpt":{"rendered":"<p>Nuo plauk\u0173 slinkimo. Skatina plauk\u0173 augim\u0105. Silpniems ir linkusiems \u012f slinkim\u0105 plaukams. Pur\u0161kiklis palengvina \u0161ukavim\u0105, ma\u017eina plauk\u0173 l\u016b\u017ein\u0117jim\u0105. Naudojimo b\u016bdas: purk\u0161kite ant \u0161vari\u0173 saus\u0173 arba dr\u0117gn\u0173 plauk\u0173 15-20 cm atstumu. Nenuplaunamas.<\/p>\n","protected":false},"featured_media":80910,"template":"","meta":[],"product_cat":[1345],"product_tag":[],"class_list":{"0":"post-33921","1":"product","2":"type-product","3":"status-publish","4":"has-post-thumbnail","6":"product_brand-elfa_ua-lt","7":"product_cat-kitos-plauku-prieziuros-priemones","9":"first","10":"instock","11":"taxable","12":"shipping-taxable","13":"product-type-simple"},"_links":{"self":[{"href":"https:\/\/e.kosmolat.eu\/lt\/wp-json\/wp\/v2\/product\/33921","targetHints":{"allow":["GET"]}}],"collection":[{"href":"https:\/\/e.kosmolat.eu\/lt\/wp-json\/wp\/v2\/product"}],"about":[{"href":"https:\/\/e.kosmolat.eu\/lt\/wp-json\/wp\/v2\/types\/product"}],"wp:featuredmedia":[{"embeddable":true,"href":"https:\/\/e.kosmolat.eu\/lt\/wp-json\/wp\/v2\/media\/80910"}],"wp:attachment":[{"href":"https:\/\/e.kosmolat.eu\/lt\/wp-json\/wp\/v2\/media?parent=33921"}],"wp:term":[{"taxonomy":"product_cat","embeddable":true,"href":"https:\/\/e.kosmolat.eu\/lt\/wp-json\/wp\/v2\/product_cat?post=33921"},{"taxonomy":"product_tag","embeddable":true,"href":"https:\/\/e.kosmolat.eu\/lt\/wp-json\/wp\/v2\/product_tag?post=33921"}],"curies":[{"name":"wp","href":"https:\/\/api.w.org\/{rel}","templated":true}]}}