{"id":33917,"date":"2023-12-21T19:20:59","date_gmt":"2023-12-21T19:20:59","guid":{"rendered":"https:\/\/e.kosmolat.eu\/product\/i_dr-s-anti-hair-loss-balzams-200-ml\/"},"modified":"2026-04-21T13:38:47","modified_gmt":"2026-04-21T13:38:47","slug":"dr-s-anti-hair-loss-balzams-200-ml","status":"publish","type":"product","link":"https:\/\/e.kosmolat.eu\/lt\/produktas\/dr-s-anti-hair-loss-balzams-200-ml\/","title":{"rendered":"DR. SANTE Anti Hair Loss Plauk\u0173 balzamas, 200 ml"},"content":{"rendered":"<p>Nuo plauk\u0173 slinkimo. Trichogen complex. Skatina plauk\u0173 augim\u0105. Silpniems ir linkusiems \u012f slinkim\u0105 plaukams. Sud\u0117tyje yra aminor\u016bg\u0161\u010di\u0173, vitamin\u0173, mineral\u0173 ir protein\u0173, intensyviai veikia nuo \u0161akn\u0173 iki pat galiuk\u0173. Atstato plauk\u0173 strukt\u016br\u0105, skatina sveik\u0173 ir stipri\u0173 plauk\u0173 augim\u0105.  Per\u0173 Maca ekstraktas stiprina plauk\u0173 svog\u016bn\u0117lius, skatina kolageno sintez\u0119. Prailgina plauk\u0173 augimo faz\u0119 ir ma\u017eina slinkim\u0105. Lubin\u0173 s\u0117kl\u0173 proteinai palankiai veikia plauk\u0173 b\u016bkl\u0119, suteikia jiems blizges\u012f ir stiprum\u0105. Apsaugo plaukus esant mechaniniam ir cheminiam poveikiui, d\u017eiovinant plauk\u0173 d\u017eiovintuv\u0173, formuojant, da\u017eant. Sancha Inchi s\u0117kl\u0173 aliejuje yra didel\u0117 riebi\u0173j\u0173 r\u016bg\u0161\u010di\u0173 (Omega 3, Omega 6)koncentracija , atnaujina lipidin\u012f plauk\u0173 sluoksn\u012f. Apsaugo plaukus nuo l\u016b\u017ein\u0117jimo ir galiuk\u0173 besi\u0161akojimo. Balzamas suteikia plaukams mink\u0161tum\u0105 ir elastingum\u0105, lygum\u0105 ir \u017evilges\u012f. Palengvina \u0161ukavim\u0105. <\/p>\n<h4>Naudojimo b\u016bdas: <\/h4>\n<p>reikiam\u0105 balzamo kiek\u012f u\u017etepkite ant dr\u0117gn\u0173 ir \u0161vari\u0173 plauk\u0173, paskirstykite per vis\u0105 plauko ilg\u012f, tada nuplaukite vandeniu.\u00a0<\/p>\n","protected":false},"excerpt":{"rendered":"<p>Nuo plauk\u0173 slinkimo. Trichogen complex. Skatina plauk\u0173 augim\u0105. Silpniems ir linkusiems \u012f slinkim\u0105 plaukams. Sud\u0117tyje yra aminor\u016bg\u0161\u010di\u0173, vitamin\u0173, mineral\u0173 ir protein\u0173, intensyviai veikia nuo \u0161akn\u0173 iki pat galiuk\u0173. Atstato plauk\u0173 strukt\u016br\u0105, skatina sveik\u0173 ir stipri\u0173 plauk\u0173 augim\u0105. Per\u0173 Maca ekstraktas stiprina plauk\u0173 svog\u016bn\u0117lius, skatina kolageno sintez\u0119. Prailgina plauk\u0173 augimo faz\u0119 ir ma\u017eina slinkim\u0105. Lubin\u0173 s\u0117kl\u0173 [&#8230;]\n","protected":false},"featured_media":80902,"template":"","meta":[],"product_cat":[1640],"product_tag":[],"class_list":{"0":"post-33917","1":"product","2":"type-product","3":"status-publish","4":"has-post-thumbnail","6":"product_brand-elfa_ua-lt","7":"product_cat-balzamai","9":"first","10":"instock","11":"taxable","12":"shipping-taxable","13":"product-type-simple"},"_links":{"self":[{"href":"https:\/\/e.kosmolat.eu\/lt\/wp-json\/wp\/v2\/product\/33917","targetHints":{"allow":["GET"]}}],"collection":[{"href":"https:\/\/e.kosmolat.eu\/lt\/wp-json\/wp\/v2\/product"}],"about":[{"href":"https:\/\/e.kosmolat.eu\/lt\/wp-json\/wp\/v2\/types\/product"}],"wp:featuredmedia":[{"embeddable":true,"href":"https:\/\/e.kosmolat.eu\/lt\/wp-json\/wp\/v2\/media\/80902"}],"wp:attachment":[{"href":"https:\/\/e.kosmolat.eu\/lt\/wp-json\/wp\/v2\/media?parent=33917"}],"wp:term":[{"taxonomy":"product_cat","embeddable":true,"href":"https:\/\/e.kosmolat.eu\/lt\/wp-json\/wp\/v2\/product_cat?post=33917"},{"taxonomy":"product_tag","embeddable":true,"href":"https:\/\/e.kosmolat.eu\/lt\/wp-json\/wp\/v2\/product_tag?post=33917"}],"curies":[{"name":"wp","href":"https:\/\/api.w.org\/{rel}","templated":true}]}}