{"id":33897,"date":"2023-12-21T19:19:15","date_gmt":"2023-12-21T19:19:15","guid":{"rendered":"https:\/\/e.kosmolat.eu\/product\/dd-higieniska-lupu-krasa-eikalipts-un-alveja-36-g\/"},"modified":"2026-04-24T05:33:22","modified_gmt":"2026-04-24T05:33:22","slug":"i_dd-higieniska-lupu-krasa-eikalipts-un-alveja-36-g","status":"publish","type":"product","link":"https:\/\/e.kosmolat.eu\/lt\/produktas\/i_dd-higieniska-lupu-krasa-eikalipts-un-alveja-36-g\/","title":{"rendered":"&#8220;DD&#8221; Higieninis l\u016bp\u0173 pie\u0161tukas &#8220;Eukaliptas ir alavijai&#8221;, 3,6 g"},"content":{"rendered":"<\/p>\n","protected":false},"excerpt":{"rendered":"","protected":false},"featured_media":80970,"template":"","meta":[],"product_cat":[1386],"product_tag":[],"class_list":{"0":"post-33897","1":"product","2":"type-product","3":"status-publish","4":"has-post-thumbnail","6":"product_brand-elfa_ua-lt","7":"product_cat-lupu-balzamas","9":"first","10":"instock","11":"taxable","12":"shipping-taxable","13":"product-type-simple"},"_links":{"self":[{"href":"https:\/\/e.kosmolat.eu\/lt\/wp-json\/wp\/v2\/product\/33897","targetHints":{"allow":["GET"]}}],"collection":[{"href":"https:\/\/e.kosmolat.eu\/lt\/wp-json\/wp\/v2\/product"}],"about":[{"href":"https:\/\/e.kosmolat.eu\/lt\/wp-json\/wp\/v2\/types\/product"}],"wp:featuredmedia":[{"embeddable":true,"href":"https:\/\/e.kosmolat.eu\/lt\/wp-json\/wp\/v2\/media\/80970"}],"wp:attachment":[{"href":"https:\/\/e.kosmolat.eu\/lt\/wp-json\/wp\/v2\/media?parent=33897"}],"wp:term":[{"taxonomy":"product_cat","embeddable":true,"href":"https:\/\/e.kosmolat.eu\/lt\/wp-json\/wp\/v2\/product_cat?post=33897"},{"taxonomy":"product_tag","embeddable":true,"href":"https:\/\/e.kosmolat.eu\/lt\/wp-json\/wp\/v2\/product_tag?post=33897"}],"curies":[{"name":"wp","href":"https:\/\/api.w.org\/{rel}","templated":true}]}}