{"id":33889,"date":"2023-12-21T19:18:43","date_gmt":"2023-12-21T19:18:43","guid":{"rendered":"https:\/\/e.kosmolat.eu\/product\/dd-higieniska-lupu-krasa-dzervene-un-bruklene-36-g\/"},"modified":"2026-04-24T05:32:35","modified_gmt":"2026-04-24T05:32:35","slug":"i_dd-higieniska-lupu-krasa-dzervene-un-bruklene-36-g","status":"publish","type":"product","link":"https:\/\/e.kosmolat.eu\/lt\/produktas\/i_dd-higieniska-lupu-krasa-dzervene-un-bruklene-36-g\/","title":{"rendered":"THE DOCTOR HEALTH &#038; CARE Higieninis l\u016bp\u0173 pie\u0161tukas Spanguol\u0117s ir brukn\u0117s, 3,6 g"},"content":{"rendered":"<p>Mink&scaron;tina ir apsaugo l\u016bpas.<\/p>\n<p><strong>Naudojimas: <\/strong>tepkite ant l\u016bp\u0173.<br \/>\n&nbsp;<\/p>\n","protected":false},"excerpt":{"rendered":"<p>Mink&scaron;tina ir apsaugo l\u016bpas. Naudojimas: tepkite ant l\u016bp\u0173. &nbsp;<\/p>\n","protected":false},"featured_media":80954,"template":"","meta":[],"product_cat":[1593],"product_tag":[],"class_list":{"0":"post-33889","1":"product","2":"type-product","3":"status-publish","4":"has-post-thumbnail","6":"product_brand-elfa_ua-lt","7":"product_cat-lupu-prieziura","9":"first","10":"instock","11":"taxable","12":"shipping-taxable","13":"product-type-simple"},"_links":{"self":[{"href":"https:\/\/e.kosmolat.eu\/lt\/wp-json\/wp\/v2\/product\/33889","targetHints":{"allow":["GET"]}}],"collection":[{"href":"https:\/\/e.kosmolat.eu\/lt\/wp-json\/wp\/v2\/product"}],"about":[{"href":"https:\/\/e.kosmolat.eu\/lt\/wp-json\/wp\/v2\/types\/product"}],"wp:featuredmedia":[{"embeddable":true,"href":"https:\/\/e.kosmolat.eu\/lt\/wp-json\/wp\/v2\/media\/80954"}],"wp:attachment":[{"href":"https:\/\/e.kosmolat.eu\/lt\/wp-json\/wp\/v2\/media?parent=33889"}],"wp:term":[{"taxonomy":"product_cat","embeddable":true,"href":"https:\/\/e.kosmolat.eu\/lt\/wp-json\/wp\/v2\/product_cat?post=33889"},{"taxonomy":"product_tag","embeddable":true,"href":"https:\/\/e.kosmolat.eu\/lt\/wp-json\/wp\/v2\/product_tag?post=33889"}],"curies":[{"name":"wp","href":"https:\/\/api.w.org\/{rel}","templated":true}]}}