{"id":33873,"date":"2023-12-21T19:17:47","date_gmt":"2023-12-21T19:17:47","guid":{"rendered":"https:\/\/e.kosmolat.eu\/product\/dd-lupu-balzams-ar-d-pantenolu-visai-gimenei-36-g\/"},"modified":"2026-04-23T13:25:28","modified_gmt":"2026-04-23T13:25:28","slug":"dd-lupu-balzams-ar-d-pantenolu-visai-gimenei-36-g","status":"publish","type":"product","link":"https:\/\/e.kosmolat.eu\/lt\/produktas\/dd-lupu-balzams-ar-d-pantenolu-visai-gimenei-36-g\/","title":{"rendered":"DOMA\u0160NIJ DOKTOR L\u016bp\u0173 balzamas Visai \u0161eimai su pantenoliu, 3.6 g"},"content":{"rendered":"<p>Vitaminai A ir E. Suskilin\u0117jusios odos atk\u016brimas. Apsauga nuo v\u0117jo, &scaron;al\u010dio ir saul\u0117s. Mink&scaron;tina, maitina ir atkuria suskilin\u0117jusi\u0105 od\u0105; nesausina, nepalieka blizgesio po u\u017etepimo; D-pantenolis regeneruoja ir dr\u0117kina od\u0105.<\/p>\n","protected":false},"excerpt":{"rendered":"<p>Vitaminai A ir E. Suskilin\u0117jusios odos atk\u016brimas. Apsauga nuo v\u0117jo, &scaron;al\u010dio ir saul\u0117s. Mink&scaron;tina, maitina ir atkuria suskilin\u0117jusi\u0105 od\u0105; nesausina, nepalieka blizgesio po u\u017etepimo; D-pantenolis regeneruoja ir dr\u0117kina od\u0105.<\/p>\n","protected":false},"featured_media":80942,"template":"","meta":[],"product_cat":[1386],"product_tag":[],"class_list":{"0":"post-33873","1":"product","2":"type-product","3":"status-publish","4":"has-post-thumbnail","6":"product_brand-elfa_ua-lt","7":"product_cat-lupu-balzamas","9":"first","10":"instock","11":"taxable","12":"shipping-taxable","13":"product-type-simple"},"_links":{"self":[{"href":"https:\/\/e.kosmolat.eu\/lt\/wp-json\/wp\/v2\/product\/33873","targetHints":{"allow":["GET"]}}],"collection":[{"href":"https:\/\/e.kosmolat.eu\/lt\/wp-json\/wp\/v2\/product"}],"about":[{"href":"https:\/\/e.kosmolat.eu\/lt\/wp-json\/wp\/v2\/types\/product"}],"wp:featuredmedia":[{"embeddable":true,"href":"https:\/\/e.kosmolat.eu\/lt\/wp-json\/wp\/v2\/media\/80942"}],"wp:attachment":[{"href":"https:\/\/e.kosmolat.eu\/lt\/wp-json\/wp\/v2\/media?parent=33873"}],"wp:term":[{"taxonomy":"product_cat","embeddable":true,"href":"https:\/\/e.kosmolat.eu\/lt\/wp-json\/wp\/v2\/product_cat?post=33873"},{"taxonomy":"product_tag","embeddable":true,"href":"https:\/\/e.kosmolat.eu\/lt\/wp-json\/wp\/v2\/product_tag?post=33873"}],"curies":[{"name":"wp","href":"https:\/\/api.w.org\/{rel}","templated":true}]}}