{"id":33849,"date":"2023-12-21T19:16:01","date_gmt":"2023-12-21T19:16:01","guid":{"rendered":"https:\/\/e.kosmolat.eu\/product\/dr-s-keratin-sprejs-150-ml\/"},"modified":"2026-04-24T07:33:36","modified_gmt":"2026-04-24T07:33:36","slug":"dr-s-keratin-sprejs-150-ml","status":"publish","type":"product","link":"https:\/\/e.kosmolat.eu\/lt\/produktas\/dr-s-keratin-sprejs-150-ml\/","title":{"rendered":"DR.SANTE Keratin Pur\u0161kiklis papilk\u0117jusiems, l\u016b\u017ein\u0117jantiems plaukams, 150 ml"},"content":{"rendered":"<p>Plauk\u0173 strukt\u016bros atstatymas. Lengvas \u0161ukavimas. Nuobodiems ir l\u016b\u017ein\u0117jantiems plaukams.<br \/>\nSerijos pagrindas yra specialus keratino, arginino ir kolageno Pro-Keratin kompleksas, skirtas atkurti plaukus per vis\u0105 ilg\u012f.<\/p>\n<p>Keratinas &ndash; pagrindinis plauko &bdquo;statybinis&ldquo; komponentas, integruojasi \u012f pa\u017eeistas vietas, atkuria plauko strukt\u016br\u0105 i\u0161 vidaus.<\/p>\n<p>Argininas yra aminor\u016bg\u0161tis, suteikianti plaukams tvirtumo ir energijos.<\/p>\n<p>Kolagenas &ndash; suformuoja nematom\u0105 pl\u0117vel\u0119, stiprina plaukus, saugo nuo \u0161iluminio poveikio.<\/p>\n<p>D\u0117l Pro-Keratin formul\u0117s pur\u0161kiklis suteikia plaukams veiksming\u0105 prie\u017ei\u016br\u0105 &ndash; i\u0161\u0161ukuoja plaukus ir palengvina i\u0161\u0161ukavim\u0105, pa\u0161alina blankum\u0105 ir sausum\u0105, padidina elastingum\u0105, suteikia plaukams \u017evilgesio ir i\u0161puosel\u0117t\u0105 i\u0161vaizd\u0105. Neapsunkina plauk\u0173 ir ilgam palieka malon\u0173 kvap\u0105.*<br \/>\nNorint pasiekti maksimal\u0173 efekt\u0105, rekomenduojama naudoti visus serijos produktus.<br \/>\n*Efektyvum\u0105 patvirtina 4 savai\u010di\u0173 vartotoj\u0173 bandym\u0173 rezultatai.<\/p>\n<p><strong>Naudojimo b\u016bdas:&nbsp;<\/strong>purk\u0161ti 15-20 cm atstumu ant \u0161vari\u0173, saus\u0173 arba dr\u0117gn\u0173 plauk\u0173. Nenuplaukite. Rekomenduojama tepti prie\u0161 kiekvien\u0105 termin\u012f apdorojim\u0105. Atsargumo priemon\u0117s: Patekus \u012f akis, praplauti vandeniu. Galimas padid\u0117j\u0119s individualus jautrumas atskiriems komponentams.<br \/>\n&nbsp;<\/p>\n","protected":false},"excerpt":{"rendered":"<p>Plauk\u0173 strukt\u016bros atstatymas. Lengvas \u0161ukavimas. Nuobodiems ir l\u016b\u017ein\u0117jantiems plaukams. Serijos pagrindas yra specialus keratino, arginino ir kolageno Pro-Keratin kompleksas, skirtas atkurti plaukus per vis\u0105 ilg\u012f. Keratinas &ndash; pagrindinis plauko &bdquo;statybinis&ldquo; komponentas, integruojasi \u012f pa\u017eeistas vietas, atkuria plauko strukt\u016br\u0105 i\u0161 vidaus. Argininas yra aminor\u016bg\u0161tis, suteikianti plaukams tvirtumo ir energijos. Kolagenas &ndash; suformuoja nematom\u0105 pl\u0117vel\u0119, stiprina plaukus, [&#8230;]\n","protected":false},"featured_media":80886,"template":"","meta":[],"product_cat":[1345],"product_tag":[],"class_list":{"0":"post-33849","1":"product","2":"type-product","3":"status-publish","4":"has-post-thumbnail","6":"product_brand-elfa_ua-lt","7":"product_cat-kitos-plauku-prieziuros-priemones","9":"first","10":"instock","11":"taxable","12":"shipping-taxable","13":"product-type-simple"},"_links":{"self":[{"href":"https:\/\/e.kosmolat.eu\/lt\/wp-json\/wp\/v2\/product\/33849","targetHints":{"allow":["GET"]}}],"collection":[{"href":"https:\/\/e.kosmolat.eu\/lt\/wp-json\/wp\/v2\/product"}],"about":[{"href":"https:\/\/e.kosmolat.eu\/lt\/wp-json\/wp\/v2\/types\/product"}],"wp:featuredmedia":[{"embeddable":true,"href":"https:\/\/e.kosmolat.eu\/lt\/wp-json\/wp\/v2\/media\/80886"}],"wp:attachment":[{"href":"https:\/\/e.kosmolat.eu\/lt\/wp-json\/wp\/v2\/media?parent=33849"}],"wp:term":[{"taxonomy":"product_cat","embeddable":true,"href":"https:\/\/e.kosmolat.eu\/lt\/wp-json\/wp\/v2\/product_cat?post=33849"},{"taxonomy":"product_tag","embeddable":true,"href":"https:\/\/e.kosmolat.eu\/lt\/wp-json\/wp\/v2\/product_tag?post=33849"}],"curies":[{"name":"wp","href":"https:\/\/api.w.org\/{rel}","templated":true}]}}