{"id":33845,"date":"2023-12-21T19:15:39","date_gmt":"2023-12-21T19:15:39","guid":{"rendered":"https:\/\/e.kosmolat.eu\/product\/dr-s-keratin-maska-300-ml\/"},"modified":"2026-04-17T12:19:55","modified_gmt":"2026-04-17T12:19:55","slug":"dr-s-keratin-maska-300-ml","status":"publish","type":"product","link":"https:\/\/e.kosmolat.eu\/lt\/produktas\/dr-s-keratin-maska-300-ml\/","title":{"rendered":"DR.SANTE Keratin Kauk\u0117 pavargusiems ir l\u016b\u017ein\u0117jantiems plaukams, 300 ml"},"content":{"rendered":"<p>Plauk\u0173 strukt\u016bros atstatymas. Serijos pagrindas yra specialus keratino, arginino ir kolageno Pro-Keratin kompleksas, skirtas atkurti plaukus per vis\u0105 ilg\u012f.<\/p>\n<p>Kauk\u0117 su baltym\u0173 kompleksu apsaugo plaukus nuo aplinkos poveikio (v\u0117jo, saul\u0117s, &scaron;al\u010dio), suteikia plaukams &scaron;ilumin\u0119 apsaug\u0105 (plauk\u0173 d\u017eiovintuvas, tiesintuvas), apsaugo nuo trapumo ir l\u016b\u017ein\u0117jimo, dr\u0117kina ir maitina, palengvina &scaron;ukavim\u0105. Rezultatas: gerai pri\u017ei\u016br\u0117ti plaukai per vis\u0105 ilg\u012f.<\/p>\n<p><strong>Naudojimas:<\/strong> tepkite ant &scaron;akn\u0173 zonos ir paskirstykite per vis\u0105 ilg\u012f. Po 2-3 minu\u010di\u0173 nuplaukite vandeniu.<br \/>\n&nbsp;<\/p>\n","protected":false},"excerpt":{"rendered":"<p>Plauk\u0173 strukt\u016bros atstatymas. Serijos pagrindas yra specialus keratino, arginino ir kolageno Pro-Keratin kompleksas, skirtas atkurti plaukus per vis\u0105 ilg\u012f. Kauk\u0117 su baltym\u0173 kompleksu apsaugo plaukus nuo aplinkos poveikio (v\u0117jo, saul\u0117s, &scaron;al\u010dio), suteikia plaukams &scaron;ilumin\u0119 apsaug\u0105 (plauk\u0173 d\u017eiovintuvas, tiesintuvas), apsaugo nuo trapumo ir l\u016b\u017ein\u0117jimo, dr\u0117kina ir maitina, palengvina &scaron;ukavim\u0105. Rezultatas: gerai pri\u017ei\u016br\u0117ti plaukai per vis\u0105 ilg\u012f. [&#8230;]\n","protected":false},"featured_media":80882,"template":"","meta":[],"product_cat":[1256],"product_tag":[],"class_list":{"0":"post-33845","1":"product","2":"type-product","3":"status-publish","4":"has-post-thumbnail","6":"product_brand-elfa_ua-lt","7":"product_cat-plauku-kaukes","9":"first","10":"instock","11":"taxable","12":"shipping-taxable","13":"product-type-simple"},"_links":{"self":[{"href":"https:\/\/e.kosmolat.eu\/lt\/wp-json\/wp\/v2\/product\/33845","targetHints":{"allow":["GET"]}}],"collection":[{"href":"https:\/\/e.kosmolat.eu\/lt\/wp-json\/wp\/v2\/product"}],"about":[{"href":"https:\/\/e.kosmolat.eu\/lt\/wp-json\/wp\/v2\/types\/product"}],"wp:featuredmedia":[{"embeddable":true,"href":"https:\/\/e.kosmolat.eu\/lt\/wp-json\/wp\/v2\/media\/80882"}],"wp:attachment":[{"href":"https:\/\/e.kosmolat.eu\/lt\/wp-json\/wp\/v2\/media?parent=33845"}],"wp:term":[{"taxonomy":"product_cat","embeddable":true,"href":"https:\/\/e.kosmolat.eu\/lt\/wp-json\/wp\/v2\/product_cat?post=33845"},{"taxonomy":"product_tag","embeddable":true,"href":"https:\/\/e.kosmolat.eu\/lt\/wp-json\/wp\/v2\/product_tag?post=33845"}],"curies":[{"name":"wp","href":"https:\/\/api.w.org\/{rel}","templated":true}]}}