{"id":33841,"date":"2023-12-21T19:15:18","date_gmt":"2023-12-21T19:15:18","guid":{"rendered":"https:\/\/e.kosmolat.eu\/product\/dr-s-keratin-sampuns-250-ml\/"},"modified":"2026-04-22T10:30:44","modified_gmt":"2026-04-22T10:30:44","slug":"dr-s-keratin-sampuns-250-ml","status":"publish","type":"product","link":"https:\/\/e.kosmolat.eu\/lt\/produktas\/dr-s-keratin-sampuns-250-ml\/","title":{"rendered":"DR.SANTE Keratin \u0160amp\u016bnas pavargusiems ir l\u016b\u017ein\u0117jantiems plaukams, 250 ml"},"content":{"rendered":"<p>Plauk\u0173 strukt\u016bros atk\u016brimas. Serijos pagrindas yra specialus keratino, arginino ir kolageno Pro-Keratin kompleksas, skirtas atkurti plaukus per vis\u0105 ilg\u012f. Mink&scaron;tas &scaron;amp\u016bno pagrindas suteikia &scaron;velni\u0105 prie\u017ei\u016br\u0105, nepa\u017eeid\u017eiant plauk\u0173 strukt\u016bros. Suteikia plaukams apimties ir blizgesio, lengvumo ir elastingumo.<\/p>\n<p><strong>Naudojimas: <\/strong>tepkite ant dr\u0117gn\u0173 plauk\u0173, suputokite, nuplaukite vandeniu. Jei reikia, pakartokite proced\u016br\u0105.<br \/>\n&nbsp;<\/p>\n","protected":false},"excerpt":{"rendered":"<p>Plauk\u0173 strukt\u016bros atk\u016brimas. Serijos pagrindas yra specialus keratino, arginino ir kolageno Pro-Keratin kompleksas, skirtas atkurti plaukus per vis\u0105 ilg\u012f. Mink&scaron;tas &scaron;amp\u016bno pagrindas suteikia &scaron;velni\u0105 prie\u017ei\u016br\u0105, nepa\u017eeid\u017eiant plauk\u0173 strukt\u016bros. Suteikia plaukams apimties ir blizgesio, lengvumo ir elastingumo. Naudojimas: tepkite ant dr\u0117gn\u0173 plauk\u0173, suputokite, nuplaukite vandeniu. Jei reikia, pakartokite proced\u016br\u0105. &nbsp;<\/p>\n","protected":false},"featured_media":80878,"template":"","meta":[],"product_cat":[2181],"product_tag":[],"class_list":{"0":"post-33841","1":"product","2":"type-product","3":"status-publish","4":"has-post-thumbnail","6":"product_brand-elfa_ua-lt","7":"product_cat-bez-kategorijas-lt","9":"first","10":"instock","11":"taxable","12":"shipping-taxable","13":"product-type-simple"},"_links":{"self":[{"href":"https:\/\/e.kosmolat.eu\/lt\/wp-json\/wp\/v2\/product\/33841","targetHints":{"allow":["GET"]}}],"collection":[{"href":"https:\/\/e.kosmolat.eu\/lt\/wp-json\/wp\/v2\/product"}],"about":[{"href":"https:\/\/e.kosmolat.eu\/lt\/wp-json\/wp\/v2\/types\/product"}],"wp:featuredmedia":[{"embeddable":true,"href":"https:\/\/e.kosmolat.eu\/lt\/wp-json\/wp\/v2\/media\/80878"}],"wp:attachment":[{"href":"https:\/\/e.kosmolat.eu\/lt\/wp-json\/wp\/v2\/media?parent=33841"}],"wp:term":[{"taxonomy":"product_cat","embeddable":true,"href":"https:\/\/e.kosmolat.eu\/lt\/wp-json\/wp\/v2\/product_cat?post=33841"},{"taxonomy":"product_tag","embeddable":true,"href":"https:\/\/e.kosmolat.eu\/lt\/wp-json\/wp\/v2\/product_tag?post=33841"}],"curies":[{"name":"wp","href":"https:\/\/api.w.org\/{rel}","templated":true}]}}