{"id":33833,"date":"2023-12-21T19:14:35","date_gmt":"2023-12-21T19:14:35","guid":{"rendered":"https:\/\/e.kosmolat.eu\/product\/i_fj-pilings-kermenim-apelsins-kanelis-200-ml\/"},"modified":"2026-04-23T07:41:57","modified_gmt":"2026-04-23T07:41:57","slug":"fj-pilings-kermenim-apelsins-kanelis-200-ml","status":"publish","type":"product","link":"https:\/\/e.kosmolat.eu\/lt\/produktas\/fj-pilings-kermenim-apelsins-kanelis-200-ml\/","title":{"rendered":"FRESH JUICE K\u016bno \u0161veitimo priemon\u0117 &#8220;Orange&#038;Cinnamon&#8221; 200ml"},"content":{"rendered":"<\/p>\n","protected":false},"excerpt":{"rendered":"","protected":false},"featured_media":80866,"template":"","meta":[],"product_cat":[2181],"product_tag":[],"class_list":{"0":"post-33833","1":"product","2":"type-product","3":"status-publish","4":"has-post-thumbnail","6":"product_brand-elfa_ua-lt","7":"product_cat-bez-kategorijas-lt","9":"first","10":"instock","11":"taxable","12":"shipping-taxable","13":"product-type-simple"},"_links":{"self":[{"href":"https:\/\/e.kosmolat.eu\/lt\/wp-json\/wp\/v2\/product\/33833","targetHints":{"allow":["GET"]}}],"collection":[{"href":"https:\/\/e.kosmolat.eu\/lt\/wp-json\/wp\/v2\/product"}],"about":[{"href":"https:\/\/e.kosmolat.eu\/lt\/wp-json\/wp\/v2\/types\/product"}],"wp:featuredmedia":[{"embeddable":true,"href":"https:\/\/e.kosmolat.eu\/lt\/wp-json\/wp\/v2\/media\/80866"}],"wp:attachment":[{"href":"https:\/\/e.kosmolat.eu\/lt\/wp-json\/wp\/v2\/media?parent=33833"}],"wp:term":[{"taxonomy":"product_cat","embeddable":true,"href":"https:\/\/e.kosmolat.eu\/lt\/wp-json\/wp\/v2\/product_cat?post=33833"},{"taxonomy":"product_tag","embeddable":true,"href":"https:\/\/e.kosmolat.eu\/lt\/wp-json\/wp\/v2\/product_tag?post=33833"}],"curies":[{"name":"wp","href":"https:\/\/api.w.org\/{rel}","templated":true}]}}