{"id":33809,"date":"2023-12-21T19:12:53","date_gmt":"2023-12-21T19:12:53","guid":{"rendered":"https:\/\/e.kosmolat.eu\/product\/za-micelarais-udens-3in1-muskatroze-un-kokvilna-500-ml-rus\/"},"modified":"2026-04-23T09:22:00","modified_gmt":"2026-04-23T09:22:00","slug":"gp-micelarais-udens-3in1-muskatroze-un-kokvilna-500-ml","status":"publish","type":"product","link":"https:\/\/e.kosmolat.eu\/lt\/produktas\/gp-micelarais-udens-3in1-muskatroze-un-kokvilna-500-ml\/","title":{"rendered":"GREEN PHARMACY Micelinis vanduo 3in1 Muskatin\u0117 ro\u017e\u0117 ir medviln\u0117, 500ml"},"content":{"rendered":"<p>Valymas, dr\u0117kinimas, tonizavimas. Vis\u0173 tip\u0173 odai, taip pat ir jautriai. Hialurono r\u016bg&scaron;tis. Jaunyst\u0117s i&scaron;saugojimas. Gerai nuvalo makia\u017e\u0105, pats papras\u010diausias b\u016bdas nuvalyti od\u0105. Micel\u0117s aptraukia ne&scaron;varumus ant odos ir lengvai juos pa&scaron;alina, atlieka pagrindin\u0119 funkcij\u0105 &ndash; &scaron;velniai ir efektyviai valo. Antra svarbi funkcija &ndash; hialurono r\u016bg&scaron;ties d\u0117ka puikiai dr\u0117kina od\u0105 ir saugo jos jaunyst\u0119. Tre\u010dia funkcija &ndash; tonizuoja od\u0105. Valymo proced\u016bros metu atliekamas lengvas odos masa\u017eas, nat\u016bral\u016bs ekstraktai suteikia odai tonus\u0105 ir pagerina jos spalv\u0105. Oda alsuoja gaivumu ir &scaron;vara. Hialurono r\u016bg&scaron;tis saugo odos dr\u0117gm\u0117s balans\u0105, jos stangrum\u0105, tonus\u0105 ir jaunyst\u0119. Medviln\u0117s ir ro\u017ei\u0173 ekstraktai mink&scaron;tina ir ramina od\u0105. Nenuplaunamas.<\/p>\n<p>Tinka aki\u0173, veido, l\u016bp\u0173, kaklo ir dekolt\u0117 zonos od\u0105 valyti. Kasdieniniam naudojimui.<\/p>\n<p><strong>Naudojimo b\u016bdas:<\/strong> u\u017etepkite priemon\u0117s ant vatos diskelio ir nuvalykite od\u0105.<\/p>\n","protected":false},"excerpt":{"rendered":"<p>Valymas, dr\u0117kinimas, tonizavimas. Vis\u0173 tip\u0173 odai, taip pat ir jautriai. Hialurono r\u016bg&scaron;tis. Jaunyst\u0117s i&scaron;saugojimas. Gerai nuvalo makia\u017e\u0105, pats papras\u010diausias b\u016bdas nuvalyti od\u0105. Micel\u0117s aptraukia ne&scaron;varumus ant odos ir lengvai juos pa&scaron;alina, atlieka pagrindin\u0119 funkcij\u0105 &ndash; &scaron;velniai ir efektyviai valo. Antra svarbi funkcija &ndash; hialurono r\u016bg&scaron;ties d\u0117ka puikiai dr\u0117kina od\u0105 ir saugo jos jaunyst\u0119. Tre\u010dia funkcija [&#8230;]\n","protected":false},"featured_media":104480,"template":"","meta":[],"product_cat":[2181],"product_tag":[],"class_list":{"0":"post-33809","1":"product","2":"type-product","3":"status-publish","4":"has-post-thumbnail","6":"product_brand-elfa_ua-lt","7":"product_cat-bez-kategorijas-lt","9":"first","10":"instock","11":"taxable","12":"shipping-taxable","13":"product-type-simple"},"_links":{"self":[{"href":"https:\/\/e.kosmolat.eu\/lt\/wp-json\/wp\/v2\/product\/33809","targetHints":{"allow":["GET"]}}],"collection":[{"href":"https:\/\/e.kosmolat.eu\/lt\/wp-json\/wp\/v2\/product"}],"about":[{"href":"https:\/\/e.kosmolat.eu\/lt\/wp-json\/wp\/v2\/types\/product"}],"wp:featuredmedia":[{"embeddable":true,"href":"https:\/\/e.kosmolat.eu\/lt\/wp-json\/wp\/v2\/media\/104480"}],"wp:attachment":[{"href":"https:\/\/e.kosmolat.eu\/lt\/wp-json\/wp\/v2\/media?parent=33809"}],"wp:term":[{"taxonomy":"product_cat","embeddable":true,"href":"https:\/\/e.kosmolat.eu\/lt\/wp-json\/wp\/v2\/product_cat?post=33809"},{"taxonomy":"product_tag","embeddable":true,"href":"https:\/\/e.kosmolat.eu\/lt\/wp-json\/wp\/v2\/product_tag?post=33809"}],"curies":[{"name":"wp","href":"https:\/\/api.w.org\/{rel}","templated":true}]}}