{"id":33797,"date":"2023-12-21T19:12:07","date_gmt":"2023-12-21T19:12:07","guid":{"rendered":"https:\/\/e.kosmolat.eu\/product\/za-sejas-toniks-zala-teja-200-ml\/"},"modified":"2026-04-23T12:14:39","modified_gmt":"2026-04-23T12:14:39","slug":"gp-sejas-toniks-zala-teja-200-ml","status":"publish","type":"product","link":"https:\/\/e.kosmolat.eu\/lt\/produktas\/gp-sejas-toniks-zala-teja-200-ml\/","title":{"rendered":"GREEN PHARMACY Veido tonikas \u017dalioji arbata, 200 ml"},"content":{"rendered":"<p>Visiems odos tipams. Dermatologi\u0161kai patikrinta.<br \/>\nU\u017ebaigia odos valymo proced\u016br\u0105. Pa\u0161alina ne\u0161varumus ir makia\u017eo liku\u010dius.<\/p>\n<p>\u017daliosios arbatos ekstraktas \u2013 nat\u016bralus antioksidantas, puikiai dr\u0117kinantis od\u0105.<\/p>\n<p>Naudojimas: U\u017etepkite tonik\u0105 ant vatos diskelio ir nuvalykite veid\u0105.<\/p>\n<p>Laikyti nuo +5\u00b0C iki +25\u00b0C temperat\u016broje.<\/p>\n","protected":false},"excerpt":{"rendered":"<p>Visiems odos tipams. Dermatologi\u0161kai patikrinta. U\u017ebaigia odos valymo proced\u016br\u0105. Pa\u0161alina ne\u0161varumus ir makia\u017eo liku\u010dius. \u017daliosios arbatos ekstraktas \u2013 nat\u016bralus antioksidantas, puikiai dr\u0117kinantis od\u0105. Naudojimas: U\u017etepkite tonik\u0105 ant vatos diskelio ir nuvalykite veid\u0105. Laikyti nuo +5\u00b0C iki +25\u00b0C temperat\u016broje.<\/p>\n","protected":false},"featured_media":80758,"template":"","meta":[],"product_cat":[1580],"product_tag":[],"class_list":{"0":"post-33797","1":"product","2":"type-product","3":"status-publish","4":"has-post-thumbnail","6":"product_brand-elfa_ua-lt","7":"product_cat-losjonai-ir-tonikai","9":"first","10":"instock","11":"taxable","12":"shipping-taxable","13":"product-type-simple"},"_links":{"self":[{"href":"https:\/\/e.kosmolat.eu\/lt\/wp-json\/wp\/v2\/product\/33797","targetHints":{"allow":["GET"]}}],"collection":[{"href":"https:\/\/e.kosmolat.eu\/lt\/wp-json\/wp\/v2\/product"}],"about":[{"href":"https:\/\/e.kosmolat.eu\/lt\/wp-json\/wp\/v2\/types\/product"}],"wp:featuredmedia":[{"embeddable":true,"href":"https:\/\/e.kosmolat.eu\/lt\/wp-json\/wp\/v2\/media\/80758"}],"wp:attachment":[{"href":"https:\/\/e.kosmolat.eu\/lt\/wp-json\/wp\/v2\/media?parent=33797"}],"wp:term":[{"taxonomy":"product_cat","embeddable":true,"href":"https:\/\/e.kosmolat.eu\/lt\/wp-json\/wp\/v2\/product_cat?post=33797"},{"taxonomy":"product_tag","embeddable":true,"href":"https:\/\/e.kosmolat.eu\/lt\/wp-json\/wp\/v2\/product_tag?post=33797"}],"curies":[{"name":"wp","href":"https:\/\/api.w.org\/{rel}","templated":true}]}}