{"id":33793,"date":"2023-12-21T19:11:47","date_gmt":"2023-12-21T19:11:47","guid":{"rendered":"https:\/\/e.kosmolat.eu\/product\/za-maigs-pienins-intimai-higienai-sieviesu-zales-normalizejoss-370-ml\/"},"modified":"2026-04-22T14:04:29","modified_gmt":"2026-04-22T14:04:29","slug":"gp-maigs-pienins-intimai-higienai-sieviesu-zalaugi-normalizejoss-370-ml","status":"publish","type":"product","link":"https:\/\/e.kosmolat.eu\/lt\/produktas\/gp-maigs-pienins-intimai-higienai-sieviesu-zalaugi-normalizejoss-370-ml\/","title":{"rendered":"GREEN PHARMACY \u0160velnus intymios higienos pienelis \u017dolel\u0117s, 370 ml"},"content":{"rendered":"<p>Normalizuojantis, &scaron;velnus pienelis su vaista\u017eoli\u0173 ekstraktais, turin\u010diais teigiam\u0105 poveik\u012f moters sveikatai, skirtas &scaron;velniam intymi\u0173 viet\u0173 valymui ir odos prie\u017ei\u016brai. Subalansuota pienelio sud\u0117tis atsi\u017evelgia \u012f gle\u017enos intymi\u0173 viet\u0173 odos ypatumus, jos nepersausina. Suteikia ilgalaik\u012f komforto, gaivos ir &scaron;varos poj\u016bt\u012f. Rekomenduojamas kasdieniniam naudojimui.<\/p>\n<p><strong>Naudojimas: <\/strong>tepkite ant intymi\u0173 k\u016bno viet\u0173, nuplaukite vandeniu.<br \/>\n&nbsp;<\/p>\n","protected":false},"excerpt":{"rendered":"<p>Normalizuojantis, &scaron;velnus pienelis su vaista\u017eoli\u0173 ekstraktais, turin\u010diais teigiam\u0105 poveik\u012f moters sveikatai, skirtas &scaron;velniam intymi\u0173 viet\u0173 valymui ir odos prie\u017ei\u016brai. Subalansuota pienelio sud\u0117tis atsi\u017evelgia \u012f gle\u017enos intymi\u0173 viet\u0173 odos ypatumus, jos nepersausina. Suteikia ilgalaik\u012f komforto, gaivos ir &scaron;varos poj\u016bt\u012f. Rekomenduojamas kasdieniniam naudojimui. Naudojimas: tepkite ant intymi\u0173 k\u016bno viet\u0173, nuplaukite vandeniu. &nbsp;<\/p>\n","protected":false},"featured_media":80798,"template":"","meta":[],"product_cat":[2181],"product_tag":[],"class_list":{"0":"post-33793","1":"product","2":"type-product","3":"status-publish","4":"has-post-thumbnail","6":"product_brand-elfa_ua-lt","7":"product_cat-bez-kategorijas-lt","9":"first","10":"instock","11":"taxable","12":"shipping-taxable","13":"product-type-simple"},"_links":{"self":[{"href":"https:\/\/e.kosmolat.eu\/lt\/wp-json\/wp\/v2\/product\/33793","targetHints":{"allow":["GET"]}}],"collection":[{"href":"https:\/\/e.kosmolat.eu\/lt\/wp-json\/wp\/v2\/product"}],"about":[{"href":"https:\/\/e.kosmolat.eu\/lt\/wp-json\/wp\/v2\/types\/product"}],"wp:featuredmedia":[{"embeddable":true,"href":"https:\/\/e.kosmolat.eu\/lt\/wp-json\/wp\/v2\/media\/80798"}],"wp:attachment":[{"href":"https:\/\/e.kosmolat.eu\/lt\/wp-json\/wp\/v2\/media?parent=33793"}],"wp:term":[{"taxonomy":"product_cat","embeddable":true,"href":"https:\/\/e.kosmolat.eu\/lt\/wp-json\/wp\/v2\/product_cat?post=33793"},{"taxonomy":"product_tag","embeddable":true,"href":"https:\/\/e.kosmolat.eu\/lt\/wp-json\/wp\/v2\/product_tag?post=33793"}],"curies":[{"name":"wp","href":"https:\/\/api.w.org\/{rel}","templated":true}]}}