{"id":33789,"date":"2023-12-21T19:11:26","date_gmt":"2023-12-21T19:11:26","guid":{"rendered":"https:\/\/e.kosmolat.eu\/product\/za-maigs-pienins-intimai-higienai-auzas-un-kokvilna-nomierinoss-370-ml\/"},"modified":"2026-04-23T12:28:43","modified_gmt":"2026-04-23T12:28:43","slug":"gp-maigs-pienins-intimai-higienai-auzas-un-kokvilna-nomierinoss-370-ml","status":"publish","type":"product","link":"https:\/\/e.kosmolat.eu\/lt\/produktas\/gp-maigs-pienins-intimai-higienai-auzas-un-kokvilna-nomierinoss-370-ml\/","title":{"rendered":"GREEN PHARMACY \u0160velnus intymios higienos pienelis &#8220;Avi\u017eos ir medviln\u0117&#8221;, 370 ml"},"content":{"rendered":"<p>Jautriai odai. Su pieno r\u016bg\u0161timi.<\/p>\n<p>\u0160velnus pienelis su raminan\u010diomis veikliosiomis med\u017eiagomis skirtas subtiliam intymi\u0173 viet\u0173 odos valymui ir prie\u017ei\u016brai. Subalansuota pienelio sud\u0117tis atliepia gle\u017enos intymi\u0173 viet\u0173 odos ypatybes ir jos nesausina. Suteikia ilgalaik\u012f komforto, gaivos ir \u0161varos poj\u016bt\u012f. Rekomenduojamas kasdieniniam naudojimui.<\/p>\n<p>Naudojimas: tepti ant intymi\u0173 k\u016bno viet\u0173, nuplauti vandeniu.<\/p>\n<p>Atsargumo priemon\u0117s: padid\u0117j\u0119s individualus jautrumas atskiriems komponentams.<\/p>\n<p>Laikymo temperat\u016bra: laikyti nuo +5\u00b0C iki +25\u00b0C temperat\u016broje.<\/p>\n<p>Geriausias: 30 m\u0117nesi\u0173 nuo pagaminimo datos.<\/p>\n","protected":false},"excerpt":{"rendered":"<p>Jautriai odai. Su pieno r\u016bg\u0161timi. \u0160velnus pienelis su raminan\u010diomis veikliosiomis med\u017eiagomis skirtas subtiliam intymi\u0173 viet\u0173 odos valymui ir prie\u017ei\u016brai. Subalansuota pienelio sud\u0117tis atliepia gle\u017enos intymi\u0173 viet\u0173 odos ypatybes ir jos nesausina. Suteikia ilgalaik\u012f komforto, gaivos ir \u0161varos poj\u016bt\u012f. Rekomenduojamas kasdieniniam naudojimui. Naudojimas: tepti ant intymi\u0173 k\u016bno viet\u0173, nuplauti vandeniu. Atsargumo priemon\u0117s: padid\u0117j\u0119s individualus jautrumas atskiriems [&#8230;]\n","protected":false},"featured_media":80794,"template":"","meta":[],"product_cat":[1374],"product_tag":[],"class_list":{"0":"post-33789","1":"product","2":"type-product","3":"status-publish","4":"has-post-thumbnail","6":"product_brand-elfa_ua-lt","7":"product_cat-intymi-higiena","9":"first","10":"instock","11":"taxable","12":"shipping-taxable","13":"product-type-simple"},"_links":{"self":[{"href":"https:\/\/e.kosmolat.eu\/lt\/wp-json\/wp\/v2\/product\/33789","targetHints":{"allow":["GET"]}}],"collection":[{"href":"https:\/\/e.kosmolat.eu\/lt\/wp-json\/wp\/v2\/product"}],"about":[{"href":"https:\/\/e.kosmolat.eu\/lt\/wp-json\/wp\/v2\/types\/product"}],"wp:featuredmedia":[{"embeddable":true,"href":"https:\/\/e.kosmolat.eu\/lt\/wp-json\/wp\/v2\/media\/80794"}],"wp:attachment":[{"href":"https:\/\/e.kosmolat.eu\/lt\/wp-json\/wp\/v2\/media?parent=33789"}],"wp:term":[{"taxonomy":"product_cat","embeddable":true,"href":"https:\/\/e.kosmolat.eu\/lt\/wp-json\/wp\/v2\/product_cat?post=33789"},{"taxonomy":"product_tag","embeddable":true,"href":"https:\/\/e.kosmolat.eu\/lt\/wp-json\/wp\/v2\/product_tag?post=33789"}],"curies":[{"name":"wp","href":"https:\/\/api.w.org\/{rel}","templated":true}]}}