{"id":33785,"date":"2023-12-21T19:11:04","date_gmt":"2023-12-21T19:11:04","guid":{"rendered":"https:\/\/e.kosmolat.eu\/product\/za-vannas-putas-meza-zemenes-un-piparmetra-1-l\/"},"modified":"2025-09-19T17:26:32","modified_gmt":"2025-09-19T17:26:32","slug":"i_gp-vannas-putas-meza-zemenes-un-piparmetra-1-l","status":"publish","type":"product","link":"https:\/\/e.kosmolat.eu\/lt\/produktas\/i_gp-vannas-putas-meza-zemenes-un-piparmetra-1-l\/","title":{"rendered":"I_GREEN PHARMACY Vonios putos M\u0117tos ir bra\u0161k\u0117s, 1 l"},"content":{"rendered":"<ul>\n<li>Gaivinan\u010dios, tonizuojan\u010dios su m\u0117t\u0173 aliejumi.<\/li>\n<li>Atsipalaidavimas, aromaterapija, odos gro\u017eio prie\u017ei\u016bra.<\/li>\n<\/ul>\n<p>&Scaron;velnios putos, praturtintos nat\u016braliu aliejumi ir ekstraktu, pripildys voni\u0105 uog\u0173 aromatu, pagyvins ir nud\u017eiugins. Pipirm\u0117\u010di\u0173 aliejus ir bra&scaron;ki\u0173 ekstraktas turi tonizuojant\u012f poveik\u012f, gaivina od\u0105 ir i&scaron;laiko j\u0105 lygi\u0105. Maudydamiesi vonioje su putomis visi&scaron;kai atsipalaiduojate ir atgaunate j\u0117gas, o nat\u016bral\u016bs ingredientai r\u016bpinasi j\u016bs\u0173 odos gro\u017eiu.<\/p>\n<p><strong>Naudojimas: <\/strong>Po tekan\u010diu vandeniu suputokite 1-2 produkto dangtelius. I&scaron;simaud\u017eius, od\u0105 nuplaukite &scaron;variu vandeniu.<\/p>\n<p>Laikymo s\u0105lygos: nuo +5 &ordm;C iki +25 &ordm;C.<br \/>\n&nbsp;<\/p>\n","protected":false},"excerpt":{"rendered":"<p>Gaivinan\u010dios, tonizuojan\u010dios su m\u0117t\u0173 aliejumi. Atsipalaidavimas, aromaterapija, odos gro\u017eio prie\u017ei\u016bra. &Scaron;velnios putos, praturtintos nat\u016braliu aliejumi ir ekstraktu, pripildys voni\u0105 uog\u0173 aromatu, pagyvins ir nud\u017eiugins. Pipirm\u0117\u010di\u0173 aliejus ir bra&scaron;ki\u0173 ekstraktas turi tonizuojant\u012f poveik\u012f, gaivina od\u0105 ir i&scaron;laiko j\u0105 lygi\u0105. Maudydamiesi vonioje su putomis visi&scaron;kai atsipalaiduojate ir atgaunate j\u0117gas, o nat\u016bral\u016bs ingredientai r\u016bpinasi j\u016bs\u0173 odos gro\u017eiu. Naudojimas: [&#8230;]\n","protected":false},"featured_media":80790,"template":"","meta":[],"product_cat":[1612],"product_tag":[],"class_list":{"0":"post-33785","1":"product","2":"type-product","3":"status-publish","4":"has-post-thumbnail","6":"product_brand-elfa_ua-lt","7":"product_cat-putos-druska-vonios-bombos","9":"first","10":"outofstock","11":"taxable","12":"shipping-taxable","13":"product-type-simple"},"_links":{"self":[{"href":"https:\/\/e.kosmolat.eu\/lt\/wp-json\/wp\/v2\/product\/33785","targetHints":{"allow":["GET"]}}],"collection":[{"href":"https:\/\/e.kosmolat.eu\/lt\/wp-json\/wp\/v2\/product"}],"about":[{"href":"https:\/\/e.kosmolat.eu\/lt\/wp-json\/wp\/v2\/types\/product"}],"wp:featuredmedia":[{"embeddable":true,"href":"https:\/\/e.kosmolat.eu\/lt\/wp-json\/wp\/v2\/media\/80790"}],"wp:attachment":[{"href":"https:\/\/e.kosmolat.eu\/lt\/wp-json\/wp\/v2\/media?parent=33785"}],"wp:term":[{"taxonomy":"product_cat","embeddable":true,"href":"https:\/\/e.kosmolat.eu\/lt\/wp-json\/wp\/v2\/product_cat?post=33785"},{"taxonomy":"product_tag","embeddable":true,"href":"https:\/\/e.kosmolat.eu\/lt\/wp-json\/wp\/v2\/product_tag?post=33785"}],"curies":[{"name":"wp","href":"https:\/\/api.w.org\/{rel}","templated":true}]}}