{"id":33737,"date":"2023-12-21T19:07:09","date_gmt":"2023-12-21T19:07:09","guid":{"rendered":"https:\/\/e.kosmolat.eu\/product\/rexona-dk-dezodorants-aerosols-kajam-aktivs-svaigums-150-ml\/"},"modified":"2025-09-19T17:19:41","modified_gmt":"2025-09-19T17:19:41","slug":"rexona-dk-dezodorants-aerosols-kajam-aktivs-svaigums-150-ml","status":"publish","type":"product","link":"https:\/\/e.kosmolat.eu\/lt\/produktas\/rexona-dk-dezodorants-aerosols-kajam-aktivs-svaigums-150-ml\/","title":{"rendered":"REXONA Aerozolinis koj\u0173 dezodorantas Deokontrol Aktyvus gaivumas"},"content":{"rendered":"<p>Net 24 valandas suteikia greit\u0105 apsaug\u0105 nuo prakaito sportuojant ir u\u017esiimant intensyvia veikla. Dezodorantas suma\u017eina prakaitavim\u0105, saugo odos dr\u0117gm\u0117s balans\u0105, apsaugo nuo bakterij\u0173 dauginimosi, kurios sukelia nemalonius kvapus. Universalus dezodorantas, tinka vyrams ir moterims. Tinka kojoms, pa\u017eastims ir delnams. Efektyvus bet kokiai sportinei avalynei (pa\u010di\u016b\u017eos, slid\u017ei\u0173 avalyn\u0117, kedai). Nepalieka d\u0117mi\u0173 ant kojini\u0173 ir bat\u0173. Greitai \u012fsigeria , nedirgina ir nesausina odos.<\/p>\n<p><strong>Naudojimo b\u016bdas:<\/strong>&nbsp;kojoms &ndash; gerai suplakite buteliuk\u0105, 2-3 sekundes purk&scaron;kite ant &scaron;varios ir sausos koj\u0173 odos 10-15 cm atstumu. Avalynei &#8211; gerai suplakite buteliuk\u0105, purk&scaron;kite \u012f avalyn\u0117s vid\u0173. Leiskite, kad i&scaron;d\u017ei\u016bt\u0173. Pavojus! Ypa\u010d degus aerozolis. Sl\u0117gin\u0117 talpykla. Kaitinama gali sprogti.<\/p>\n<p><strong>Atsargumo priemon\u0117s:<\/strong> sl\u0117ginis indas. Nepradurti ir nedeginti net panaudoto. Nepurk&scaron;ti \u012f atvir\u0105 liepsn\u0105 arba kitus degimo &scaron;altinius. Laikyti atokiau nuo &scaron;ilumos &scaron;altini\u0173\/\u017eie\u017eirb\u0173\/atviros liepsnos\/ kar&scaron;t\u0173 pavir&scaron;i\u0173. &ndash; Ner\u016bkyti. Saugoti nuo saules &scaron;viesos. Nelaikyti auk&scaron;tesn\u0117je kaip 50 oC\/122oF temperat\u016broje. Laikyti vaikams neprieinamoje vietoje. Saugotis, kad nepatekt\u0173 \u012f akis. Patekus \u012f akis, nedelsiant gerai praplauti vandeniu. Nebenaudokite esant odos b\u0117rimams ar dirginimams. Naudokite tik gerai v\u0117dinamoje patalpoje. Venkite ilgalaikio pur&scaron;kimo. Sunaudojus utilizuoti kaip buitines atliekas.&nbsp;<\/p>\n","protected":false},"excerpt":{"rendered":"<p>Net 24 valandas suteikia greit\u0105 apsaug\u0105 nuo prakaito sportuojant ir u\u017esiimant intensyvia veikla. Dezodorantas suma\u017eina prakaitavim\u0105, saugo odos dr\u0117gm\u0117s balans\u0105, apsaugo nuo bakterij\u0173 dauginimosi, kurios sukelia nemalonius kvapus. Universalus dezodorantas, tinka vyrams ir moterims. Tinka kojoms, pa\u017eastims ir delnams. Efektyvus bet kokiai sportinei avalynei (pa\u010di\u016b\u017eos, slid\u017ei\u0173 avalyn\u0117, kedai). Nepalieka d\u0117mi\u0173 ant kojini\u0173 ir bat\u0173. Greitai [&#8230;]\n","protected":false},"featured_media":80690,"template":"","meta":[],"product_cat":[1763],"product_tag":[],"class_list":{"0":"post-33737","1":"product","2":"type-product","3":"status-publish","4":"has-post-thumbnail","6":"product_brand-unilever-rus-lt","7":"product_cat-koju-prieziuros-kosmetika","9":"first","10":"outofstock","11":"taxable","12":"shipping-taxable","13":"product-type-simple"},"_links":{"self":[{"href":"https:\/\/e.kosmolat.eu\/lt\/wp-json\/wp\/v2\/product\/33737","targetHints":{"allow":["GET"]}}],"collection":[{"href":"https:\/\/e.kosmolat.eu\/lt\/wp-json\/wp\/v2\/product"}],"about":[{"href":"https:\/\/e.kosmolat.eu\/lt\/wp-json\/wp\/v2\/types\/product"}],"wp:featuredmedia":[{"embeddable":true,"href":"https:\/\/e.kosmolat.eu\/lt\/wp-json\/wp\/v2\/media\/80690"}],"wp:attachment":[{"href":"https:\/\/e.kosmolat.eu\/lt\/wp-json\/wp\/v2\/media?parent=33737"}],"wp:term":[{"taxonomy":"product_cat","embeddable":true,"href":"https:\/\/e.kosmolat.eu\/lt\/wp-json\/wp\/v2\/product_cat?post=33737"},{"taxonomy":"product_tag","embeddable":true,"href":"https:\/\/e.kosmolat.eu\/lt\/wp-json\/wp\/v2\/product_tag?post=33737"}],"curies":[{"name":"wp","href":"https:\/\/api.w.org\/{rel}","templated":true}]}}