{"id":33733,"date":"2023-12-21T19:06:47","date_gmt":"2023-12-21T19:06:47","guid":{"rendered":"https:\/\/e.kosmolat.eu\/product\/cl-balzams-matu-skalos-kviesu-diglu-ekstr-planiem-novajin-matiem-230-ml\/"},"modified":"2025-09-19T17:19:27","modified_gmt":"2025-09-19T17:19:27","slug":"cl-balzams-matu-skalos-kviesu-diglu-ekstr-planiem-novajin-matiem-230-ml","status":"publish","type":"product","link":"https:\/\/e.kosmolat.eu\/lt\/produktas\/cl-balzams-matu-skalos-kviesu-diglu-ekstr-planiem-novajin-matiem-230-ml\/","title":{"rendered":"\u010cISTAJA LINIJA Lino ir vaista\u017eoli\u0173 nuoviro plauk\u0173 skalavimo balzamas \u201eApimtis ir j\u0117ga\u201c su kvie\u010di\u0173 g"},"content":{"rendered":"<p>Dvigubas efektas: apimtis ir sustor\u0117jimas. Kvie\u010diai ir linai.  Ypatingos fitokeratino komplekso molekul\u0117s storina plaukus ties \u0161aknimis, juos pakelia be sunkumo poj\u016b\u010dio. Kvie\u010di\u0173 daig\u0173 i\u0161trauka suteikia plaukams apimties nuo pat \u0161akn\u0173. Lin\u0173 ekstraktas storina plaukus nuo pat \u0161akn\u0173 didindamas apimt\u012f nesukurdamas sunkumo jausmo. <\/p>\n<h4>Naudojimas: <\/h4>\n<p>tepti ant dr\u0117gn\u0173 plauk\u0173, po minut\u0117s nuplauti vandeniu. Tai n\u0117ra vaistas.\u00a0<\/p>\n","protected":false},"excerpt":{"rendered":"<p>Dvigubas efektas: apimtis ir sustor\u0117jimas. Kvie\u010diai ir linai. Ypatingos fitokeratino komplekso molekul\u0117s storina plaukus ties \u0161aknimis, juos pakelia be sunkumo poj\u016b\u010dio. Kvie\u010di\u0173 daig\u0173 i\u0161trauka suteikia plaukams apimties nuo pat \u0161akn\u0173. Lin\u0173 ekstraktas storina plaukus nuo pat \u0161akn\u0173 didindamas apimt\u012f nesukurdamas sunkumo jausmo. Naudojimas: tepti ant dr\u0117gn\u0173 plauk\u0173, po minut\u0117s nuplauti vandeniu. Tai n\u0117ra vaistas.\u00a0<\/p>\n","protected":false},"featured_media":80686,"template":"","meta":[],"product_cat":[1640],"product_tag":[],"class_list":{"0":"post-33733","1":"product","2":"type-product","3":"status-publish","4":"has-post-thumbnail","6":"product_brand-unilever-rus-lt","7":"product_cat-balzamai","9":"first","10":"outofstock","11":"taxable","12":"shipping-taxable","13":"product-type-simple"},"_links":{"self":[{"href":"https:\/\/e.kosmolat.eu\/lt\/wp-json\/wp\/v2\/product\/33733","targetHints":{"allow":["GET"]}}],"collection":[{"href":"https:\/\/e.kosmolat.eu\/lt\/wp-json\/wp\/v2\/product"}],"about":[{"href":"https:\/\/e.kosmolat.eu\/lt\/wp-json\/wp\/v2\/types\/product"}],"wp:featuredmedia":[{"embeddable":true,"href":"https:\/\/e.kosmolat.eu\/lt\/wp-json\/wp\/v2\/media\/80686"}],"wp:attachment":[{"href":"https:\/\/e.kosmolat.eu\/lt\/wp-json\/wp\/v2\/media?parent=33733"}],"wp:term":[{"taxonomy":"product_cat","embeddable":true,"href":"https:\/\/e.kosmolat.eu\/lt\/wp-json\/wp\/v2\/product_cat?post=33733"},{"taxonomy":"product_tag","embeddable":true,"href":"https:\/\/e.kosmolat.eu\/lt\/wp-json\/wp\/v2\/product_tag?post=33733"}],"curies":[{"name":"wp","href":"https:\/\/api.w.org\/{rel}","templated":true}]}}