{"id":33729,"date":"2023-12-21T19:06:24","date_gmt":"2023-12-21T19:06:24","guid":{"rendered":"https:\/\/e.kosmolat.eu\/product\/cl-balzams-matu-skalos-natre-visiem-matu-tipiem-stiprinoss-230-ml\/"},"modified":"2025-09-19T17:19:12","modified_gmt":"2025-09-19T17:19:12","slug":"cl-balzams-matu-skalos-natre-visiem-matu-tipiem-stiprinoss-230-ml","status":"publish","type":"product","link":"https:\/\/e.kosmolat.eu\/lt\/produktas\/cl-balzams-matu-skalos-natre-visiem-matu-tipiem-stiprinoss-230-ml\/","title":{"rendered":"\u010cISTAJA LINIJA Balzamas-kondicionierius &#8220;Dilg\u0117l\u0117s&#8221; stiprinantis, 230ml"},"content":{"rendered":"<p>Plaukai 2 kartus stipresni. Specialus fito-keratino molekul\u0117s kompleksas storina plaukus ties pagrindu, pakelia juos nuo \u0161akn\u0173. Dvigubos koncentracijos dilg\u0117l\u0117s ekstraktas stirpina plauk\u0173 \u0161aknis ir skatina j\u0173 augim\u0105. \u017doleli\u0173 nuoviras apsaugo plaukus nuo pa\u017eeidim\u0173, ma\u017eina plauk\u0173 slinkim\u0105.<\/p>\n<p>Naudojimas: u\u017etepti ant dr\u0117gn\u0173 \u0161vari\u0173 plauk\u0173, palikti 1 minutei ir nuplauti vandeniu. Tai n\u0117ra vaistas.<\/p>\n","protected":false},"excerpt":{"rendered":"<p>Plaukai 2 kartus stipresni. Specialus fito-keratino molekul\u0117s kompleksas storina plaukus ties pagrindu, pakelia juos nuo \u0161akn\u0173. Dvigubos koncentracijos dilg\u0117l\u0117s ekstraktas stirpina plauk\u0173 \u0161aknis ir skatina j\u0173 augim\u0105. \u017doleli\u0173 nuoviras apsaugo plaukus nuo pa\u017eeidim\u0173, ma\u017eina plauk\u0173 slinkim\u0105. Naudojimas: u\u017etepti ant dr\u0117gn\u0173 \u0161vari\u0173 plauk\u0173, palikti 1 minutei ir nuplauti vandeniu. Tai n\u0117ra vaistas.<\/p>\n","protected":false},"featured_media":80682,"template":"","meta":[],"product_cat":[1640],"product_tag":[],"class_list":{"0":"post-33729","1":"product","2":"type-product","3":"status-publish","4":"has-post-thumbnail","6":"product_brand-unilever-rus-lt","7":"product_cat-balzamai","9":"first","10":"outofstock","11":"taxable","12":"shipping-taxable","13":"product-type-simple"},"_links":{"self":[{"href":"https:\/\/e.kosmolat.eu\/lt\/wp-json\/wp\/v2\/product\/33729","targetHints":{"allow":["GET"]}}],"collection":[{"href":"https:\/\/e.kosmolat.eu\/lt\/wp-json\/wp\/v2\/product"}],"about":[{"href":"https:\/\/e.kosmolat.eu\/lt\/wp-json\/wp\/v2\/types\/product"}],"wp:featuredmedia":[{"embeddable":true,"href":"https:\/\/e.kosmolat.eu\/lt\/wp-json\/wp\/v2\/media\/80682"}],"wp:attachment":[{"href":"https:\/\/e.kosmolat.eu\/lt\/wp-json\/wp\/v2\/media?parent=33729"}],"wp:term":[{"taxonomy":"product_cat","embeddable":true,"href":"https:\/\/e.kosmolat.eu\/lt\/wp-json\/wp\/v2\/product_cat?post=33729"},{"taxonomy":"product_tag","embeddable":true,"href":"https:\/\/e.kosmolat.eu\/lt\/wp-json\/wp\/v2\/product_tag?post=33729"}],"curies":[{"name":"wp","href":"https:\/\/api.w.org\/{rel}","templated":true}]}}