{"id":33725,"date":"2023-12-21T19:05:58","date_gmt":"2023-12-21T19:05:58","guid":{"rendered":"https:\/\/e.kosmolat.eu\/product\/dr-s-keratin-sampuns-1-l-rus\/"},"modified":"2026-04-21T07:44:46","modified_gmt":"2026-04-21T07:44:46","slug":"dr-s-keratin-sampuns-1-l-rus","status":"publish","type":"product","link":"https:\/\/e.kosmolat.eu\/lt\/produktas\/dr-s-keratin-sampuns-1-l-rus\/","title":{"rendered":"DR.SANTE Keratin \u0160amp\u016bnas pa\u017eeistiems plaukams, 1 l"},"content":{"rendered":"<p>Specialaus Pro-Keratin komplekso linija keratino, arginino ir kolageno pagrindu padeda atkurti plaukus iki pat galiuk\u0173. Keratinas yra pagrindinis plauko strukt\u016brinis komponentas, kuris prasiskverbia \u012f vid\u0173, u\u017epildo pa\u017eeistas vietas ir atkuria plaukus i\u0161 vidaus. Argininas yra aminor\u016bg\u0161tis, kuri stiprina plaukus ir suteikia jiems energijos. Kolagenas suteikia nematom\u0105 sluoksn\u012f, kuris stiprina ir apsaugo plaukus nuo kar\u0161\u010dio. &Scaron;amp\u016bnas \u0161velniai valo, dr\u0117kina plaukus per vis\u0105 ilg\u012f, neapsunkindamas j\u0173.<br \/>\n&Scaron;amp\u016bno sudedamosios dalys u\u017epildo plauk\u0173 strukt\u016br\u0105 i\u0161 vidaus. Po kiekvieno panaudojimo \u0161amp\u016bnas suteikia plaukams tankumo, apimties, elastingumo ir \u017evilgesio. Norint pasiekti maksimal\u0173 efekt\u0105, rekomenduojama naudoti visus linijos produktus. Dermatologi\u0161kai patikrintas.<\/p>\n<p><strong>Naudojimas: <\/strong>tepkite ant dr\u0117gn\u0173 plauk\u0173, suputokite, nuplaukite vandeniu. Jei reikia, pakartokite proced\u016br\u0105.<\/p>\n<p><strong>Atsargumo priemon\u0117s: <\/strong>Patekus \u012f akis, kruop\u0161\u010diai nuplaukite vandeniu.<\/p>\n","protected":false},"excerpt":{"rendered":"<p>Specialaus Pro-Keratin komplekso linija keratino, arginino ir kolageno pagrindu padeda atkurti plaukus iki pat galiuk\u0173. Keratinas yra pagrindinis plauko strukt\u016brinis komponentas, kuris prasiskverbia \u012f vid\u0173, u\u017epildo pa\u017eeistas vietas ir atkuria plaukus i\u0161 vidaus. Argininas yra aminor\u016bg\u0161tis, kuri stiprina plaukus ir suteikia jiems energijos. Kolagenas suteikia nematom\u0105 sluoksn\u012f, kuris stiprina ir apsaugo plaukus nuo kar\u0161\u010dio. &Scaron;amp\u016bnas [&#8230;]\n","protected":false},"featured_media":80642,"template":"","meta":[],"product_cat":[1251],"product_tag":[],"class_list":{"0":"post-33725","1":"product","2":"type-product","3":"status-publish","4":"has-post-thumbnail","6":"product_brand-elfa_ua-lt","7":"product_cat-sampunai","9":"first","10":"instock","11":"taxable","12":"shipping-taxable","13":"product-type-simple"},"_links":{"self":[{"href":"https:\/\/e.kosmolat.eu\/lt\/wp-json\/wp\/v2\/product\/33725","targetHints":{"allow":["GET"]}}],"collection":[{"href":"https:\/\/e.kosmolat.eu\/lt\/wp-json\/wp\/v2\/product"}],"about":[{"href":"https:\/\/e.kosmolat.eu\/lt\/wp-json\/wp\/v2\/types\/product"}],"wp:featuredmedia":[{"embeddable":true,"href":"https:\/\/e.kosmolat.eu\/lt\/wp-json\/wp\/v2\/media\/80642"}],"wp:attachment":[{"href":"https:\/\/e.kosmolat.eu\/lt\/wp-json\/wp\/v2\/media?parent=33725"}],"wp:term":[{"taxonomy":"product_cat","embeddable":true,"href":"https:\/\/e.kosmolat.eu\/lt\/wp-json\/wp\/v2\/product_cat?post=33725"},{"taxonomy":"product_tag","embeddable":true,"href":"https:\/\/e.kosmolat.eu\/lt\/wp-json\/wp\/v2\/product_tag?post=33725"}],"curies":[{"name":"wp","href":"https:\/\/api.w.org\/{rel}","templated":true}]}}