{"id":33713,"date":"2023-12-21T19:04:55","date_gmt":"2023-12-21T19:04:55","guid":{"rendered":"https:\/\/e.kosmolat.eu\/product\/novita-soft-kosmetiskie-vates-diski-100-gab\/"},"modified":"2026-03-31T19:25:49","modified_gmt":"2026-03-31T19:25:49","slug":"novita-soft-kosmetiskie-vates-diski-100-gab","status":"publish","type":"product","link":"https:\/\/e.kosmolat.eu\/lt\/produktas\/novita-soft-kosmetiskie-vates-diski-100-gab\/","title":{"rendered":"NOVITA SOFT Higieniniai vatos diskeliai, 100 vnt."},"content":{"rendered":"<p>Kosmetin\u0117 ir higienin\u0117 priemon\u0117.<\/p>\n<p><strong>Naudojimo b\u016bdas:<\/strong>&nbsp;ni&scaron;imkite vatos diskel\u012f ir naudokite pagal paskirt\u012f.<\/p>\n","protected":false},"excerpt":{"rendered":"<p>Kosmetin\u0117 ir higienin\u0117 priemon\u0117. Naudojimo b\u016bdas:&nbsp;ni&scaron;imkite vatos diskel\u012f ir naudokite pagal paskirt\u012f.<\/p>\n","protected":false},"featured_media":80618,"template":"","meta":[],"product_cat":[1812],"product_tag":[],"class_list":{"0":"post-33713","1":"product","2":"type-product","3":"status-publish","4":"has-post-thumbnail","6":"product_brand-biosphere-corporation_ua-lt","7":"product_cat-vatos-produktai","9":"first","10":"outofstock","11":"taxable","12":"shipping-taxable","13":"product-type-simple"},"_links":{"self":[{"href":"https:\/\/e.kosmolat.eu\/lt\/wp-json\/wp\/v2\/product\/33713","targetHints":{"allow":["GET"]}}],"collection":[{"href":"https:\/\/e.kosmolat.eu\/lt\/wp-json\/wp\/v2\/product"}],"about":[{"href":"https:\/\/e.kosmolat.eu\/lt\/wp-json\/wp\/v2\/types\/product"}],"wp:featuredmedia":[{"embeddable":true,"href":"https:\/\/e.kosmolat.eu\/lt\/wp-json\/wp\/v2\/media\/80618"}],"wp:attachment":[{"href":"https:\/\/e.kosmolat.eu\/lt\/wp-json\/wp\/v2\/media?parent=33713"}],"wp:term":[{"taxonomy":"product_cat","embeddable":true,"href":"https:\/\/e.kosmolat.eu\/lt\/wp-json\/wp\/v2\/product_cat?post=33713"},{"taxonomy":"product_tag","embeddable":true,"href":"https:\/\/e.kosmolat.eu\/lt\/wp-json\/wp\/v2\/product_tag?post=33713"}],"curies":[{"name":"wp","href":"https:\/\/api.w.org\/{rel}","templated":true}]}}