{"id":33689,"date":"2023-12-21T19:02:44","date_gmt":"2023-12-21T19:02:44","guid":{"rendered":"https:\/\/e.kosmolat.eu\/product\/suprim-balinatajs-500-g\/"},"modified":"2025-09-19T17:07:51","modified_gmt":"2025-09-19T17:07:51","slug":"suprim-balinatajs-500-g","status":"publish","type":"product","link":"https:\/\/e.kosmolat.eu\/lt\/produktas\/suprim-balinatajs-500-g\/","title":{"rendered":"SUPRIM Balinimo priemon\u0117, 500 g"},"content":{"rendered":"<p><strong>Sud\u0117tis: <\/strong>15 % arba daugiau, bet ma\u017eiau kaip 30 % deguonies pagrindo balinimo priemoni\u0173, ma\u017eiau kaip 5 % anijonini\u0173 &nbsp;aktyvi\u0173j\u0173 pavir&scaron;iaus med\u017eiagos, ma\u017eiau kaip 5 % &nbsp;polikarboksilat\u0173, ma\u017eiau kaip 5 % &nbsp;EDTA ir jos drusk\u0173. Fermentai. Optiniai balikliai.&nbsp;<\/p>\n<p>&nbsp;<\/p>\n<p><strong><img decoding=\"async\" alt=\"\" src=\"file:\/\/\/C:\/Users\/masha\/Desktop\/GHS07.png\" style=\"height:40px; width:40px\" \/>GHS07 Atsargiai<\/strong><br \/>\nH319 Sukelia smark\u0173 aki\u0173 dirginim\u0105.<br \/>\nH315 Dirgina od\u0105 &nbsp; &nbsp; &nbsp;<br \/>\nP102 Laikyti vaikams neprieinamoje vietoje<br \/>\nP264 Po naudojimo kruop&scaron;\u010diai nuplaukite rankas<br \/>\nP280 M\u016bv\u0117ti apsaugines pir&scaron;tines\/d\u0117v\u0117ti apsauginius drabu\u017eius\/naudoti aki\u0173 (veido) apsaugos priemones.<br \/>\nP305+P351+P338 Patekus \u012f akis: Kelias minutes atsargiai plauti vandeniu. I&scaron;imti kontaktinius l\u0119&scaron;ius, jeigu jie yra ir jeigu lengvai galima tai padaryti. Toliau plauti akis.<br \/>\nP337+P313 Jei aki\u0173 dirginimas nepraeina: kreiptis \u012f gydytoj\u0105<br \/>\nP302+P352 Patekus ant odos: plauti dideliu vandens kiekiu&nbsp;<br \/>\nP332+P313 Jeigu sudirginama oda: kreiptis \u012f gydytoj\u0105.<br \/>\n&nbsp;<\/p>\n","protected":false},"excerpt":{"rendered":"<p>Sud\u0117tis: 15 % arba daugiau, bet ma\u017eiau kaip 30 % deguonies pagrindo balinimo priemoni\u0173, ma\u017eiau kaip 5 % anijonini\u0173 &nbsp;aktyvi\u0173j\u0173 pavir&scaron;iaus med\u017eiagos, ma\u017eiau kaip 5 % &nbsp;polikarboksilat\u0173, ma\u017eiau kaip 5 % &nbsp;EDTA ir jos drusk\u0173. Fermentai. Optiniai balikliai.&nbsp; &nbsp; GHS07 Atsargiai H319 Sukelia smark\u0173 aki\u0173 dirginim\u0105. H315 Dirgina od\u0105 &nbsp; &nbsp; &nbsp; P102 Laikyti vaikams [&#8230;]\n","protected":false},"featured_media":78445,"template":"","meta":[],"product_cat":[1483],"product_tag":[],"class_list":{"0":"post-33689","1":"product","2":"type-product","3":"status-publish","4":"has-post-thumbnail","6":"product_brand-sontsa-by-lt","7":"product_cat-plovikliai","9":"first","10":"outofstock","11":"taxable","12":"shipping-taxable","13":"product-type-simple"},"_links":{"self":[{"href":"https:\/\/e.kosmolat.eu\/lt\/wp-json\/wp\/v2\/product\/33689","targetHints":{"allow":["GET"]}}],"collection":[{"href":"https:\/\/e.kosmolat.eu\/lt\/wp-json\/wp\/v2\/product"}],"about":[{"href":"https:\/\/e.kosmolat.eu\/lt\/wp-json\/wp\/v2\/types\/product"}],"wp:featuredmedia":[{"embeddable":true,"href":"https:\/\/e.kosmolat.eu\/lt\/wp-json\/wp\/v2\/media\/78445"}],"wp:attachment":[{"href":"https:\/\/e.kosmolat.eu\/lt\/wp-json\/wp\/v2\/media?parent=33689"}],"wp:term":[{"taxonomy":"product_cat","embeddable":true,"href":"https:\/\/e.kosmolat.eu\/lt\/wp-json\/wp\/v2\/product_cat?post=33689"},{"taxonomy":"product_tag","embeddable":true,"href":"https:\/\/e.kosmolat.eu\/lt\/wp-json\/wp\/v2\/product_tag?post=33689"}],"curies":[{"name":"wp","href":"https:\/\/api.w.org\/{rel}","templated":true}]}}