{"id":33685,"date":"2023-12-21T18:57:38","date_gmt":"2023-12-21T18:57:38","guid":{"rendered":"https:\/\/e.kosmolat.eu\/product\/pilinga-zeku-maska-kajam-izmers-40-45\/"},"modified":"2025-08-14T13:07:08","modified_gmt":"2025-08-14T13:07:08","slug":"i_pilinga-zeku-maska-kajam-izmers-40-45","status":"publish","type":"product","link":"https:\/\/e.kosmolat.eu\/lt\/produktas\/i_pilinga-zeku-maska-kajam-izmers-40-45\/","title":{"rendered":"I_SKINLITE \u0160vei\u010diamoji koj\u0173 kauk\u0117-kojin\u0117s (dydis 40-45), 1 pora"},"content":{"rendered":"<\/p>\n","protected":false},"excerpt":{"rendered":"","protected":false},"featured_media":7918,"template":"","meta":[],"product_cat":[1763],"product_tag":[],"class_list":{"0":"post-33685","1":"product","2":"type-product","3":"status-publish","4":"has-post-thumbnail","6":"product_brand-skinlite-lt","7":"product_cat-koju-prieziuros-kosmetika","9":"first","10":"outofstock","11":"taxable","12":"shipping-taxable","13":"product-type-simple"},"_links":{"self":[{"href":"https:\/\/e.kosmolat.eu\/lt\/wp-json\/wp\/v2\/product\/33685","targetHints":{"allow":["GET"]}}],"collection":[{"href":"https:\/\/e.kosmolat.eu\/lt\/wp-json\/wp\/v2\/product"}],"about":[{"href":"https:\/\/e.kosmolat.eu\/lt\/wp-json\/wp\/v2\/types\/product"}],"wp:featuredmedia":[{"embeddable":true,"href":"https:\/\/e.kosmolat.eu\/lt\/wp-json\/wp\/v2\/media\/7918"}],"wp:attachment":[{"href":"https:\/\/e.kosmolat.eu\/lt\/wp-json\/wp\/v2\/media?parent=33685"}],"wp:term":[{"taxonomy":"product_cat","embeddable":true,"href":"https:\/\/e.kosmolat.eu\/lt\/wp-json\/wp\/v2\/product_cat?post=33685"},{"taxonomy":"product_tag","embeddable":true,"href":"https:\/\/e.kosmolat.eu\/lt\/wp-json\/wp\/v2\/product_tag?post=33685"}],"curies":[{"name":"wp","href":"https:\/\/api.w.org\/{rel}","templated":true}]}}