{"id":33681,"date":"2023-12-21T18:57:09","date_gmt":"2023-12-21T18:57:09","guid":{"rendered":"https:\/\/e.kosmolat.eu\/product\/pilinga-zeku-maska-kajam-izmers-35-40\/"},"modified":"2026-04-22T07:51:02","modified_gmt":"2026-04-22T07:51:02","slug":"i_pilinga-zeku-maska-kajam-izmers-35-40","status":"publish","type":"product","link":"https:\/\/e.kosmolat.eu\/lt\/produktas\/i_pilinga-zeku-maska-kajam-izmers-35-40\/","title":{"rendered":"SKINLITE \u0160vei\u010diamoji koj\u0173 kauk\u0117-kojin\u0117s (dydis 35-40), 1 pora"},"content":{"rendered":"<\/p>\n","protected":false},"excerpt":{"rendered":"","protected":false},"featured_media":105496,"template":"","meta":[],"product_cat":[2181],"product_tag":[],"class_list":{"0":"post-33681","1":"product","2":"type-product","3":"status-publish","4":"has-post-thumbnail","6":"product_brand-skinlite-lt","7":"product_cat-bez-kategorijas-lt","9":"first","10":"instock","11":"taxable","12":"shipping-taxable","13":"product-type-simple"},"_links":{"self":[{"href":"https:\/\/e.kosmolat.eu\/lt\/wp-json\/wp\/v2\/product\/33681","targetHints":{"allow":["GET"]}}],"collection":[{"href":"https:\/\/e.kosmolat.eu\/lt\/wp-json\/wp\/v2\/product"}],"about":[{"href":"https:\/\/e.kosmolat.eu\/lt\/wp-json\/wp\/v2\/types\/product"}],"wp:featuredmedia":[{"embeddable":true,"href":"https:\/\/e.kosmolat.eu\/lt\/wp-json\/wp\/v2\/media\/105496"}],"wp:attachment":[{"href":"https:\/\/e.kosmolat.eu\/lt\/wp-json\/wp\/v2\/media?parent=33681"}],"wp:term":[{"taxonomy":"product_cat","embeddable":true,"href":"https:\/\/e.kosmolat.eu\/lt\/wp-json\/wp\/v2\/product_cat?post=33681"},{"taxonomy":"product_tag","embeddable":true,"href":"https:\/\/e.kosmolat.eu\/lt\/wp-json\/wp\/v2\/product_tag?post=33681"}],"curies":[{"name":"wp","href":"https:\/\/api.w.org\/{rel}","templated":true}]}}