{"id":33677,"date":"2023-12-21T18:56:46","date_gmt":"2023-12-21T18:56:46","guid":{"rendered":"https:\/\/e.kosmolat.eu\/product\/intensivi-atjauninosa-zeku-maska-kajam-aprikoze\/"},"modified":"2026-04-03T05:57:58","modified_gmt":"2026-04-03T05:57:58","slug":"intensivi-atjauninosa-zeku-maska-kajam-aprikoze","status":"publish","type":"product","link":"https:\/\/e.kosmolat.eu\/lt\/produktas\/intensivi-atjauninosa-zeku-maska-kajam-aprikoze\/","title":{"rendered":"SKINLITE Intensyviai atnaujinanti koj\u0173 kauk\u0117-kojin\u0117s Abrikosas (dydis &#8211; 35-40) 1 pora"},"content":{"rendered":"<\/p>\n","protected":false},"excerpt":{"rendered":"","protected":false},"featured_media":96810,"template":"","meta":[],"product_cat":[1763],"product_tag":[],"class_list":{"0":"post-33677","1":"product","2":"type-product","3":"status-publish","4":"has-post-thumbnail","6":"product_brand-skinlite-lt","7":"product_cat-koju-prieziuros-kosmetika","9":"first","10":"outofstock","11":"taxable","12":"shipping-taxable","13":"product-type-simple"},"_links":{"self":[{"href":"https:\/\/e.kosmolat.eu\/lt\/wp-json\/wp\/v2\/product\/33677","targetHints":{"allow":["GET"]}}],"collection":[{"href":"https:\/\/e.kosmolat.eu\/lt\/wp-json\/wp\/v2\/product"}],"about":[{"href":"https:\/\/e.kosmolat.eu\/lt\/wp-json\/wp\/v2\/types\/product"}],"wp:featuredmedia":[{"embeddable":true,"href":"https:\/\/e.kosmolat.eu\/lt\/wp-json\/wp\/v2\/media\/96810"}],"wp:attachment":[{"href":"https:\/\/e.kosmolat.eu\/lt\/wp-json\/wp\/v2\/media?parent=33677"}],"wp:term":[{"taxonomy":"product_cat","embeddable":true,"href":"https:\/\/e.kosmolat.eu\/lt\/wp-json\/wp\/v2\/product_cat?post=33677"},{"taxonomy":"product_tag","embeddable":true,"href":"https:\/\/e.kosmolat.eu\/lt\/wp-json\/wp\/v2\/product_tag?post=33677"}],"curies":[{"name":"wp","href":"https:\/\/api.w.org\/{rel}","templated":true}]}}