{"id":33673,"date":"2023-12-21T18:56:19","date_gmt":"2023-12-21T18:56:19","guid":{"rendered":"https:\/\/e.kosmolat.eu\/product\/cimdu-veida-maska-rokam-auzu-ultra-mitrinosa\/"},"modified":"2026-04-21T10:36:00","modified_gmt":"2026-04-21T10:36:00","slug":"cimdu-veida-maska-rokam-auzu-ultra-mitrinosa","status":"publish","type":"product","link":"https:\/\/e.kosmolat.eu\/lt\/produktas\/cimdu-veida-maska-rokam-auzu-ultra-mitrinosa\/","title":{"rendered":"SKINLITE Dr\u0117kinanti rank\u0173 kauk\u0117-pir\u0161tin\u0117s Avi\u017eos, 1 pora"},"content":{"rendered":"<p>Itin dr\u0117kinanti kauk\u0117-pir\u0161tin\u0117s rankoms apsaugo nuo rank\u0173 odos i\u0161saus\u0117jimo, \u0161iurk\u0161tumo ir 6erpetojimo. Nat\u016brali\u0173 avi\u017eini\u0173 dribsni\u0173, \u017ealiosios arbatos, \u017een\u0161enio, hamamelio, Baikalo kalpoki\u0173, taip pat taukmed\u017ei\u0173 sviesto ir makadamijos ekstrakt\u0173 kompleksas greitai ir giliai \u012fsiskverbia \u012f rank\u0173 od\u0105, j\u0105 maitindamas ir dr\u0117kindamas. Naujausia pir\u0161tini\u0173 formos kauk\u0117 padarys proced\u016br\u0105 veiksmingiausia ir maloniausia. Naudodami kauk\u0119-pir\u0161tines salonin\u012f parafino terapijos efekt\u0105 gausite nei\u0161eidami i\u0161 nam\u0173. U\u017etepus rank\u0173 kauk\u0119 J\u016bs\u0173 oda ilgai i\u0161liks lygi, elastinga ir \u0161ilkin\u0117! Bent kart\u0105 per savait\u0119 naudokite kauk\u0119-pir\u0161tines.<br \/>\nKad rank\u0173 odos prie\u017ei\u016bra b\u016bt\u0173 efektyviausia, rekomenduojame reguliariai naudoti rank\u0173 krem\u0105. SKINLITE sraigi\u0173 dr\u0117kinam\u0105j\u012f rank\u0173 krem\u0105 naudokite ryte, nak\u010diai patepkite SKINLITE Migdol\u0173 maitinamuoju rank\u0173 kremu.<\/p>\n<p><strong>Naudojimas:<\/strong><br \/>\n1) Nusiplaukite rankas \u0161iltu vandeniu. 2) Atidarykite pakuot\u0119 ir u\u017esid\u0117kite pir\u0161tines ant rank\u0173. 3) Siekiant geriausio efekto, ant kauk\u0117s-pir\u0161tin\u0117s galite m\u016bv\u0117ti \u0161iltas kum\u0161tines ar pir\u0161tines arba plauti indus po buitin\u0117mis pir\u0161tin\u0117mis. 4) Nuimkite pir\u0161tines po 20-30 minu\u010di\u0173. Likusi\u0105 kauk\u0117s dal\u012f masa\u017euojamaisiais judesiais tolygiai paskirstykite ant rank\u0173 odos.<\/p>\n<p><strong>Atsargumo priemon\u0117s:<\/strong> 1) Venkite naudoti ant pa\u017eeistos, sudirgusios ir saul\u0117je nudegusios odos. 2) Nenaudokite produkto, jei pasirei\u0161kia jautrumas bet kuriai formul\u0117s sudedamajai daliai. Jei naudojimo metu oda parausta arba sudirgsta, nutraukite naudojim\u0105 ir kreipkit\u0117s \u012f gydytoj\u0105. 3) Venkite kontakto su aki\u0173 gleivine. Patekus, nuplaukite vandeniu. 4) Venkite naudoti ant odos, kuri jautri tvars\u010diams, &nbsp;lipnioms kauk\u0117ms. 5) Laikyti vaikams nepasiekiamoje vietoje. Venkite tiesiogini\u0173 saul\u0117s spinduli\u0173. 6) Tik i\u0161oriniam naudojimui. Nenuryti!<\/p>\n<p>Laikyti nuo 0&deg;C iki 25&deg;C temperat\u016broje.<\/p>\n<p><strong>Geriausias:<\/strong> 3 metai nuo pagaminimo datos.<br \/>\n&nbsp;<\/p>\n","protected":false},"excerpt":{"rendered":"<p>Itin dr\u0117kinanti kauk\u0117-pir\u0161tin\u0117s rankoms apsaugo nuo rank\u0173 odos i\u0161saus\u0117jimo, \u0161iurk\u0161tumo ir 6erpetojimo. Nat\u016brali\u0173 avi\u017eini\u0173 dribsni\u0173, \u017ealiosios arbatos, \u017een\u0161enio, hamamelio, Baikalo kalpoki\u0173, taip pat taukmed\u017ei\u0173 sviesto ir makadamijos ekstrakt\u0173 kompleksas greitai ir giliai \u012fsiskverbia \u012f rank\u0173 od\u0105, j\u0105 maitindamas ir dr\u0117kindamas. Naujausia pir\u0161tini\u0173 formos kauk\u0117 padarys proced\u016br\u0105 veiksmingiausia ir maloniausia. Naudodami kauk\u0119-pir\u0161tines salonin\u012f parafino terapijos efekt\u0105 [&#8230;]\n","protected":false},"featured_media":96786,"template":"","meta":[],"product_cat":[2181],"product_tag":[],"class_list":{"0":"post-33673","1":"product","2":"type-product","3":"status-publish","4":"has-post-thumbnail","6":"product_brand-skinlite-lt","7":"product_cat-bez-kategorijas-lt","9":"first","10":"outofstock","11":"taxable","12":"shipping-taxable","13":"product-type-simple"},"_links":{"self":[{"href":"https:\/\/e.kosmolat.eu\/lt\/wp-json\/wp\/v2\/product\/33673","targetHints":{"allow":["GET"]}}],"collection":[{"href":"https:\/\/e.kosmolat.eu\/lt\/wp-json\/wp\/v2\/product"}],"about":[{"href":"https:\/\/e.kosmolat.eu\/lt\/wp-json\/wp\/v2\/types\/product"}],"wp:featuredmedia":[{"embeddable":true,"href":"https:\/\/e.kosmolat.eu\/lt\/wp-json\/wp\/v2\/media\/96786"}],"wp:attachment":[{"href":"https:\/\/e.kosmolat.eu\/lt\/wp-json\/wp\/v2\/media?parent=33673"}],"wp:term":[{"taxonomy":"product_cat","embeddable":true,"href":"https:\/\/e.kosmolat.eu\/lt\/wp-json\/wp\/v2\/product_cat?post=33673"},{"taxonomy":"product_tag","embeddable":true,"href":"https:\/\/e.kosmolat.eu\/lt\/wp-json\/wp\/v2\/product_tag?post=33673"}],"curies":[{"name":"wp","href":"https:\/\/api.w.org\/{rel}","templated":true}]}}