{"id":33661,"date":"2023-12-21T18:55:02","date_gmt":"2023-12-21T18:55:02","guid":{"rendered":"https:\/\/e.kosmolat.eu\/product\/skinlite-gela-spilventini-pret-tumsajiem-lokiem-zem-acim-saulespuke-4-gb\/"},"modified":"2025-07-07T11:52:58","modified_gmt":"2025-07-07T11:52:58","slug":"i_skinlite-gela-spilventini-pret-tumsajiem-lokiem-zem-acim-saulespuke-4-gb","status":"publish","type":"product","link":"https:\/\/e.kosmolat.eu\/lt\/produktas\/i_skinlite-gela-spilventini-pret-tumsajiem-lokiem-zem-acim-saulespuke-4-gb\/","title":{"rendered":"I_SKINLITE G\u0117lin\u0117s pagalv\u0117l\u0117s nuo tamsi\u0173 ratil\u0173 Saul\u0117gr\u0105\u017eos, 4 vnt"},"content":{"rendered":"<\/p>\n","protected":false},"excerpt":{"rendered":"","protected":false},"featured_media":2216,"template":"","meta":[],"product_cat":[2181],"product_tag":[],"class_list":{"0":"post-33661","1":"product","2":"type-product","3":"status-publish","4":"has-post-thumbnail","6":"product_brand-skinlite-lt","7":"product_cat-bez-kategorijas-lt","9":"first","10":"outofstock","11":"taxable","12":"shipping-taxable","13":"product-type-simple"},"_links":{"self":[{"href":"https:\/\/e.kosmolat.eu\/lt\/wp-json\/wp\/v2\/product\/33661","targetHints":{"allow":["GET"]}}],"collection":[{"href":"https:\/\/e.kosmolat.eu\/lt\/wp-json\/wp\/v2\/product"}],"about":[{"href":"https:\/\/e.kosmolat.eu\/lt\/wp-json\/wp\/v2\/types\/product"}],"wp:featuredmedia":[{"embeddable":true,"href":"https:\/\/e.kosmolat.eu\/lt\/wp-json\/wp\/v2\/media\/2216"}],"wp:attachment":[{"href":"https:\/\/e.kosmolat.eu\/lt\/wp-json\/wp\/v2\/media?parent=33661"}],"wp:term":[{"taxonomy":"product_cat","embeddable":true,"href":"https:\/\/e.kosmolat.eu\/lt\/wp-json\/wp\/v2\/product_cat?post=33661"},{"taxonomy":"product_tag","embeddable":true,"href":"https:\/\/e.kosmolat.eu\/lt\/wp-json\/wp\/v2\/product_tag?post=33661"}],"curies":[{"name":"wp","href":"https:\/\/api.w.org\/{rel}","templated":true}]}}