{"id":33657,"date":"2023-12-21T18:54:37","date_gmt":"2023-12-21T18:54:37","guid":{"rendered":"https:\/\/e.kosmolat.eu\/product\/skinlite-gela-spilventini-pret-pietukumu-zem-acim-zensen-4-gb\/"},"modified":"2025-08-14T13:03:03","modified_gmt":"2025-08-14T13:03:03","slug":"i_skinlite-gela-spilventini-pret-pietukumu-zem-acim-zensen-4-gb","status":"publish","type":"product","link":"https:\/\/e.kosmolat.eu\/lt\/produktas\/i_skinlite-gela-spilventini-pret-pietukumu-zem-acim-zensen-4-gb\/","title":{"rendered":"I_SKINLITE  G\u0117lin\u0117s pagalv\u0117l\u0117s nuo paburkimo po akimis \u017den\u0161enis, 4 vnt"},"content":{"rendered":"<\/p>\n","protected":false},"excerpt":{"rendered":"","protected":false},"featured_media":28736,"template":"","meta":[],"product_cat":[1369],"product_tag":[],"class_list":{"0":"post-33657","1":"product","2":"type-product","3":"status-publish","4":"has-post-thumbnail","6":"product_brand-skinlite-lt","7":"product_cat-veido-kaukes","9":"first","10":"outofstock","11":"taxable","12":"shipping-taxable","13":"product-type-simple"},"_links":{"self":[{"href":"https:\/\/e.kosmolat.eu\/lt\/wp-json\/wp\/v2\/product\/33657","targetHints":{"allow":["GET"]}}],"collection":[{"href":"https:\/\/e.kosmolat.eu\/lt\/wp-json\/wp\/v2\/product"}],"about":[{"href":"https:\/\/e.kosmolat.eu\/lt\/wp-json\/wp\/v2\/types\/product"}],"wp:featuredmedia":[{"embeddable":true,"href":"https:\/\/e.kosmolat.eu\/lt\/wp-json\/wp\/v2\/media\/28736"}],"wp:attachment":[{"href":"https:\/\/e.kosmolat.eu\/lt\/wp-json\/wp\/v2\/media?parent=33657"}],"wp:term":[{"taxonomy":"product_cat","embeddable":true,"href":"https:\/\/e.kosmolat.eu\/lt\/wp-json\/wp\/v2\/product_cat?post=33657"},{"taxonomy":"product_tag","embeddable":true,"href":"https:\/\/e.kosmolat.eu\/lt\/wp-json\/wp\/v2\/product_tag?post=33657"}],"curies":[{"name":"wp","href":"https:\/\/api.w.org\/{rel}","templated":true}]}}