{"id":33641,"date":"2023-12-21T18:52:45","date_gmt":"2023-12-21T18:52:45","guid":{"rendered":"https:\/\/e.kosmolat.eu\/product\/sunday-velas-kondicionieris-irisa-maigums-1-l\/"},"modified":"2025-09-11T09:17:22","modified_gmt":"2025-09-11T09:17:22","slug":"sunday-velas-kondicionieris-irisa-maigums-1-l","status":"publish","type":"product","link":"https:\/\/e.kosmolat.eu\/lt\/produktas\/sunday-velas-kondicionieris-irisa-maigums-1-l\/","title":{"rendered":"SUNDAY Skalbini\u0173 kondicionierius Iriso \u0161velnumas, 1 l"},"content":{"rendered":"<p>Sukurta tam, kad vis\u0173 r\u016b&scaron;i\u0173 audini\u0173 skalbiniams suteikt\u0173 malon\u0173 aromat\u0105, mink&scaron;tum\u0105, pa&scaron;alint\u0173 statin\u012f kr\u016bv\u012f ir palengvint\u0173 lyginim\u0105.<\/p>\n<p><strong>Sud\u0117tis:<\/strong> ma\u017eiau kaip, 5 % &nbsp;katijonini\u0173 aktyvi\u0173j\u0173 pavir&scaron;inio med\u017eiagos. Kvapai\/ Benzyl Salicylate. Konservantai: Methylchloroisothiazolinone\/ Methylisothiazolinone&nbsp;<\/p>\n<p><strong>Naudojimas:<\/strong> 120 ml (3 dangteliai) 5 kg skalbini\u0173 \u012fpilkite \u012f special\u0173 skalbimo ma&scaron;inos kondicionieriaus skyri\u0173 arba, skalbiant rankomis, 60 ml produkto (1,5 dangtelio) praskieskite 10 litr\u0173 vandens.<\/p>\n<p><strong>Atsargumo priemon\u0117s:<\/strong> PATEKUS \u012e AKIS: Kelias minutes gerai skalauti vandeniu. Jei turite kontaktinius l\u0119&scaron;ius, i&scaron;imkite juos, jei tai galite padaryti lengvai, ir toliau skalaukite. Jei aki\u0173 dirginimas i&scaron;lieka arba atsiranda odos dirginimas, kreipkit\u0117s medicinin\u0117s pagalbos. Po naudojimo kruop&scaron;\u010diai nusiplaukite rankas. Saugoti nuo vaik\u0173.<\/p>\n<p><strong>Laikymo s\u0105lygos:<\/strong> laikyti atskirai nuo maisto produkt\u0173, esant temperat\u016brai nuo +5&deg;C iki +25&deg;C, o santykinei oro dr\u0117gmei ne daugiau kaip 95%, saugoti nuo tiesiogini\u0173 saul\u0117s spinduli\u0173. Produkt\u0105 laikykite tik gamintojo pakuot\u0117je, laikydamiesi vis\u0173 laikymo reikalavim\u0173.<\/p>\n<p><strong>Geriausias:<\/strong> 24 m\u0117nesiai nuo pagaminimo datos.<br \/>\n&nbsp;<\/p>\n","protected":false},"excerpt":{"rendered":"<p>Sukurta tam, kad vis\u0173 r\u016b&scaron;i\u0173 audini\u0173 skalbiniams suteikt\u0173 malon\u0173 aromat\u0105, mink&scaron;tum\u0105, pa&scaron;alint\u0173 statin\u012f kr\u016bv\u012f ir palengvint\u0173 lyginim\u0105. Sud\u0117tis: ma\u017eiau kaip, 5 % &nbsp;katijonini\u0173 aktyvi\u0173j\u0173 pavir&scaron;inio med\u017eiagos. Kvapai\/ Benzyl Salicylate. Konservantai: Methylchloroisothiazolinone\/ Methylisothiazolinone&nbsp; Naudojimas: 120 ml (3 dangteliai) 5 kg skalbini\u0173 \u012fpilkite \u012f special\u0173 skalbimo ma&scaron;inos kondicionieriaus skyri\u0173 arba, skalbiant rankomis, 60 ml produkto (1,5 dangtelio) [&#8230;]\n","protected":false},"featured_media":0,"template":"","meta":[],"product_cat":[1483],"product_tag":[],"class_list":{"0":"post-33641","1":"product","2":"type-product","3":"status-publish","5":"product_brand-sontsa-by-lt","6":"product_cat-plovikliai","8":"first","9":"outofstock","10":"taxable","11":"shipping-taxable","12":"product-type-simple"},"_links":{"self":[{"href":"https:\/\/e.kosmolat.eu\/lt\/wp-json\/wp\/v2\/product\/33641","targetHints":{"allow":["GET"]}}],"collection":[{"href":"https:\/\/e.kosmolat.eu\/lt\/wp-json\/wp\/v2\/product"}],"about":[{"href":"https:\/\/e.kosmolat.eu\/lt\/wp-json\/wp\/v2\/types\/product"}],"wp:attachment":[{"href":"https:\/\/e.kosmolat.eu\/lt\/wp-json\/wp\/v2\/media?parent=33641"}],"wp:term":[{"taxonomy":"product_cat","embeddable":true,"href":"https:\/\/e.kosmolat.eu\/lt\/wp-json\/wp\/v2\/product_cat?post=33641"},{"taxonomy":"product_tag","embeddable":true,"href":"https:\/\/e.kosmolat.eu\/lt\/wp-json\/wp\/v2\/product_tag?post=33641"}],"curies":[{"name":"wp","href":"https:\/\/api.w.org\/{rel}","templated":true}]}}