{"id":33629,"date":"2023-12-21T18:51:26","date_gmt":"2023-12-21T18:51:26","guid":{"rendered":"https:\/\/e.kosmolat.eu\/product\/sunday-velas-pulveris-mazgasanai-ar-rokam-400-g\/"},"modified":"2025-09-11T09:16:55","modified_gmt":"2025-09-11T09:16:55","slug":"sunday-velas-pulveris-mazgasanai-ar-rokam-400-g","status":"publish","type":"product","link":"https:\/\/e.kosmolat.eu\/lt\/produktas\/sunday-velas-pulveris-mazgasanai-ar-rokam-400-g\/","title":{"rendered":"SUNDAY Skalbimo milteliai skalbti rankomis, 400 g"},"content":{"rendered":"<p>Tinka skalbti vis\u0173 audini\u0173 gaminiams, i&scaron;skyrus vilnos ir &scaron;ilko. Tinka skalbti rankomis. Rekomenduojama skalbimo temperat\u016bra parodyta ant drabu\u017ei\u0173 etiket\u0117s.&nbsp;<\/p>\n<p><strong>Naudojimas:<\/strong><\/p>\n<ul>\n<li>Plaunant rankomis (10 litr\u0173 vandens) vidutini&scaron;kai ne&scaron;variems skalbiniams su mink&scaron;tu vandeniu\/vidutinio kietumo vandeniu (&gt;20&deg; dH) \u012fpilkite 115 ml\/75 g, kietam vandeniui (&gt;20&deg; dH) &ndash; 190 ml\/125 g. Labai ne&scaron;variems skalbiniams su mink&scaron;tu vandeniu\/vidutinio kietumo vandeniu \u012fpilkite 190 ml\/110 g, kietam vandeniui &ndash; 245 ml\/160 g.<\/li>\n<li>Skalbiant aktyvatoriaus tipo skalbimo ma&scaron;inoje (20-25 litrai vandens) vidutini&scaron;kai ne&scaron;variems skalbiniams su mink&scaron;tu vandeniu\/vidutinio kietumo vandeniu (&gt;20&deg; dH) \u012fpilkite 150 ml\/100 g, su kietu vandeniu (&gt;20&deg; dH) &ndash; 230 ml\/150 g Labai ne&scaron;variems skalbiniams su mink&scaron;tu vandeniu\/vidutinio kietumo vandeniu \u012fpilkite 230 ml\/150 g, su kietu vandeniu &ndash; 305 ml\/200 g<\/li>\n<\/ul>\n<p><strong>Atsargumo priemon\u0117s:<\/strong> jei priemon\u0117 pateko \u012f akis, nedelsiant praplaukite vandeniu. Jei yra padid\u0117j\u0119s jautrumas ar pa\u017eeista oda, venkite ilgalaikio kontakto su \u012fvairiomis skalbimo priemon\u0117mis. Saugoti nuo vaik\u0173! Laikymo temperat\u016bra ne auk&scaron;tesn\u0117 nei 35&deg;C, dr\u0117gnumo lygis ne didesnis nei 95%, saugoti nuo tiesiogini\u0173 saul\u0117s spinduli\u0173.&nbsp;<\/p>\n<p><strong>Sud\u0117tis:<\/strong> 5 % arba daugiau, bet ma\u017eiau kaip 15 % anijonini\u0173 &nbsp;aktyvi\u0173j\u0173 pavir&scaron;iaus med\u017eiag\u0173, ma\u017eiau kaip 5 % &nbsp;polikarboksilat\u0173, ma\u017eiau kaip 5 % &nbsp;nejonini\u0173 &nbsp;aktyvi\u0173j\u0173 pavir&scaron;iaus med\u017eiag\u0173. Kvapai\/ Limonene.<\/p>\n<p><strong><img decoding=\"async\" alt=\"\" src=\"file:\/\/\/C:\/Users\/masha\/Desktop\/GHS07.png\" style=\"height:40px; width:40px\" \/>GHS07&nbsp;Atsargiai<\/strong><br \/>\nH315 Dirgina od\u0105 &nbsp; &nbsp; &nbsp;<br \/>\nH319 Sukelia smark\u0173 aki\u0173 dirginim\u0105.<\/p>\n<p>P102 Laikyti vaikams neprieinamoje vietoje<br \/>\nP264 Po naudojimo kruop&scaron;\u010diai nuplaukite rankas<br \/>\nP280 M\u016bv\u0117ti apsaugines pir&scaron;tines\/d\u0117v\u0117ti apsauginius drabu\u017eius\/naudoti aki\u0173 (veido) apsaugos priemones.<br \/>\nP305+P351+P338 PATEKUS \u012e AKIS: Kelias minutes atsargiai plauti vandeniu. I&scaron;imti kontaktinius l\u0119&scaron;ius, jeigu jie yra ir jeigu lengvai galima tai padaryti. Toliau plauti akis.<br \/>\nP337+P313 Jei aki\u0173 dirginimas nepraeina: kreiptis \u012f gydytoj\u0105<br \/>\nP302+P352 PATEKUS ANT ODOS: Nuplauti dideliu kiekiu muilo ir vandens<br \/>\nP332+P313 Jeigu sudirginama oda: kreiptis \u012f gydytoj\u0105<br \/>\nP321 Specialus gydymas (\u017er. &scaron;ioje etiket\u0117je).<br \/>\n&nbsp;<\/p>\n","protected":false},"excerpt":{"rendered":"<p>Tinka skalbti vis\u0173 audini\u0173 gaminiams, i&scaron;skyrus vilnos ir &scaron;ilko. Tinka skalbti rankomis. Rekomenduojama skalbimo temperat\u016bra parodyta ant drabu\u017ei\u0173 etiket\u0117s.&nbsp; Naudojimas: Plaunant rankomis (10 litr\u0173 vandens) vidutini&scaron;kai ne&scaron;variems skalbiniams su mink&scaron;tu vandeniu\/vidutinio kietumo vandeniu (&gt;20&deg; dH) \u012fpilkite 115 ml\/75 g, kietam vandeniui (&gt;20&deg; dH) &ndash; 190 ml\/125 g. Labai ne&scaron;variems skalbiniams su mink&scaron;tu vandeniu\/vidutinio kietumo vandeniu [&#8230;]\n","protected":false},"featured_media":0,"template":"","meta":[],"product_cat":[1483],"product_tag":[],"class_list":{"0":"post-33629","1":"product","2":"type-product","3":"status-publish","5":"product_brand-sontsa-by-lt","6":"product_cat-plovikliai","8":"first","9":"outofstock","10":"taxable","11":"shipping-taxable","12":"product-type-simple"},"_links":{"self":[{"href":"https:\/\/e.kosmolat.eu\/lt\/wp-json\/wp\/v2\/product\/33629","targetHints":{"allow":["GET"]}}],"collection":[{"href":"https:\/\/e.kosmolat.eu\/lt\/wp-json\/wp\/v2\/product"}],"about":[{"href":"https:\/\/e.kosmolat.eu\/lt\/wp-json\/wp\/v2\/types\/product"}],"wp:attachment":[{"href":"https:\/\/e.kosmolat.eu\/lt\/wp-json\/wp\/v2\/media?parent=33629"}],"wp:term":[{"taxonomy":"product_cat","embeddable":true,"href":"https:\/\/e.kosmolat.eu\/lt\/wp-json\/wp\/v2\/product_cat?post=33629"},{"taxonomy":"product_tag","embeddable":true,"href":"https:\/\/e.kosmolat.eu\/lt\/wp-json\/wp\/v2\/product_tag?post=33629"}],"curies":[{"name":"wp","href":"https:\/\/api.w.org\/{rel}","templated":true}]}}