{"id":33625,"date":"2023-12-21T18:51:05","date_gmt":"2023-12-21T18:51:05","guid":{"rendered":"https:\/\/e.kosmolat.eu\/product\/ptsalon-matu-laka-loti-stipra-fiksacija-un-mirdzums-265-ml\/"},"modified":"2026-04-01T07:07:01","modified_gmt":"2026-04-01T07:07:01","slug":"ptsalon-matu-laka-loti-stipra-fiksacija-un-mirdzums-265-ml","status":"publish","type":"product","link":"https:\/\/e.kosmolat.eu\/lt\/produktas\/ptsalon-matu-laka-loti-stipra-fiksacija-un-mirdzums-265-ml\/","title":{"rendered":"PROFESSIONAL TOUCH Salon Lakas plaukams Ypa\u010d stiprios fiksacijos, 265 ml"},"content":{"rendered":"<p><strong>Naudojimas:<\/strong> Lengvai ir tolygiai purk&scaron;ti ant plauk\u0173 i&scaron; 30 cm atstumo, vengiant patekimo \u012f akis.<\/p>\n<p><strong>Pavojinga! <\/strong>Ypa\u010d degus aerozolis. Sl\u0117gin\u0117 talpykla. Kaitinama gali sprogti. Laikyti vaikams neprieinamoje vietoje. Laikyti atokiau nuo &scaron;ilumos &scaron;altini\u0173, kar&scaron;t\u0173 pavir&scaron;i\u0173, \u017eie\u017eirb\u0173, atviros liepsnos arba kit\u0173 degimo &scaron;altini\u0173. Ner\u016bkyti. Nepradurti ir nedeginti net panaudoto. Saugoti nuo saul\u0117s &scaron;viesos. Nelaikyti auk&scaron;tesn\u0117je kaip 50 &ordm;C\/122 &ordm;F temperat\u016broje.<\/p>\n","protected":false},"excerpt":{"rendered":"<p>Naudojimas: Lengvai ir tolygiai purk&scaron;ti ant plauk\u0173 i&scaron; 30 cm atstumo, vengiant patekimo \u012f akis. Pavojinga! Ypa\u010d degus aerozolis. Sl\u0117gin\u0117 talpykla. Kaitinama gali sprogti. Laikyti vaikams neprieinamoje vietoje. Laikyti atokiau nuo &scaron;ilumos &scaron;altini\u0173, kar&scaron;t\u0173 pavir&scaron;i\u0173, \u017eie\u017eirb\u0173, atviros liepsnos arba kit\u0173 degimo &scaron;altini\u0173. Ner\u016bkyti. Nepradurti ir nedeginti net panaudoto. Saugoti nuo saul\u0117s &scaron;viesos. Nelaikyti auk&scaron;tesn\u0117je kaip [&#8230;]\n","protected":false},"featured_media":96782,"template":"","meta":[],"product_cat":[1646],"product_tag":[],"class_list":{"0":"post-33625","1":"product","2":"type-product","3":"status-publish","4":"has-post-thumbnail","6":"product_brand-statestrong_gb-lt","7":"product_cat-plauku-lakai","9":"first","10":"outofstock","11":"taxable","12":"shipping-taxable","13":"product-type-simple"},"_links":{"self":[{"href":"https:\/\/e.kosmolat.eu\/lt\/wp-json\/wp\/v2\/product\/33625","targetHints":{"allow":["GET"]}}],"collection":[{"href":"https:\/\/e.kosmolat.eu\/lt\/wp-json\/wp\/v2\/product"}],"about":[{"href":"https:\/\/e.kosmolat.eu\/lt\/wp-json\/wp\/v2\/types\/product"}],"wp:featuredmedia":[{"embeddable":true,"href":"https:\/\/e.kosmolat.eu\/lt\/wp-json\/wp\/v2\/media\/96782"}],"wp:attachment":[{"href":"https:\/\/e.kosmolat.eu\/lt\/wp-json\/wp\/v2\/media?parent=33625"}],"wp:term":[{"taxonomy":"product_cat","embeddable":true,"href":"https:\/\/e.kosmolat.eu\/lt\/wp-json\/wp\/v2\/product_cat?post=33625"},{"taxonomy":"product_tag","embeddable":true,"href":"https:\/\/e.kosmolat.eu\/lt\/wp-json\/wp\/v2\/product_tag?post=33625"}],"curies":[{"name":"wp","href":"https:\/\/api.w.org\/{rel}","templated":true}]}}