{"id":33613,"date":"2023-12-21T18:49:59","date_gmt":"2023-12-21T18:49:59","guid":{"rendered":"https:\/\/e.kosmolat.eu\/product\/sportstar-skusanas-putas-jutigai-adai-viriesiem-200ml\/"},"modified":"2026-04-23T09:00:42","modified_gmt":"2026-04-23T09:00:42","slug":"i_sportstar-skusanas-putas-jutigai-adai-viriesiem-200ml","status":"publish","type":"product","link":"https:\/\/e.kosmolat.eu\/lt\/produktas\/i_sportstar-skusanas-putas-jutigai-adai-viriesiem-200ml\/","title":{"rendered":"I_SPORTSTAR Cooling Skutimosi putos vyrams, 200 ml"},"content":{"rendered":"<p>Jautriai odai. Sud\u0117tyje yra alavij\u0173 ekstrakto ir glicerino, u\u017etikrinan\u010dio patog\u0173 ir kruop&scaron;t\u0173 skutim\u0105si, kartu dr\u0117kinant od\u0105.<\/p>\n<p><strong>Naudojimas:<\/strong> Buteliuk\u0105 gerai sukratykite. I&scaron;spauskite skutimosi krem\u0105 \u012f deln\u0105. &Scaron;velniai tepkite ant dr\u0117gnos odos. Po skutimosi kruop&scaron;\u010diai nuplaukite od\u0105.<\/p>\n<p><strong>Pavojinga:<\/strong> Ypa\u010d degus aerozolis. Sl\u0117gin\u0117 talpykla. Kaitinama gali sprogti. Laikyti vaikams neprieinamoje vietoje. Laikyti atokiau nuo &scaron;ilumos &scaron;altini\u0173, kar&scaron;t\u0173 pavir&scaron;i\u0173, \u017eie\u017eirb\u0173, atviros liepsnos arba kit\u0173 degimo &scaron;altini\u0173. Ner\u016bkyti. Nepradurti ir nedeginti net panaudoto. Saugoti nuo saul\u0117s &scaron;viesos. Nelaikyti auk&scaron;tesn\u0117je kaip 50 &ordm;C\/122 &ordm;F temperat\u016broje.<\/p>\n<p>&nbsp;<\/p>\n","protected":false},"excerpt":{"rendered":"<p>Jautriai odai. Sud\u0117tyje yra alavij\u0173 ekstrakto ir glicerino, u\u017etikrinan\u010dio patog\u0173 ir kruop&scaron;t\u0173 skutim\u0105si, kartu dr\u0117kinant od\u0105. Naudojimas: Buteliuk\u0105 gerai sukratykite. I&scaron;spauskite skutimosi krem\u0105 \u012f deln\u0105. &Scaron;velniai tepkite ant dr\u0117gnos odos. Po skutimosi kruop&scaron;\u010diai nuplaukite od\u0105. Pavojinga: Ypa\u010d degus aerozolis. Sl\u0117gin\u0117 talpykla. Kaitinama gali sprogti. Laikyti vaikams neprieinamoje vietoje. Laikyti atokiau nuo &scaron;ilumos &scaron;altini\u0173, kar&scaron;t\u0173 pavir&scaron;i\u0173, [&#8230;]\n","protected":false},"featured_media":96778,"template":"","meta":[],"product_cat":[1682],"product_tag":[],"class_list":{"0":"post-33613","1":"product","2":"type-product","3":"status-publish","4":"has-post-thumbnail","6":"product_brand-statestrong_gb-lt","7":"product_cat-kosmetika-skutimuisi","9":"first","10":"instock","11":"taxable","12":"shipping-taxable","13":"product-type-simple"},"_links":{"self":[{"href":"https:\/\/e.kosmolat.eu\/lt\/wp-json\/wp\/v2\/product\/33613","targetHints":{"allow":["GET"]}}],"collection":[{"href":"https:\/\/e.kosmolat.eu\/lt\/wp-json\/wp\/v2\/product"}],"about":[{"href":"https:\/\/e.kosmolat.eu\/lt\/wp-json\/wp\/v2\/types\/product"}],"wp:featuredmedia":[{"embeddable":true,"href":"https:\/\/e.kosmolat.eu\/lt\/wp-json\/wp\/v2\/media\/96778"}],"wp:attachment":[{"href":"https:\/\/e.kosmolat.eu\/lt\/wp-json\/wp\/v2\/media?parent=33613"}],"wp:term":[{"taxonomy":"product_cat","embeddable":true,"href":"https:\/\/e.kosmolat.eu\/lt\/wp-json\/wp\/v2\/product_cat?post=33613"},{"taxonomy":"product_tag","embeddable":true,"href":"https:\/\/e.kosmolat.eu\/lt\/wp-json\/wp\/v2\/product_tag?post=33613"}],"curies":[{"name":"wp","href":"https:\/\/api.w.org\/{rel}","templated":true}]}}