{"id":33601,"date":"2023-12-21T18:48:57","date_gmt":"2023-12-21T18:48:57","guid":{"rendered":"https:\/\/e.kosmolat.eu\/product\/sportstar-dezodorants-sprejs-kermenim-ultra-viriesiem-150-ml\/"},"modified":"2025-09-19T06:51:49","modified_gmt":"2025-09-19T06:51:49","slug":"i_sportstar-dezodorants-sprejs-kermenim-ultra-viriesiem-150-ml","status":"publish","type":"product","link":"https:\/\/e.kosmolat.eu\/lt\/produktas\/i_sportstar-dezodorants-sprejs-kermenim-ultra-viriesiem-150-ml\/","title":{"rendered":"I_SPORTSTAR Ultra Dezodorantas-pur\u0161kiklis k\u016bnui (vyrams), 150 ml"},"content":{"rendered":"<p><strong>Naudojimas:<\/strong> purk&scaron;ti ant k\u016bno i&scaron; 15 cm atstumo.<br \/>\nAtsargumo priemon\u0117s: Nepurk&scaron;kite \u012f akis arba ant pa\u017eeistos ar sudirgusios odos.<\/p>\n<p><strong>Pavojinga: <\/strong>ypa\u010d degus aerozolis. Sl\u0117gin\u0117 talpykla. Kaitinama gali sprogti. Laikyti vaikams neprieinamoje vietoje. Laikyti atokiau nuo &scaron;ilumos &scaron;altini\u0173, kar&scaron;t\u0173 pavir&scaron;i\u0173, \u017eie\u017eirb\u0173, atviros liepsnos arba kit\u0173 degimo &scaron;altini\u0173. Ner\u016bkyti. Nepradurti ir nedeginti net panaudoto. Saugoti nuo saul\u0117s &scaron;viesos. Nelaikyti auk&scaron;tesn\u0117je kaip 50 &ordm;C\/122 &ordm;F temperat\u016broje.<\/p>\n","protected":false},"excerpt":{"rendered":"<p>Naudojimas: purk&scaron;ti ant k\u016bno i&scaron; 15 cm atstumo. Atsargumo priemon\u0117s: Nepurk&scaron;kite \u012f akis arba ant pa\u017eeistos ar sudirgusios odos. Pavojinga: ypa\u010d degus aerozolis. Sl\u0117gin\u0117 talpykla. Kaitinama gali sprogti. Laikyti vaikams neprieinamoje vietoje. Laikyti atokiau nuo &scaron;ilumos &scaron;altini\u0173, kar&scaron;t\u0173 pavir&scaron;i\u0173, \u017eie\u017eirb\u0173, atviros liepsnos arba kit\u0173 degimo &scaron;altini\u0173. Ner\u016bkyti. Nepradurti ir nedeginti net panaudoto. Saugoti nuo saul\u0117s [&#8230;]\n","protected":false},"featured_media":78433,"template":"","meta":[],"product_cat":[2181],"product_tag":[],"class_list":{"0":"post-33601","1":"product","2":"type-product","3":"status-publish","4":"has-post-thumbnail","6":"product_brand-statestrong_gb-lt","7":"product_cat-bez-kategorijas-lt","9":"first","10":"outofstock","11":"taxable","12":"shipping-taxable","13":"product-type-simple"},"_links":{"self":[{"href":"https:\/\/e.kosmolat.eu\/lt\/wp-json\/wp\/v2\/product\/33601","targetHints":{"allow":["GET"]}}],"collection":[{"href":"https:\/\/e.kosmolat.eu\/lt\/wp-json\/wp\/v2\/product"}],"about":[{"href":"https:\/\/e.kosmolat.eu\/lt\/wp-json\/wp\/v2\/types\/product"}],"wp:featuredmedia":[{"embeddable":true,"href":"https:\/\/e.kosmolat.eu\/lt\/wp-json\/wp\/v2\/media\/78433"}],"wp:attachment":[{"href":"https:\/\/e.kosmolat.eu\/lt\/wp-json\/wp\/v2\/media?parent=33601"}],"wp:term":[{"taxonomy":"product_cat","embeddable":true,"href":"https:\/\/e.kosmolat.eu\/lt\/wp-json\/wp\/v2\/product_cat?post=33601"},{"taxonomy":"product_tag","embeddable":true,"href":"https:\/\/e.kosmolat.eu\/lt\/wp-json\/wp\/v2\/product_tag?post=33601"}],"curies":[{"name":"wp","href":"https:\/\/api.w.org\/{rel}","templated":true}]}}