{"id":33589,"date":"2023-12-21T18:48:04","date_gmt":"2023-12-21T18:48:04","guid":{"rendered":"https:\/\/e.kosmolat.eu\/product\/i_dorco-shai-mainas-kasetes-skuveklim-sweetie-33-6-gb\/"},"modified":"2026-04-01T04:44:27","modified_gmt":"2026-04-01T04:44:27","slug":"i_dorco-shai-mainas-kasetes-skuveklim-sweetie-33-6-gb","status":"publish","type":"product","link":"https:\/\/e.kosmolat.eu\/lt\/produktas\/i_dorco-shai-mainas-kasetes-skuveklim-sweetie-33-6-gb\/","title":{"rendered":"&#8220;DORCO Shai&#8221; Peiliukai moteri\u0161kam skustuvui (4 vnt.)"},"content":{"rendered":"<p>Dvigubi peiliukai, 6 a\u0161men\u0173. Suteikia patog\u0173 skutim\u0105si.<\/p>\n<p>ATSARGUMO PRIEMON\u0116S: Laikyti sausoje ir vaikams neprieinamojoje vietoje. Valant vengti kontakto su a\u0161menimis.<\/p>\n","protected":false},"excerpt":{"rendered":"<p>Dvigubi peiliukai, 6 a\u0161men\u0173. Suteikia patog\u0173 skutim\u0105si. ATSARGUMO PRIEMON\u0116S: Laikyti sausoje ir vaikams neprieinamojoje vietoje. Valant vengti kontakto su a\u0161menimis.<\/p>\n","protected":false},"featured_media":96766,"template":"","meta":[],"product_cat":[1624],"product_tag":[],"class_list":{"0":"post-33589","1":"product","2":"type-product","3":"status-publish","4":"has-post-thumbnail","6":"product_brand-dorco_pl-lt","7":"product_cat-depiliacijos-priemones","9":"first","10":"instock","11":"taxable","12":"shipping-taxable","13":"product-type-simple"},"_links":{"self":[{"href":"https:\/\/e.kosmolat.eu\/lt\/wp-json\/wp\/v2\/product\/33589","targetHints":{"allow":["GET"]}}],"collection":[{"href":"https:\/\/e.kosmolat.eu\/lt\/wp-json\/wp\/v2\/product"}],"about":[{"href":"https:\/\/e.kosmolat.eu\/lt\/wp-json\/wp\/v2\/types\/product"}],"wp:featuredmedia":[{"embeddable":true,"href":"https:\/\/e.kosmolat.eu\/lt\/wp-json\/wp\/v2\/media\/96766"}],"wp:attachment":[{"href":"https:\/\/e.kosmolat.eu\/lt\/wp-json\/wp\/v2\/media?parent=33589"}],"wp:term":[{"taxonomy":"product_cat","embeddable":true,"href":"https:\/\/e.kosmolat.eu\/lt\/wp-json\/wp\/v2\/product_cat?post=33589"},{"taxonomy":"product_tag","embeddable":true,"href":"https:\/\/e.kosmolat.eu\/lt\/wp-json\/wp\/v2\/product_tag?post=33589"}],"curies":[{"name":"wp","href":"https:\/\/api.w.org\/{rel}","templated":true}]}}